{"id":9348,"date":"2025-08-10T19:19:22","date_gmt":"2025-08-10T19:19:22","guid":{"rendered":"https:\/\/internationalhairfair.com\/?post_type=product&#038;p=9348"},"modified":"2025-08-10T19:19:22","modified_gmt":"2025-08-10T19:19:22","slug":"shangrao-xinzhou-shenyu-wig-factory","status":"publish","type":"product","link":"https:\/\/internationalhairfair.com\/pt\/produto\/shangrao-xinzhou-shenyu-wig-factory\/","title":{"rendered":"F\u00e1brica de perucas Shangrao Xinzhou Shenyu"},"content":{"rendered":"<p>Introdu\u00e7\u00e3o \u00e0 f\u00e1brica de perucas Shenyu no distrito de Xinzhou, Shangrao<\/p>\n<p>A Shenyu Wig Factory, no distrito de Xinzhou, cidade de Shangrao, prov\u00edncia de Jiangxi, \u00e9 uma moderna empresa de manufatura especializada em design, pesquisa e desenvolvimento, produ\u00e7\u00e3o e vendas de perucas de alta qualidade. Estamos comprometidos em fornecer aos nossos clientes globais solu\u00e7\u00f5es em perucas naturais, realistas, confort\u00e1veis, dur\u00e1veis e diversificadas.<\/p>\n<p>Principais vantagens:<\/p>\n<p>1. Artesanato requintado e excelente qualidade: A f\u00e1brica conta com equipamentos de produ\u00e7\u00e3o avan\u00e7ados e uma equipe t\u00e9cnica experiente, que controla rigorosamente todos os processos, desde a triagem da mat\u00e9ria-prima at\u00e9 a entrega do produto final. Selecionamos criteriosamente fibras sint\u00e9ticas de alta qualidade e alto desempenho e utilizamos processos exclusivos de fabrica\u00e7\u00e3o manual e mec\u00e2nica para garantir que nossos produtos tenham pelos macios, toque realista, conforto e respirabilidade, al\u00e9m de durabilidade.<\/p>\n<p>2. Rica em categorias, liderando tend\u00eancias: A linha de produtos abrange extens\u00f5es de cabelo femininas, rabos de cavalo com presilhas, rabos de cavalo presos, franjas e acess\u00f3rios para perucas infantis, al\u00e9m de diversas \u00e1reas. Acompanhamos as tend\u00eancias da moda internacional e lan\u00e7amos continuamente diversos penteados, cores e produtos de qualidade para cabelos que atendem \u00e0s necessidades de diferentes tons de pele e idades, atendendo \u00e0s diversas necessidades dos consumidores para uso di\u00e1rio, estilo moderno, ocasi\u00f5es especiais e muito mais.<\/p>\n<p>3. Personaliza\u00e7\u00e3o flex\u00edvel e servi\u00e7o completo: Ao fornecer produtos padronizados, entendemos a import\u00e2ncia das necessidades personalizadas. A F\u00e1brica de Perucas Shenyu possui ampla capacidade de produ\u00e7\u00e3o e personaliza\u00e7\u00e3o, podendo fornecer personaliza\u00e7\u00e3o exclusiva de acordo com as necessidades espec\u00edficas do cliente (como tamanho, penteado, cor, etc.), buscando garantir que cada usu\u00e1rio obtenha o efeito mais satisfat\u00f3rio.<\/p>\n<p>4. Localiza\u00e7\u00e3o conveniente e resposta eficiente: Localizada no distrito de Xinzhou, cidade de Shangrao, prov\u00edncia de Jiangxi, contamos com uma rede conveniente de transporte e log\u00edstica, garantindo resposta r\u00e1pida, produ\u00e7\u00e3o eficiente e entrega pontual de pedidos nacionais e internacionais. Um s\u00f3lido sistema de gest\u00e3o da qualidade e um sistema de atendimento ao cliente s\u00e3o garantias s\u00f3lidas para conquistarmos a confian\u00e7a do mercado.<\/p>\n<p>Posicionamento de mercado:<\/p>\n<p>Os produtos da Shenyu Wig Factory s\u00e3o vendidos tanto no mercado nacional quanto internacional, atendendo a uma ampla gama de consumidores individuais, plataformas de e-commerce e varejistas atacadistas. Sempre priorizamos o cliente, a sobreviv\u00eancia por meio da qualidade e o desenvolvimento por meio da inova\u00e7\u00e3o, buscando nos tornar seu parceiro de confian\u00e7a em perucas.<\/p>\n<p>A F\u00e1brica de Perucas Shenyu, no distrito de Xinzhou, Shangrao, une beleza com cuidado e conquista confian\u00e7a com qualidade. Estamos ansiosos para trabalhar com voc\u00ea para criar uma experi\u00eancia de imagem mais confiante e bonita!<\/p>","protected":false},"excerpt":{"rendered":"<p>Introduction to Shenyu Wig Factory in Xinzhou District, Shangrao Shenyu Wig Factory in Xinzhou District, Shangrao City, Jiangxi Province, is a modern manufacturing enterprise specializing in the design, research and development, production, and sales of high-quality wig products. We are [&hellip;]<\/p>\n","protected":false},"featured_media":0,"comment_status":"open","ping_status":"closed","template":"","meta":{"_price":"","_stock":"","_tribe_ticket_header":"","_tribe_default_ticket_provider":"","_tribe_ticket_capacity":"0","_ticket_start_date":"","_ticket_end_date":"","_tribe_ticket_show_description":"","_tribe_ticket_show_not_going":false,"_tribe_ticket_use_global_stock":"","_tribe_ticket_global_stock_level":"","_global_stock_mode":"","_global_stock_cap":"","_tribe_rsvp_for_event":"","_tribe_ticket_going_count":"","_tribe_ticket_not_going_count":"","_tribe_tickets_list":"[]","_tribe_ticket_has_attendee_info_fields":false,"_bos_mb_destination":[],"_tec_slr_enabled":"","_tec_slr_layout":""},"product_brand":[],"product_cat":[67,142],"product_tag":[],"country":[51],"class_list":{"0":"post-9348","1":"product","2":"type-product","3":"status-publish","5":"product_cat-hair-accessories","6":"product_cat-hair-clips","7":"country-china","9":"first","10":"instock","11":"shipping-taxable","12":"product-type-simple"},"yoast_head":"<!-- This site is optimized with the Yoast SEO plugin v27.4 - https:\/\/yoast.com\/product\/yoast-seo-wordpress\/ -->\n<title>Shangrao Xinzhou Shenyu Wig Factory - OFFICIAL China Hair Expo 2026<\/title>\n<meta name=\"robots\" content=\"index, follow, max-snippet:-1, max-image-preview:large, max-video-preview:-1\" \/>\n<link rel=\"canonical\" href=\"https:\/\/internationalhairfair.com\/pt\/produto\/shangrao-xinzhou-shenyu-wig-factory\/\" \/>\n<meta property=\"og:locale\" content=\"pt_BR\" \/>\n<meta property=\"og:type\" content=\"article\" \/>\n<meta property=\"og:title\" content=\"Shangrao Xinzhou Shenyu Wig Factory - OFFICIAL China Hair Expo 2026\" \/>\n<meta property=\"og:description\" content=\"Introduction to Shenyu Wig Factory in Xinzhou District, Shangrao Shenyu Wig Factory in Xinzhou District, Shangrao City, Jiangxi Province, is a modern manufacturing enterprise specializing in the design, research and development, production, and sales of high-quality wig products. We are [&hellip;]\" \/>\n<meta property=\"og:url\" content=\"https:\/\/internationalhairfair.com\/pt\/produto\/shangrao-xinzhou-shenyu-wig-factory\/\" \/>\n<meta property=\"og:site_name\" content=\"OFFICIAL China Hair Expo 2026\" \/>\n<meta property=\"article:publisher\" content=\"https:\/\/www.facebook.com\/internationalhairfair\" \/>\n<meta property=\"og:image\" content=\"https:\/\/internationalhairfair.com\/wp-content\/uploads\/2023\/03\/21232017_387032875046876_5991574462003670018_n2-1.jpg\" \/>\n\t<meta property=\"og:image:width\" content=\"960\" \/>\n\t<meta property=\"og:image:height\" content=\"640\" \/>\n\t<meta property=\"og:image:type\" content=\"image\/jpeg\" \/>\n<meta name=\"twitter:card\" content=\"summary_large_image\" \/>\n<script type=\"application\/ld+json\" class=\"yoast-schema-graph\">{\"@context\":\"https:\\\/\\\/schema.org\",\"@graph\":[{\"@type\":\"WebPage\",\"@id\":\"https:\\\/\\\/internationalhairfair.com\\\/product\\\/shangrao-xinzhou-shenyu-wig-factory\\\/\",\"url\":\"https:\\\/\\\/internationalhairfair.com\\\/product\\\/shangrao-xinzhou-shenyu-wig-factory\\\/\",\"name\":\"Shangrao Xinzhou Shenyu Wig Factory - OFFICIAL China Hair Expo 2026\",\"isPartOf\":{\"@id\":\"https:\\\/\\\/internationalhairfair.com\\\/#website\"},\"datePublished\":\"2025-08-10T19:19:22+00:00\",\"breadcrumb\":{\"@id\":\"https:\\\/\\\/internationalhairfair.com\\\/product\\\/shangrao-xinzhou-shenyu-wig-factory\\\/#breadcrumb\"},\"inLanguage\":\"pt-BR\",\"potentialAction\":[{\"@type\":\"ReadAction\",\"target\":[\"https:\\\/\\\/internationalhairfair.com\\\/product\\\/shangrao-xinzhou-shenyu-wig-factory\\\/\"]}]},{\"@type\":\"BreadcrumbList\",\"@id\":\"https:\\\/\\\/internationalhairfair.com\\\/product\\\/shangrao-xinzhou-shenyu-wig-factory\\\/#breadcrumb\",\"itemListElement\":[{\"@type\":\"ListItem\",\"position\":1,\"name\":\"Home\",\"item\":\"https:\\\/\\\/internationalhairfair.com\\\/\"},{\"@type\":\"ListItem\",\"position\":2,\"name\":\"Products\",\"item\":\"https:\\\/\\\/internationalhairfair.com\\\/shop\\\/\"},{\"@type\":\"ListItem\",\"position\":3,\"name\":\"Shangrao Xinzhou Shenyu Wig Factory\"}]},{\"@type\":\"WebSite\",\"@id\":\"https:\\\/\\\/internationalhairfair.com\\\/#website\",\"url\":\"https:\\\/\\\/internationalhairfair.com\\\/\",\"name\":\"OFFICIAL website China International Hair Fair 2025\",\"description\":\"The biggest hair fair in the world!\",\"publisher\":{\"@id\":\"https:\\\/\\\/internationalhairfair.com\\\/#organization\"},\"potentialAction\":[{\"@type\":\"SearchAction\",\"target\":{\"@type\":\"EntryPoint\",\"urlTemplate\":\"https:\\\/\\\/internationalhairfair.com\\\/?s={search_term_string}\"},\"query-input\":{\"@type\":\"PropertyValueSpecification\",\"valueRequired\":true,\"valueName\":\"search_term_string\"}}],\"inLanguage\":\"pt-BR\"},{\"@type\":\"Organization\",\"@id\":\"https:\\\/\\\/internationalhairfair.com\\\/#organization\",\"name\":\"OFFICIAL website China International Hair Fair 2025\",\"url\":\"https:\\\/\\\/internationalhairfair.com\\\/\",\"logo\":{\"@type\":\"ImageObject\",\"inLanguage\":\"pt-BR\",\"@id\":\"https:\\\/\\\/internationalhairfair.com\\\/#\\\/schema\\\/logo\\\/image\\\/\",\"url\":\"https:\\\/\\\/internationalhairfair.com\\\/wp-content\\\/uploads\\\/2023\\\/03\\\/ms-icon-70x70-2.png\",\"contentUrl\":\"https:\\\/\\\/internationalhairfair.com\\\/wp-content\\\/uploads\\\/2023\\\/03\\\/ms-icon-70x70-2.png\",\"width\":70,\"height\":70,\"caption\":\"OFFICIAL website China International Hair Fair 2025\"},\"image\":{\"@id\":\"https:\\\/\\\/internationalhairfair.com\\\/#\\\/schema\\\/logo\\\/image\\\/\"},\"sameAs\":[\"https:\\\/\\\/www.facebook.com\\\/internationalhairfair\",\"https:\\\/\\\/instagram.com\\\/chinainternationalhairfair\",\"https:\\\/\\\/ca.linkedin.com\\\/company\\\/international-hair-fair\"]}]}<\/script>\n<!-- \/ Yoast SEO plugin. -->","yoast_head_json":{"title":"F\u00e1brica de perucas Shangrao Xinzhou Shenyu - OFICIAL China Hair Expo 2026","robots":{"index":"index","follow":"follow","max-snippet":"max-snippet:-1","max-image-preview":"max-image-preview:large","max-video-preview":"max-video-preview:-1"},"canonical":"https:\/\/internationalhairfair.com\/pt\/produto\/shangrao-xinzhou-shenyu-wig-factory\/","og_locale":"pt_BR","og_type":"article","og_title":"Shangrao Xinzhou Shenyu Wig Factory - OFFICIAL China Hair Expo 2026","og_description":"Introduction to Shenyu Wig Factory in Xinzhou District, Shangrao Shenyu Wig Factory in Xinzhou District, Shangrao City, Jiangxi Province, is a modern manufacturing enterprise specializing in the design, research and development, production, and sales of high-quality wig products. We are [&hellip;]","og_url":"https:\/\/internationalhairfair.com\/pt\/produto\/shangrao-xinzhou-shenyu-wig-factory\/","og_site_name":"OFFICIAL China Hair Expo 2026","article_publisher":"https:\/\/www.facebook.com\/internationalhairfair","og_image":[{"width":960,"height":640,"url":"https:\/\/internationalhairfair.com\/wp-content\/uploads\/2023\/03\/21232017_387032875046876_5991574462003670018_n2-1.jpg","type":"image\/jpeg"}],"twitter_card":"summary_large_image","schema":{"@context":"https:\/\/schema.org","@graph":[{"@type":"WebPage","@id":"https:\/\/internationalhairfair.com\/product\/shangrao-xinzhou-shenyu-wig-factory\/","url":"https:\/\/internationalhairfair.com\/product\/shangrao-xinzhou-shenyu-wig-factory\/","name":"F\u00e1brica de perucas Shangrao Xinzhou Shenyu - OFICIAL China Hair Expo 2026","isPartOf":{"@id":"https:\/\/internationalhairfair.com\/#website"},"datePublished":"2025-08-10T19:19:22+00:00","breadcrumb":{"@id":"https:\/\/internationalhairfair.com\/product\/shangrao-xinzhou-shenyu-wig-factory\/#breadcrumb"},"inLanguage":"pt-BR","potentialAction":[{"@type":"ReadAction","target":["https:\/\/internationalhairfair.com\/product\/shangrao-xinzhou-shenyu-wig-factory\/"]}]},{"@type":"BreadcrumbList","@id":"https:\/\/internationalhairfair.com\/product\/shangrao-xinzhou-shenyu-wig-factory\/#breadcrumb","itemListElement":[{"@type":"ListItem","position":1,"name":"Home","item":"https:\/\/internationalhairfair.com\/"},{"@type":"ListItem","position":2,"name":"Products","item":"https:\/\/internationalhairfair.com\/shop\/"},{"@type":"ListItem","position":3,"name":"Shangrao Xinzhou Shenyu Wig Factory"}]},{"@type":"WebSite","@id":"https:\/\/internationalhairfair.com\/#website","url":"https:\/\/internationalhairfair.com\/","name":"Site OFICIAL da Feira Internacional do Cabelo da China 2025","description":"A maior feira de cabelos do mundo!","publisher":{"@id":"https:\/\/internationalhairfair.com\/#organization"},"potentialAction":[{"@type":"SearchAction","target":{"@type":"EntryPoint","urlTemplate":"https:\/\/internationalhairfair.com\/?s={search_term_string}"},"query-input":{"@type":"PropertyValueSpecification","valueRequired":true,"valueName":"search_term_string"}}],"inLanguage":"pt-BR"},{"@type":"Organization","@id":"https:\/\/internationalhairfair.com\/#organization","name":"Site OFICIAL da Feira Internacional do Cabelo da China 2025","url":"https:\/\/internationalhairfair.com\/","logo":{"@type":"ImageObject","inLanguage":"pt-BR","@id":"https:\/\/internationalhairfair.com\/#\/schema\/logo\/image\/","url":"https:\/\/internationalhairfair.com\/wp-content\/uploads\/2023\/03\/ms-icon-70x70-2.png","contentUrl":"https:\/\/internationalhairfair.com\/wp-content\/uploads\/2023\/03\/ms-icon-70x70-2.png","width":70,"height":70,"caption":"OFFICIAL website China International Hair Fair 2025"},"image":{"@id":"https:\/\/internationalhairfair.com\/#\/schema\/logo\/image\/"},"sameAs":["https:\/\/www.facebook.com\/internationalhairfair","https:\/\/instagram.com\/chinainternationalhairfair","https:\/\/ca.linkedin.com\/company\/international-hair-fair"]}]}},"_links":{"self":[{"href":"https:\/\/internationalhairfair.com\/pt\/wp-json\/wp\/v2\/product\/9348","targetHints":{"allow":["GET"]}}],"collection":[{"href":"https:\/\/internationalhairfair.com\/pt\/wp-json\/wp\/v2\/product"}],"about":[{"href":"https:\/\/internationalhairfair.com\/pt\/wp-json\/wp\/v2\/types\/product"}],"replies":[{"embeddable":true,"href":"https:\/\/internationalhairfair.com\/pt\/wp-json\/wp\/v2\/comments?post=9348"}],"wp:attachment":[{"href":"https:\/\/internationalhairfair.com\/pt\/wp-json\/wp\/v2\/media?parent=9348"}],"wp:term":[{"taxonomy":"product_brand","embeddable":true,"href":"https:\/\/internationalhairfair.com\/pt\/wp-json\/wp\/v2\/product_brand?post=9348"},{"taxonomy":"product_cat","embeddable":true,"href":"https:\/\/internationalhairfair.com\/pt\/wp-json\/wp\/v2\/product_cat?post=9348"},{"taxonomy":"product_tag","embeddable":true,"href":"https:\/\/internationalhairfair.com\/pt\/wp-json\/wp\/v2\/product_tag?post=9348"},{"taxonomy":"country","embeddable":true,"href":"https:\/\/internationalhairfair.com\/pt\/wp-json\/wp\/v2\/country?post=9348"}],"curies":[{"name":"wp","href":"https:\/\/api.w.org\/{rel}","templated":true}]}}