{"id":9254,"date":"2025-08-09T14:53:48","date_gmt":"2025-08-09T14:53:48","guid":{"rendered":"https:\/\/internationalhairfair.com\/?post_type=product&#038;p=9254"},"modified":"2025-08-09T14:53:48","modified_gmt":"2025-08-09T14:53:48","slug":"henan-wojinruimei-art-co-ltd","status":"publish","type":"product","link":"https:\/\/internationalhairfair.com\/pt\/produto\/henan-wojinruimei-art-co-ltd\/","title":{"rendered":"Arte Co. de Henan Wojinruimei, Ltd."},"content":{"rendered":"<p>A Henan Wojin Ruimei Crafts Co., Ltd., fundada em 2012, \u00e9 uma fabricante e exportadora especializada em design, desenvolvimento e produ\u00e7\u00e3o de extens\u00f5es de cabelo com fita adesiva e produtos para cabelos presos \u00e0 m\u00e3o. Localizada na cidade de Luohe, adjacente a Xuchang \u2014 o maior centro de perucas da China \u2014, a empresa se beneficia de f\u00e1cil acesso a mat\u00e9rias-primas e m\u00e3o de obra qualificada. Cada pe\u00e7a de nosso cabelo com fita adesiva \u00e9 trabalhada como uma obra de arte, em conformidade com os padr\u00f5es do sistema de qualidade europeu, desfrutando assim de uma reputa\u00e7\u00e3o de prest\u00edgio mundial.<br \/>\nCapacidades de produ\u00e7\u00e3o<br \/>\nCom 80 funcion\u00e1rios e 160 fornos de fabrica\u00e7\u00e3o de fitas para cabelo padronizados internacionalmente, nossa produ\u00e7\u00e3o di\u00e1ria chega a 20.000 pe\u00e7as. Equipamentos avan\u00e7ados, artes\u00e3os qualificados, excelente equipe de P&amp;D e um rigoroso gerenciamento de qualidade garantem a satisfa\u00e7\u00e3o do cliente da 100% em todas as etapas da produ\u00e7\u00e3o, consolidando-nos como l\u00edderes no setor de fitas para cabelo.<br \/>\nVantagem de Mercado e Inova\u00e7\u00e3o<br \/>\nNossa diversificada linha de produtos, equipe profissional de P&amp;D e filosofia de vendas abrangente conquistaram alto reconhecimento e participa\u00e7\u00e3o de mercado no mercado nacional e internacional. Para regi\u00f5es com condi\u00e7\u00f5es clim\u00e1ticas especiais, como a Austr\u00e1lia, nossa equipe de P&amp;D aprimorou o desempenho das fitas para proporcionar experi\u00eancias mais confort\u00e1veis. Seguindo o princ\u00edpio &quot;Qualidade em Primeiro Lugar, Reputa\u00e7\u00e3o em Primeiro Lugar, Cliente em Primeiro Lugar&quot;, continuamos comprometidos em fornecer produtos e servi\u00e7os de excel\u00eancia.<br \/>\nProspec\u00e7\u00e3o e convite da ind\u00fastria<br \/>\nO cabelo com fita adesiva, o produto de extens\u00e3o capilar mais avan\u00e7ado do mundo, conta com um amplo mercado (\u524d\u666f, em potencial). Nossa f\u00e1brica est\u00e1 agendando pedidos. Damos boas-vindas a atacadistas e distribuidores de todo o mundo para visitas, orienta\u00e7\u00e3o e negocia\u00e7\u00e3o de coopera\u00e7\u00e3o comercial.<\/p>","protected":false},"excerpt":{"rendered":"<p>Henan Wojin Ruimei Crafts Co., Ltd., founded in 2012, is a manufacturer and exporter specializing in the design, development, and production of tape-in hair extensions and hand-tied hair products. Located in Luohe City, adjacent to Xuchang\u2014China&#8217;s largest wig base\u2014the company [&hellip;]<\/p>\n","protected":false},"featured_media":0,"comment_status":"open","ping_status":"closed","template":"","meta":{"_price":"","_stock":"","_tribe_ticket_header":"","_tribe_default_ticket_provider":"","_tribe_ticket_capacity":"0","_ticket_start_date":"","_ticket_end_date":"","_tribe_ticket_show_description":"","_tribe_ticket_show_not_going":false,"_tribe_ticket_use_global_stock":"","_tribe_ticket_global_stock_level":"","_global_stock_mode":"","_global_stock_cap":"","_tribe_rsvp_for_event":"","_tribe_ticket_going_count":"","_tribe_ticket_not_going_count":"","_tribe_tickets_list":"[]","_tribe_ticket_has_attendee_info_fields":false,"_bos_mb_destination":[],"_tec_slr_enabled":"","_tec_slr_layout":""},"product_brand":[],"product_cat":[66],"product_tag":[],"country":[51],"class_list":{"0":"post-9254","1":"product","2":"type-product","3":"status-publish","5":"product_cat-hair-extensions","6":"country-china","8":"first","9":"instock","10":"shipping-taxable","11":"product-type-simple"},"yoast_head":"<!-- This site is optimized with the Yoast SEO plugin v27.4 - https:\/\/yoast.com\/product\/yoast-seo-wordpress\/ -->\n<title>Henan Wojinruimei Art Co., Ltd. - OFFICIAL China Hair Expo 2026<\/title>\n<meta name=\"robots\" content=\"index, follow, max-snippet:-1, max-image-preview:large, max-video-preview:-1\" \/>\n<link rel=\"canonical\" href=\"https:\/\/internationalhairfair.com\/pt\/produto\/henan-wojinruimei-art-co-ltd\/\" \/>\n<meta property=\"og:locale\" content=\"pt_BR\" \/>\n<meta property=\"og:type\" content=\"article\" \/>\n<meta property=\"og:title\" content=\"Henan Wojinruimei Art Co., Ltd. - OFFICIAL China Hair Expo 2026\" \/>\n<meta property=\"og:description\" content=\"Henan Wojin Ruimei Crafts Co., Ltd., founded in 2012, is a manufacturer and exporter specializing in the design, development, and production of tape-in hair extensions and hand-tied hair products. Located in Luohe City, adjacent to Xuchang\u2014China&#8217;s largest wig base\u2014the company [&hellip;]\" \/>\n<meta property=\"og:url\" content=\"https:\/\/internationalhairfair.com\/pt\/produto\/henan-wojinruimei-art-co-ltd\/\" \/>\n<meta property=\"og:site_name\" content=\"OFFICIAL China Hair Expo 2026\" \/>\n<meta property=\"article:publisher\" content=\"https:\/\/www.facebook.com\/internationalhairfair\" \/>\n<meta property=\"og:image\" content=\"https:\/\/internationalhairfair.com\/wp-content\/uploads\/2023\/03\/21232017_387032875046876_5991574462003670018_n2-1.jpg\" \/>\n\t<meta property=\"og:image:width\" content=\"960\" \/>\n\t<meta property=\"og:image:height\" content=\"640\" \/>\n\t<meta property=\"og:image:type\" content=\"image\/jpeg\" \/>\n<meta name=\"twitter:card\" content=\"summary_large_image\" \/>\n<script type=\"application\/ld+json\" class=\"yoast-schema-graph\">{\"@context\":\"https:\\\/\\\/schema.org\",\"@graph\":[{\"@type\":\"WebPage\",\"@id\":\"https:\\\/\\\/internationalhairfair.com\\\/product\\\/henan-wojinruimei-art-co-ltd\\\/\",\"url\":\"https:\\\/\\\/internationalhairfair.com\\\/product\\\/henan-wojinruimei-art-co-ltd\\\/\",\"name\":\"Henan Wojinruimei Art Co., Ltd. - OFFICIAL China Hair Expo 2026\",\"isPartOf\":{\"@id\":\"https:\\\/\\\/internationalhairfair.com\\\/#website\"},\"datePublished\":\"2025-08-09T14:53:48+00:00\",\"breadcrumb\":{\"@id\":\"https:\\\/\\\/internationalhairfair.com\\\/product\\\/henan-wojinruimei-art-co-ltd\\\/#breadcrumb\"},\"inLanguage\":\"pt-BR\",\"potentialAction\":[{\"@type\":\"ReadAction\",\"target\":[\"https:\\\/\\\/internationalhairfair.com\\\/product\\\/henan-wojinruimei-art-co-ltd\\\/\"]}]},{\"@type\":\"BreadcrumbList\",\"@id\":\"https:\\\/\\\/internationalhairfair.com\\\/product\\\/henan-wojinruimei-art-co-ltd\\\/#breadcrumb\",\"itemListElement\":[{\"@type\":\"ListItem\",\"position\":1,\"name\":\"Home\",\"item\":\"https:\\\/\\\/internationalhairfair.com\\\/\"},{\"@type\":\"ListItem\",\"position\":2,\"name\":\"Products\",\"item\":\"https:\\\/\\\/internationalhairfair.com\\\/shop\\\/\"},{\"@type\":\"ListItem\",\"position\":3,\"name\":\"Henan Wojinruimei Art Co., Ltd.\"}]},{\"@type\":\"WebSite\",\"@id\":\"https:\\\/\\\/internationalhairfair.com\\\/#website\",\"url\":\"https:\\\/\\\/internationalhairfair.com\\\/\",\"name\":\"OFFICIAL website China International Hair Fair 2025\",\"description\":\"The biggest hair fair in the world!\",\"publisher\":{\"@id\":\"https:\\\/\\\/internationalhairfair.com\\\/#organization\"},\"potentialAction\":[{\"@type\":\"SearchAction\",\"target\":{\"@type\":\"EntryPoint\",\"urlTemplate\":\"https:\\\/\\\/internationalhairfair.com\\\/?s={search_term_string}\"},\"query-input\":{\"@type\":\"PropertyValueSpecification\",\"valueRequired\":true,\"valueName\":\"search_term_string\"}}],\"inLanguage\":\"pt-BR\"},{\"@type\":\"Organization\",\"@id\":\"https:\\\/\\\/internationalhairfair.com\\\/#organization\",\"name\":\"OFFICIAL website China International Hair Fair 2025\",\"url\":\"https:\\\/\\\/internationalhairfair.com\\\/\",\"logo\":{\"@type\":\"ImageObject\",\"inLanguage\":\"pt-BR\",\"@id\":\"https:\\\/\\\/internationalhairfair.com\\\/#\\\/schema\\\/logo\\\/image\\\/\",\"url\":\"https:\\\/\\\/internationalhairfair.com\\\/wp-content\\\/uploads\\\/2023\\\/03\\\/ms-icon-70x70-2.png\",\"contentUrl\":\"https:\\\/\\\/internationalhairfair.com\\\/wp-content\\\/uploads\\\/2023\\\/03\\\/ms-icon-70x70-2.png\",\"width\":70,\"height\":70,\"caption\":\"OFFICIAL website China International Hair Fair 2025\"},\"image\":{\"@id\":\"https:\\\/\\\/internationalhairfair.com\\\/#\\\/schema\\\/logo\\\/image\\\/\"},\"sameAs\":[\"https:\\\/\\\/www.facebook.com\\\/internationalhairfair\",\"https:\\\/\\\/instagram.com\\\/chinainternationalhairfair\",\"https:\\\/\\\/ca.linkedin.com\\\/company\\\/international-hair-fair\"]}]}<\/script>\n<!-- \/ Yoast SEO plugin. -->","yoast_head_json":{"title":"Henan Wojinruimei Art Co., Ltd. - OFFICIAL China Hair Expo 2026","robots":{"index":"index","follow":"follow","max-snippet":"max-snippet:-1","max-image-preview":"max-image-preview:large","max-video-preview":"max-video-preview:-1"},"canonical":"https:\/\/internationalhairfair.com\/pt\/produto\/henan-wojinruimei-art-co-ltd\/","og_locale":"pt_BR","og_type":"article","og_title":"Henan Wojinruimei Art Co., Ltd. - OFFICIAL China Hair Expo 2026","og_description":"Henan Wojin Ruimei Crafts Co., Ltd., founded in 2012, is a manufacturer and exporter specializing in the design, development, and production of tape-in hair extensions and hand-tied hair products. Located in Luohe City, adjacent to Xuchang\u2014China&#8217;s largest wig base\u2014the company [&hellip;]","og_url":"https:\/\/internationalhairfair.com\/pt\/produto\/henan-wojinruimei-art-co-ltd\/","og_site_name":"OFFICIAL China Hair Expo 2026","article_publisher":"https:\/\/www.facebook.com\/internationalhairfair","og_image":[{"width":960,"height":640,"url":"https:\/\/internationalhairfair.com\/wp-content\/uploads\/2023\/03\/21232017_387032875046876_5991574462003670018_n2-1.jpg","type":"image\/jpeg"}],"twitter_card":"summary_large_image","schema":{"@context":"https:\/\/schema.org","@graph":[{"@type":"WebPage","@id":"https:\/\/internationalhairfair.com\/product\/henan-wojinruimei-art-co-ltd\/","url":"https:\/\/internationalhairfair.com\/product\/henan-wojinruimei-art-co-ltd\/","name":"Henan Wojinruimei Art Co., Ltd. - OFFICIAL China Hair Expo 2026","isPartOf":{"@id":"https:\/\/internationalhairfair.com\/#website"},"datePublished":"2025-08-09T14:53:48+00:00","breadcrumb":{"@id":"https:\/\/internationalhairfair.com\/product\/henan-wojinruimei-art-co-ltd\/#breadcrumb"},"inLanguage":"pt-BR","potentialAction":[{"@type":"ReadAction","target":["https:\/\/internationalhairfair.com\/product\/henan-wojinruimei-art-co-ltd\/"]}]},{"@type":"BreadcrumbList","@id":"https:\/\/internationalhairfair.com\/product\/henan-wojinruimei-art-co-ltd\/#breadcrumb","itemListElement":[{"@type":"ListItem","position":1,"name":"Home","item":"https:\/\/internationalhairfair.com\/"},{"@type":"ListItem","position":2,"name":"Products","item":"https:\/\/internationalhairfair.com\/shop\/"},{"@type":"ListItem","position":3,"name":"Henan Wojinruimei Art Co., Ltd."}]},{"@type":"WebSite","@id":"https:\/\/internationalhairfair.com\/#website","url":"https:\/\/internationalhairfair.com\/","name":"Site OFICIAL da Feira Internacional do Cabelo da China 2025","description":"A maior feira de cabelos do mundo!","publisher":{"@id":"https:\/\/internationalhairfair.com\/#organization"},"potentialAction":[{"@type":"SearchAction","target":{"@type":"EntryPoint","urlTemplate":"https:\/\/internationalhairfair.com\/?s={search_term_string}"},"query-input":{"@type":"PropertyValueSpecification","valueRequired":true,"valueName":"search_term_string"}}],"inLanguage":"pt-BR"},{"@type":"Organization","@id":"https:\/\/internationalhairfair.com\/#organization","name":"Site OFICIAL da Feira Internacional do Cabelo da China 2025","url":"https:\/\/internationalhairfair.com\/","logo":{"@type":"ImageObject","inLanguage":"pt-BR","@id":"https:\/\/internationalhairfair.com\/#\/schema\/logo\/image\/","url":"https:\/\/internationalhairfair.com\/wp-content\/uploads\/2023\/03\/ms-icon-70x70-2.png","contentUrl":"https:\/\/internationalhairfair.com\/wp-content\/uploads\/2023\/03\/ms-icon-70x70-2.png","width":70,"height":70,"caption":"OFFICIAL website China International Hair Fair 2025"},"image":{"@id":"https:\/\/internationalhairfair.com\/#\/schema\/logo\/image\/"},"sameAs":["https:\/\/www.facebook.com\/internationalhairfair","https:\/\/instagram.com\/chinainternationalhairfair","https:\/\/ca.linkedin.com\/company\/international-hair-fair"]}]}},"_links":{"self":[{"href":"https:\/\/internationalhairfair.com\/pt\/wp-json\/wp\/v2\/product\/9254","targetHints":{"allow":["GET"]}}],"collection":[{"href":"https:\/\/internationalhairfair.com\/pt\/wp-json\/wp\/v2\/product"}],"about":[{"href":"https:\/\/internationalhairfair.com\/pt\/wp-json\/wp\/v2\/types\/product"}],"replies":[{"embeddable":true,"href":"https:\/\/internationalhairfair.com\/pt\/wp-json\/wp\/v2\/comments?post=9254"}],"wp:attachment":[{"href":"https:\/\/internationalhairfair.com\/pt\/wp-json\/wp\/v2\/media?parent=9254"}],"wp:term":[{"taxonomy":"product_brand","embeddable":true,"href":"https:\/\/internationalhairfair.com\/pt\/wp-json\/wp\/v2\/product_brand?post=9254"},{"taxonomy":"product_cat","embeddable":true,"href":"https:\/\/internationalhairfair.com\/pt\/wp-json\/wp\/v2\/product_cat?post=9254"},{"taxonomy":"product_tag","embeddable":true,"href":"https:\/\/internationalhairfair.com\/pt\/wp-json\/wp\/v2\/product_tag?post=9254"},{"taxonomy":"country","embeddable":true,"href":"https:\/\/internationalhairfair.com\/pt\/wp-json\/wp\/v2\/country?post=9254"}],"curies":[{"name":"wp","href":"https:\/\/api.w.org\/{rel}","templated":true}]}}