{"id":9253,"date":"2025-08-09T15:11:05","date_gmt":"2025-08-09T15:11:05","guid":{"rendered":"https:\/\/internationalhairfair.com\/?post_type=product&#038;p=9253"},"modified":"2025-08-09T15:11:05","modified_gmt":"2025-08-09T15:11:05","slug":"baoliyuan-nantong-chemical-fiber-co-ltd","status":"publish","type":"product","link":"https:\/\/internationalhairfair.com\/pt\/produto\/baoliyuan-nantong-chemical-fiber-co-ltd\/","title":{"rendered":"Baoliyuan (Nantong) Chemical Fiber Co., Ltd."},"content":{"rendered":"<p>\u00c9 uma f\u00e1brica estabelecida em conjunto na China pela Seawon Co., Ltd. da Coreia do Sul. Fundada em 2000, est\u00e1 localizada na Zona de Desenvolvimento de Alta Tecnologia de Nantong, prov\u00edncia de Jiangsu, e \u00e9 especializada na produ\u00e7\u00e3o e P&amp;D de diversos filamentos sint\u00e9ticos para perucas. A empresa conta com uma d\u00fazia de linhas de produ\u00e7\u00e3o de fia\u00e7\u00e3o de fibras sint\u00e9ticas com equipamentos e tecnologia sul-coreanos completos; todas as mat\u00e9rias-primas e auxiliares tamb\u00e9m s\u00e3o importadas da Coreia do Sul, garantindo que a qualidade dos diversos filamentos sint\u00e9ticos produzidos seja totalmente consistente com a dos filamentos capilares fabricados na Coreia do Sul.<\/p>","protected":false},"excerpt":{"rendered":"<p>It is a factory jointly established in China by South Korea&#8217;s Seawon Co., Ltd. Founded in 2000, it is located in Nantong High-tech Development Zone, Jiangsu Province, specializing in the production and R&amp;D of various synthetic wig raw filaments. The [&hellip;]<\/p>\n","protected":false},"featured_media":0,"comment_status":"open","ping_status":"closed","template":"","meta":{"_price":"","_stock":"","_tribe_ticket_header":"","_tribe_default_ticket_provider":"","_tribe_ticket_capacity":"0","_ticket_start_date":"","_ticket_end_date":"","_tribe_ticket_show_description":"","_tribe_ticket_show_not_going":false,"_tribe_ticket_use_global_stock":"","_tribe_ticket_global_stock_level":"","_global_stock_mode":"","_global_stock_cap":"","_tribe_rsvp_for_event":"","_tribe_ticket_going_count":"","_tribe_ticket_not_going_count":"","_tribe_tickets_list":"[]","_tribe_ticket_has_attendee_info_fields":false,"_bos_mb_destination":[],"_tec_slr_enabled":"","_tec_slr_layout":""},"product_brand":[],"product_cat":[131],"product_tag":[],"country":[],"class_list":{"0":"post-9253","1":"product","2":"type-product","3":"status-publish","5":"product_cat-chemical-fiber-hair","7":"first","8":"instock","9":"shipping-taxable","10":"product-type-simple"},"yoast_head":"<!-- This site is optimized with the Yoast SEO plugin v27.4 - https:\/\/yoast.com\/product\/yoast-seo-wordpress\/ -->\n<title>Baoliyuan (Nantong) Chemical Fiber Co., Ltd. - OFFICIAL China Hair Expo 2026<\/title>\n<meta name=\"robots\" content=\"index, follow, max-snippet:-1, max-image-preview:large, max-video-preview:-1\" \/>\n<link rel=\"canonical\" href=\"https:\/\/internationalhairfair.com\/pt\/produto\/baoliyuan-nantong-chemical-fiber-co-ltd\/\" \/>\n<meta property=\"og:locale\" content=\"pt_BR\" \/>\n<meta property=\"og:type\" content=\"article\" \/>\n<meta property=\"og:title\" content=\"Baoliyuan (Nantong) Chemical Fiber Co., Ltd. - OFFICIAL China Hair Expo 2026\" \/>\n<meta property=\"og:description\" content=\"It is a factory jointly established in China by South Korea&#8217;s Seawon Co., Ltd. Founded in 2000, it is located in Nantong High-tech Development Zone, Jiangsu Province, specializing in the production and R&amp;D of various synthetic wig raw filaments. The [&hellip;]\" \/>\n<meta property=\"og:url\" content=\"https:\/\/internationalhairfair.com\/pt\/produto\/baoliyuan-nantong-chemical-fiber-co-ltd\/\" \/>\n<meta property=\"og:site_name\" content=\"OFFICIAL China Hair Expo 2026\" \/>\n<meta property=\"article:publisher\" content=\"https:\/\/www.facebook.com\/internationalhairfair\" \/>\n<meta property=\"og:image\" content=\"https:\/\/internationalhairfair.com\/wp-content\/uploads\/2023\/03\/21232017_387032875046876_5991574462003670018_n2-1.jpg\" \/>\n\t<meta property=\"og:image:width\" content=\"960\" \/>\n\t<meta property=\"og:image:height\" content=\"640\" \/>\n\t<meta property=\"og:image:type\" content=\"image\/jpeg\" \/>\n<meta name=\"twitter:card\" content=\"summary_large_image\" \/>\n<script type=\"application\/ld+json\" class=\"yoast-schema-graph\">{\"@context\":\"https:\\\/\\\/schema.org\",\"@graph\":[{\"@type\":\"WebPage\",\"@id\":\"https:\\\/\\\/internationalhairfair.com\\\/product\\\/baoliyuan-nantong-chemical-fiber-co-ltd\\\/\",\"url\":\"https:\\\/\\\/internationalhairfair.com\\\/product\\\/baoliyuan-nantong-chemical-fiber-co-ltd\\\/\",\"name\":\"Baoliyuan (Nantong) Chemical Fiber Co., Ltd. - OFFICIAL China Hair Expo 2026\",\"isPartOf\":{\"@id\":\"https:\\\/\\\/internationalhairfair.com\\\/#website\"},\"datePublished\":\"2025-08-09T15:11:05+00:00\",\"breadcrumb\":{\"@id\":\"https:\\\/\\\/internationalhairfair.com\\\/product\\\/baoliyuan-nantong-chemical-fiber-co-ltd\\\/#breadcrumb\"},\"inLanguage\":\"pt-BR\",\"potentialAction\":[{\"@type\":\"ReadAction\",\"target\":[\"https:\\\/\\\/internationalhairfair.com\\\/product\\\/baoliyuan-nantong-chemical-fiber-co-ltd\\\/\"]}]},{\"@type\":\"BreadcrumbList\",\"@id\":\"https:\\\/\\\/internationalhairfair.com\\\/product\\\/baoliyuan-nantong-chemical-fiber-co-ltd\\\/#breadcrumb\",\"itemListElement\":[{\"@type\":\"ListItem\",\"position\":1,\"name\":\"Home\",\"item\":\"https:\\\/\\\/internationalhairfair.com\\\/\"},{\"@type\":\"ListItem\",\"position\":2,\"name\":\"Products\",\"item\":\"https:\\\/\\\/internationalhairfair.com\\\/shop\\\/\"},{\"@type\":\"ListItem\",\"position\":3,\"name\":\"Baoliyuan (Nantong) Chemical Fiber Co., Ltd.\"}]},{\"@type\":\"WebSite\",\"@id\":\"https:\\\/\\\/internationalhairfair.com\\\/#website\",\"url\":\"https:\\\/\\\/internationalhairfair.com\\\/\",\"name\":\"OFFICIAL website China International Hair Fair 2025\",\"description\":\"The biggest hair fair in the world!\",\"publisher\":{\"@id\":\"https:\\\/\\\/internationalhairfair.com\\\/#organization\"},\"potentialAction\":[{\"@type\":\"SearchAction\",\"target\":{\"@type\":\"EntryPoint\",\"urlTemplate\":\"https:\\\/\\\/internationalhairfair.com\\\/?s={search_term_string}\"},\"query-input\":{\"@type\":\"PropertyValueSpecification\",\"valueRequired\":true,\"valueName\":\"search_term_string\"}}],\"inLanguage\":\"pt-BR\"},{\"@type\":\"Organization\",\"@id\":\"https:\\\/\\\/internationalhairfair.com\\\/#organization\",\"name\":\"OFFICIAL website China International Hair Fair 2025\",\"url\":\"https:\\\/\\\/internationalhairfair.com\\\/\",\"logo\":{\"@type\":\"ImageObject\",\"inLanguage\":\"pt-BR\",\"@id\":\"https:\\\/\\\/internationalhairfair.com\\\/#\\\/schema\\\/logo\\\/image\\\/\",\"url\":\"https:\\\/\\\/internationalhairfair.com\\\/wp-content\\\/uploads\\\/2023\\\/03\\\/ms-icon-70x70-2.png\",\"contentUrl\":\"https:\\\/\\\/internationalhairfair.com\\\/wp-content\\\/uploads\\\/2023\\\/03\\\/ms-icon-70x70-2.png\",\"width\":70,\"height\":70,\"caption\":\"OFFICIAL website China International Hair Fair 2025\"},\"image\":{\"@id\":\"https:\\\/\\\/internationalhairfair.com\\\/#\\\/schema\\\/logo\\\/image\\\/\"},\"sameAs\":[\"https:\\\/\\\/www.facebook.com\\\/internationalhairfair\",\"https:\\\/\\\/instagram.com\\\/chinainternationalhairfair\",\"https:\\\/\\\/ca.linkedin.com\\\/company\\\/international-hair-fair\"]}]}<\/script>\n<!-- \/ Yoast SEO plugin. -->","yoast_head_json":{"title":"Baoliyuan (Nantong) Chemical Fiber Co., Ltd. - Exposi\u00e7\u00e3o Oficial de Cabelo da China 2026","robots":{"index":"index","follow":"follow","max-snippet":"max-snippet:-1","max-image-preview":"max-image-preview:large","max-video-preview":"max-video-preview:-1"},"canonical":"https:\/\/internationalhairfair.com\/pt\/produto\/baoliyuan-nantong-chemical-fiber-co-ltd\/","og_locale":"pt_BR","og_type":"article","og_title":"Baoliyuan (Nantong) Chemical Fiber Co., Ltd. - OFFICIAL China Hair Expo 2026","og_description":"It is a factory jointly established in China by South Korea&#8217;s Seawon Co., Ltd. Founded in 2000, it is located in Nantong High-tech Development Zone, Jiangsu Province, specializing in the production and R&amp;D of various synthetic wig raw filaments. The [&hellip;]","og_url":"https:\/\/internationalhairfair.com\/pt\/produto\/baoliyuan-nantong-chemical-fiber-co-ltd\/","og_site_name":"OFFICIAL China Hair Expo 2026","article_publisher":"https:\/\/www.facebook.com\/internationalhairfair","og_image":[{"width":960,"height":640,"url":"https:\/\/internationalhairfair.com\/wp-content\/uploads\/2023\/03\/21232017_387032875046876_5991574462003670018_n2-1.jpg","type":"image\/jpeg"}],"twitter_card":"summary_large_image","schema":{"@context":"https:\/\/schema.org","@graph":[{"@type":"WebPage","@id":"https:\/\/internationalhairfair.com\/product\/baoliyuan-nantong-chemical-fiber-co-ltd\/","url":"https:\/\/internationalhairfair.com\/product\/baoliyuan-nantong-chemical-fiber-co-ltd\/","name":"Baoliyuan (Nantong) Chemical Fiber Co., Ltd. - Exposi\u00e7\u00e3o Oficial de Cabelo da China 2026","isPartOf":{"@id":"https:\/\/internationalhairfair.com\/#website"},"datePublished":"2025-08-09T15:11:05+00:00","breadcrumb":{"@id":"https:\/\/internationalhairfair.com\/product\/baoliyuan-nantong-chemical-fiber-co-ltd\/#breadcrumb"},"inLanguage":"pt-BR","potentialAction":[{"@type":"ReadAction","target":["https:\/\/internationalhairfair.com\/product\/baoliyuan-nantong-chemical-fiber-co-ltd\/"]}]},{"@type":"BreadcrumbList","@id":"https:\/\/internationalhairfair.com\/product\/baoliyuan-nantong-chemical-fiber-co-ltd\/#breadcrumb","itemListElement":[{"@type":"ListItem","position":1,"name":"Home","item":"https:\/\/internationalhairfair.com\/"},{"@type":"ListItem","position":2,"name":"Products","item":"https:\/\/internationalhairfair.com\/shop\/"},{"@type":"ListItem","position":3,"name":"Baoliyuan (Nantong) Chemical Fiber Co., Ltd."}]},{"@type":"WebSite","@id":"https:\/\/internationalhairfair.com\/#website","url":"https:\/\/internationalhairfair.com\/","name":"Site OFICIAL da Feira Internacional do Cabelo da China 2025","description":"A maior feira de cabelos do mundo!","publisher":{"@id":"https:\/\/internationalhairfair.com\/#organization"},"potentialAction":[{"@type":"SearchAction","target":{"@type":"EntryPoint","urlTemplate":"https:\/\/internationalhairfair.com\/?s={search_term_string}"},"query-input":{"@type":"PropertyValueSpecification","valueRequired":true,"valueName":"search_term_string"}}],"inLanguage":"pt-BR"},{"@type":"Organization","@id":"https:\/\/internationalhairfair.com\/#organization","name":"Site OFICIAL da Feira Internacional do Cabelo da China 2025","url":"https:\/\/internationalhairfair.com\/","logo":{"@type":"ImageObject","inLanguage":"pt-BR","@id":"https:\/\/internationalhairfair.com\/#\/schema\/logo\/image\/","url":"https:\/\/internationalhairfair.com\/wp-content\/uploads\/2023\/03\/ms-icon-70x70-2.png","contentUrl":"https:\/\/internationalhairfair.com\/wp-content\/uploads\/2023\/03\/ms-icon-70x70-2.png","width":70,"height":70,"caption":"OFFICIAL website China International Hair Fair 2025"},"image":{"@id":"https:\/\/internationalhairfair.com\/#\/schema\/logo\/image\/"},"sameAs":["https:\/\/www.facebook.com\/internationalhairfair","https:\/\/instagram.com\/chinainternationalhairfair","https:\/\/ca.linkedin.com\/company\/international-hair-fair"]}]}},"_links":{"self":[{"href":"https:\/\/internationalhairfair.com\/pt\/wp-json\/wp\/v2\/product\/9253","targetHints":{"allow":["GET"]}}],"collection":[{"href":"https:\/\/internationalhairfair.com\/pt\/wp-json\/wp\/v2\/product"}],"about":[{"href":"https:\/\/internationalhairfair.com\/pt\/wp-json\/wp\/v2\/types\/product"}],"replies":[{"embeddable":true,"href":"https:\/\/internationalhairfair.com\/pt\/wp-json\/wp\/v2\/comments?post=9253"}],"wp:attachment":[{"href":"https:\/\/internationalhairfair.com\/pt\/wp-json\/wp\/v2\/media?parent=9253"}],"wp:term":[{"taxonomy":"product_brand","embeddable":true,"href":"https:\/\/internationalhairfair.com\/pt\/wp-json\/wp\/v2\/product_brand?post=9253"},{"taxonomy":"product_cat","embeddable":true,"href":"https:\/\/internationalhairfair.com\/pt\/wp-json\/wp\/v2\/product_cat?post=9253"},{"taxonomy":"product_tag","embeddable":true,"href":"https:\/\/internationalhairfair.com\/pt\/wp-json\/wp\/v2\/product_tag?post=9253"},{"taxonomy":"country","embeddable":true,"href":"https:\/\/internationalhairfair.com\/pt\/wp-json\/wp\/v2\/country?post=9253"}],"curies":[{"name":"wp","href":"https:\/\/api.w.org\/{rel}","templated":true}]}}