{"id":9227,"date":"2025-08-09T14:22:55","date_gmt":"2025-08-09T14:22:55","guid":{"rendered":"https:\/\/internationalhairfair.com\/?post_type=product&#038;p=9227"},"modified":"2025-08-09T14:22:55","modified_gmt":"2025-08-09T14:22:55","slug":"henan-yiyang-hair-products-co-ltd","status":"publish","type":"product","link":"https:\/\/internationalhairfair.com\/pt\/produto\/henan-yiyang-hair-products-co-ltd\/","title":{"rendered":"Produtos para cabelo Henan Yiyang Co., Ltd."},"content":{"rendered":"<p>A Henan Yiyang Hair Products Co., Ltd. (abreviadamente Henan Yiyang) \u00e9 uma empresa inteligente de produ\u00e7\u00e3o e servi\u00e7os interconectados que integra produ\u00e7\u00e3o, P&amp;D, vendas e treinamento t\u00e9cnico, com foco em perucas personalizadas de alta qualidade. A sede da empresa est\u00e1 localizada no distrito de Qibin, cidade de Hebi, prov\u00edncia de Henan, no sop\u00e9 leste das Montanhas Taihang, onde o ambiente \u00e9 belo, o transporte \u00e9 bem desenvolvido, a hist\u00f3ria \u00e9 antiga e os costumes locais s\u00e3o simples.<br \/>\nFilosofia e Desenvolvimento Empresarial<br \/>\nMantendo a filosofia empresarial de &quot;Cabelo como Prioridade, Sinceridade como Princ\u00edpio, Engenhosidade na Qualidade e Ganho Multidimensional para Todos&quot;, a Henan Yiyang passou por anos de desenvolvimento e inova\u00e7\u00e3o dedicados. Atualmente, possui diversas lojas de f\u00e1brica de marcas na China, incluindo &quot;Chuangyi&quot;, &quot;51bufa&quot;, &quot;Wuyou Bufa&quot; e &quot;Faxiaoge&quot;. Em abril de 2019, o recrutamento de nossos principais parceiros estrat\u00e9gicos ultrapassou 100. Com nossas pr\u00f3prias lojas f\u00edsicas e anos de experi\u00eancia em gest\u00e3o de parceiros, a Henan Yiyang possui um conhecimento mais profundo dos produtos e mercados atuais de tecelagem e (substitui\u00e7\u00e3o capilar).<br \/>\nAbordagem centrada no cliente<br \/>\nAs necessidades dos clientes se originam nas lojas de terminais de atendimento, o que nos permite compreender com precis\u00e3o as necessidades de diversas empresas de tecelagem e substitui\u00e7\u00e3o de perucas para diferentes produtos de perucas. Combinando anos de rica experi\u00eancia em contato direto com clientes em lojas f\u00edsicas e coletando sugest\u00f5es valiosas de clientes em todo o pa\u00eds, nossos produtos realmente atendem e atendem \u00e0s necessidades dos clientes. Al\u00e9m disso, reunimos regularmente cabeleireiros de cada filial e parceiros para ouvir atentamente as diversas quest\u00f5es detalhadas que eles encontram ao ajustar perucas para os clientes. Com base no feedback dos cabeleireiros, fazemos os ajustes e melhorias correspondentes em tempo real.<\/p>","protected":false},"excerpt":{"rendered":"<p>Henan Yiyang Hair Products Co., Ltd. (Henan Yiyang for short) is an intelligent interconnected production-service enterprise integrating production, R&amp;D, sales, and technical training, focusing on private high-end customized wigs. The company&#8217;s headquarters is located in Qibin District, Hebi City, Henan [&hellip;]<\/p>\n","protected":false},"featured_media":0,"comment_status":"open","ping_status":"closed","template":"","meta":{"_price":"","_stock":"","_tribe_ticket_header":"","_tribe_default_ticket_provider":"","_tribe_ticket_capacity":"0","_ticket_start_date":"","_ticket_end_date":"","_tribe_ticket_show_description":"","_tribe_ticket_show_not_going":false,"_tribe_ticket_use_global_stock":"","_tribe_ticket_global_stock_level":"","_global_stock_mode":"","_global_stock_cap":"","_tribe_rsvp_for_event":"","_tribe_ticket_going_count":"","_tribe_ticket_not_going_count":"","_tribe_tickets_list":"[]","_tribe_ticket_has_attendee_info_fields":false,"_bos_mb_destination":[],"_tec_slr_enabled":"","_tec_slr_layout":""},"product_brand":[],"product_cat":[133,132],"product_tag":[],"country":[51],"class_list":{"0":"post-9227","1":"product","2":"type-product","3":"status-publish","5":"product_cat-mens-hairpiece","6":"product_cat-mens-wigs","7":"country-china","9":"first","10":"instock","11":"shipping-taxable","12":"product-type-simple"},"yoast_head":"<!-- This site is optimized with the Yoast SEO plugin v27.3 - https:\/\/yoast.com\/product\/yoast-seo-wordpress\/ -->\n<title>Henan Yiyang Hair Products Co., Ltd - OFFICIAL China Hair Expo 2026<\/title>\n<meta name=\"robots\" content=\"index, follow, max-snippet:-1, max-image-preview:large, max-video-preview:-1\" \/>\n<link rel=\"canonical\" href=\"https:\/\/internationalhairfair.com\/pt\/produto\/henan-yiyang-hair-products-co-ltd\/\" \/>\n<meta property=\"og:locale\" content=\"pt_BR\" \/>\n<meta property=\"og:type\" content=\"article\" \/>\n<meta property=\"og:title\" content=\"Henan Yiyang Hair Products Co., Ltd - OFFICIAL China Hair Expo 2026\" \/>\n<meta property=\"og:description\" content=\"Henan Yiyang Hair Products Co., Ltd. (Henan Yiyang for short) is an intelligent interconnected production-service enterprise integrating production, R&amp;D, sales, and technical training, focusing on private high-end customized wigs. The company&#8217;s headquarters is located in Qibin District, Hebi City, Henan [&hellip;]\" \/>\n<meta property=\"og:url\" content=\"https:\/\/internationalhairfair.com\/pt\/produto\/henan-yiyang-hair-products-co-ltd\/\" \/>\n<meta property=\"og:site_name\" content=\"OFFICIAL China Hair Expo 2026\" \/>\n<meta property=\"article:publisher\" content=\"https:\/\/www.facebook.com\/internationalhairfair\" \/>\n<meta property=\"og:image\" content=\"https:\/\/internationalhairfair.com\/wp-content\/uploads\/2023\/03\/21232017_387032875046876_5991574462003670018_n2-1.jpg\" \/>\n\t<meta property=\"og:image:width\" content=\"960\" \/>\n\t<meta property=\"og:image:height\" content=\"640\" \/>\n\t<meta property=\"og:image:type\" content=\"image\/jpeg\" \/>\n<meta name=\"twitter:card\" content=\"summary_large_image\" \/>\n<script type=\"application\/ld+json\" class=\"yoast-schema-graph\">{\"@context\":\"https:\\\/\\\/schema.org\",\"@graph\":[{\"@type\":\"WebPage\",\"@id\":\"https:\\\/\\\/internationalhairfair.com\\\/product\\\/henan-yiyang-hair-products-co-ltd\\\/\",\"url\":\"https:\\\/\\\/internationalhairfair.com\\\/product\\\/henan-yiyang-hair-products-co-ltd\\\/\",\"name\":\"Henan Yiyang Hair Products Co., Ltd - OFFICIAL China Hair Expo 2026\",\"isPartOf\":{\"@id\":\"https:\\\/\\\/internationalhairfair.com\\\/#website\"},\"datePublished\":\"2025-08-09T14:22:55+00:00\",\"breadcrumb\":{\"@id\":\"https:\\\/\\\/internationalhairfair.com\\\/product\\\/henan-yiyang-hair-products-co-ltd\\\/#breadcrumb\"},\"inLanguage\":\"pt-BR\",\"potentialAction\":[{\"@type\":\"ReadAction\",\"target\":[\"https:\\\/\\\/internationalhairfair.com\\\/product\\\/henan-yiyang-hair-products-co-ltd\\\/\"]}]},{\"@type\":\"BreadcrumbList\",\"@id\":\"https:\\\/\\\/internationalhairfair.com\\\/product\\\/henan-yiyang-hair-products-co-ltd\\\/#breadcrumb\",\"itemListElement\":[{\"@type\":\"ListItem\",\"position\":1,\"name\":\"Home\",\"item\":\"https:\\\/\\\/internationalhairfair.com\\\/\"},{\"@type\":\"ListItem\",\"position\":2,\"name\":\"Products\",\"item\":\"https:\\\/\\\/internationalhairfair.com\\\/shop\\\/\"},{\"@type\":\"ListItem\",\"position\":3,\"name\":\"Henan Yiyang Hair Products Co., Ltd\"}]},{\"@type\":\"WebSite\",\"@id\":\"https:\\\/\\\/internationalhairfair.com\\\/#website\",\"url\":\"https:\\\/\\\/internationalhairfair.com\\\/\",\"name\":\"OFFICIAL website China International Hair Fair 2025\",\"description\":\"The biggest hair fair in the world!\",\"publisher\":{\"@id\":\"https:\\\/\\\/internationalhairfair.com\\\/#organization\"},\"potentialAction\":[{\"@type\":\"SearchAction\",\"target\":{\"@type\":\"EntryPoint\",\"urlTemplate\":\"https:\\\/\\\/internationalhairfair.com\\\/?s={search_term_string}\"},\"query-input\":{\"@type\":\"PropertyValueSpecification\",\"valueRequired\":true,\"valueName\":\"search_term_string\"}}],\"inLanguage\":\"pt-BR\"},{\"@type\":\"Organization\",\"@id\":\"https:\\\/\\\/internationalhairfair.com\\\/#organization\",\"name\":\"OFFICIAL website China International Hair Fair 2025\",\"url\":\"https:\\\/\\\/internationalhairfair.com\\\/\",\"logo\":{\"@type\":\"ImageObject\",\"inLanguage\":\"pt-BR\",\"@id\":\"https:\\\/\\\/internationalhairfair.com\\\/#\\\/schema\\\/logo\\\/image\\\/\",\"url\":\"https:\\\/\\\/internationalhairfair.com\\\/wp-content\\\/uploads\\\/2023\\\/03\\\/ms-icon-70x70-2.png\",\"contentUrl\":\"https:\\\/\\\/internationalhairfair.com\\\/wp-content\\\/uploads\\\/2023\\\/03\\\/ms-icon-70x70-2.png\",\"width\":70,\"height\":70,\"caption\":\"OFFICIAL website China International Hair Fair 2025\"},\"image\":{\"@id\":\"https:\\\/\\\/internationalhairfair.com\\\/#\\\/schema\\\/logo\\\/image\\\/\"},\"sameAs\":[\"https:\\\/\\\/www.facebook.com\\\/internationalhairfair\",\"https:\\\/\\\/instagram.com\\\/chinainternationalhairfair\",\"https:\\\/\\\/ca.linkedin.com\\\/company\\\/international-hair-fair\"]}]}<\/script>\n<!-- \/ Yoast SEO plugin. -->","yoast_head_json":{"title":"Henan Yiyang Hair Products Co., Ltd - Exposi\u00e7\u00e3o Oficial de Cabelo da China 2026","robots":{"index":"index","follow":"follow","max-snippet":"max-snippet:-1","max-image-preview":"max-image-preview:large","max-video-preview":"max-video-preview:-1"},"canonical":"https:\/\/internationalhairfair.com\/pt\/produto\/henan-yiyang-hair-products-co-ltd\/","og_locale":"pt_BR","og_type":"article","og_title":"Henan Yiyang Hair Products Co., Ltd - OFFICIAL China Hair Expo 2026","og_description":"Henan Yiyang Hair Products Co., Ltd. (Henan Yiyang for short) is an intelligent interconnected production-service enterprise integrating production, R&amp;D, sales, and technical training, focusing on private high-end customized wigs. The company&#8217;s headquarters is located in Qibin District, Hebi City, Henan [&hellip;]","og_url":"https:\/\/internationalhairfair.com\/pt\/produto\/henan-yiyang-hair-products-co-ltd\/","og_site_name":"OFFICIAL China Hair Expo 2026","article_publisher":"https:\/\/www.facebook.com\/internationalhairfair","og_image":[{"width":960,"height":640,"url":"https:\/\/internationalhairfair.com\/wp-content\/uploads\/2023\/03\/21232017_387032875046876_5991574462003670018_n2-1.jpg","type":"image\/jpeg"}],"twitter_card":"summary_large_image","schema":{"@context":"https:\/\/schema.org","@graph":[{"@type":"WebPage","@id":"https:\/\/internationalhairfair.com\/product\/henan-yiyang-hair-products-co-ltd\/","url":"https:\/\/internationalhairfair.com\/product\/henan-yiyang-hair-products-co-ltd\/","name":"Henan Yiyang Hair Products Co., Ltd - Exposi\u00e7\u00e3o Oficial de Cabelo da China 2026","isPartOf":{"@id":"https:\/\/internationalhairfair.com\/#website"},"datePublished":"2025-08-09T14:22:55+00:00","breadcrumb":{"@id":"https:\/\/internationalhairfair.com\/product\/henan-yiyang-hair-products-co-ltd\/#breadcrumb"},"inLanguage":"pt-BR","potentialAction":[{"@type":"ReadAction","target":["https:\/\/internationalhairfair.com\/product\/henan-yiyang-hair-products-co-ltd\/"]}]},{"@type":"BreadcrumbList","@id":"https:\/\/internationalhairfair.com\/product\/henan-yiyang-hair-products-co-ltd\/#breadcrumb","itemListElement":[{"@type":"ListItem","position":1,"name":"Home","item":"https:\/\/internationalhairfair.com\/"},{"@type":"ListItem","position":2,"name":"Products","item":"https:\/\/internationalhairfair.com\/shop\/"},{"@type":"ListItem","position":3,"name":"Henan Yiyang Hair Products Co., Ltd"}]},{"@type":"WebSite","@id":"https:\/\/internationalhairfair.com\/#website","url":"https:\/\/internationalhairfair.com\/","name":"Site OFICIAL da Feira Internacional do Cabelo da China 2025","description":"A maior feira de cabelos do mundo!","publisher":{"@id":"https:\/\/internationalhairfair.com\/#organization"},"potentialAction":[{"@type":"SearchAction","target":{"@type":"EntryPoint","urlTemplate":"https:\/\/internationalhairfair.com\/?s={search_term_string}"},"query-input":{"@type":"PropertyValueSpecification","valueRequired":true,"valueName":"search_term_string"}}],"inLanguage":"pt-BR"},{"@type":"Organization","@id":"https:\/\/internationalhairfair.com\/#organization","name":"Site OFICIAL da Feira Internacional do Cabelo da China 2025","url":"https:\/\/internationalhairfair.com\/","logo":{"@type":"ImageObject","inLanguage":"pt-BR","@id":"https:\/\/internationalhairfair.com\/#\/schema\/logo\/image\/","url":"https:\/\/internationalhairfair.com\/wp-content\/uploads\/2023\/03\/ms-icon-70x70-2.png","contentUrl":"https:\/\/internationalhairfair.com\/wp-content\/uploads\/2023\/03\/ms-icon-70x70-2.png","width":70,"height":70,"caption":"OFFICIAL website China International Hair Fair 2025"},"image":{"@id":"https:\/\/internationalhairfair.com\/#\/schema\/logo\/image\/"},"sameAs":["https:\/\/www.facebook.com\/internationalhairfair","https:\/\/instagram.com\/chinainternationalhairfair","https:\/\/ca.linkedin.com\/company\/international-hair-fair"]}]}},"_links":{"self":[{"href":"https:\/\/internationalhairfair.com\/pt\/wp-json\/wp\/v2\/product\/9227","targetHints":{"allow":["GET"]}}],"collection":[{"href":"https:\/\/internationalhairfair.com\/pt\/wp-json\/wp\/v2\/product"}],"about":[{"href":"https:\/\/internationalhairfair.com\/pt\/wp-json\/wp\/v2\/types\/product"}],"replies":[{"embeddable":true,"href":"https:\/\/internationalhairfair.com\/pt\/wp-json\/wp\/v2\/comments?post=9227"}],"wp:attachment":[{"href":"https:\/\/internationalhairfair.com\/pt\/wp-json\/wp\/v2\/media?parent=9227"}],"wp:term":[{"taxonomy":"product_brand","embeddable":true,"href":"https:\/\/internationalhairfair.com\/pt\/wp-json\/wp\/v2\/product_brand?post=9227"},{"taxonomy":"product_cat","embeddable":true,"href":"https:\/\/internationalhairfair.com\/pt\/wp-json\/wp\/v2\/product_cat?post=9227"},{"taxonomy":"product_tag","embeddable":true,"href":"https:\/\/internationalhairfair.com\/pt\/wp-json\/wp\/v2\/product_tag?post=9227"},{"taxonomy":"country","embeddable":true,"href":"https:\/\/internationalhairfair.com\/pt\/wp-json\/wp\/v2\/country?post=9227"}],"curies":[{"name":"wp","href":"https:\/\/api.w.org\/{rel}","templated":true}]}}