{"id":9169,"date":"2025-08-08T14:05:54","date_gmt":"2025-08-08T14:05:54","guid":{"rendered":"https:\/\/internationalhairfair.com\/?post_type=product&#038;p=9169"},"modified":"2025-08-08T14:05:54","modified_gmt":"2025-08-08T14:05:54","slug":"qingdao-xinyue-tianlun-industry-and-trade-co-ltd","status":"publish","type":"product","link":"https:\/\/internationalhairfair.com\/pt\/produto\/qingdao-xinyue-tianlun-industry-and-trade-co-ltd\/","title":{"rendered":"Qingdao Xinyue Tianlun Ind\u00fastria e Com\u00e9rcio Co., Ltd."},"content":{"rendered":"<p>A Qingdao Xinyue Tianlun Industry &amp; Trade Co., Ltd., localizada em Qingdao \u2014 o principal polo chin\u00eas de perucas premium \u2014 foi fundada em 1992. Com mais de 200 funcion\u00e1rios, a empresa ocupa uma \u00e1rea total de mais de 15.000 metros quadrados, incluindo 9.000 metros quadrados de \u00e1rea constru\u00edda. Tornou-se uma empresa-chave na China, integrando pesquisa, desenvolvimento, fabrica\u00e7\u00e3o e vendas de produtos de cabelo humano genu\u00edno de alta qualidade.<\/p>\n<p>A empresa produz principalmente apliques de cabelo humano masculino e feminino, perucas de renda, perucas femininas semimec\u00e2nicas, perucas da moda, diversos acess\u00f3rios para perucas e produtos auxiliares, como tramas, fios e feixes. Nossos produtos n\u00e3o s\u00e3o apenas amplamente reconhecidos e bem recebidos no mercado dom\u00e9stico, mas tamb\u00e9m desfrutam de grande popularidade na Europa, Estados Unidos, Jap\u00e3o, Coreia do Sul e outras regi\u00f5es.<\/p>\n<p>Nos \u00faltimos anos, por meio de progresso constante e inova\u00e7\u00e3o cont\u00ednua, desenvolvemos mais de 200 novos produtos nacionais de alta qualidade, consolidando as vantagens \u00fanicas da nossa marca. Ao mesmo tempo, nossa linha de perucas prontas para usar conquistou forte prefer\u00eancia dos clientes.<\/p>\n<p>Oferecemos produ\u00e7\u00e3o personalizada de acordo com as necessidades do cliente, al\u00e9m de manter amplo estoque para sele\u00e7\u00e3o imediata.<\/p>","protected":false},"excerpt":{"rendered":"<p>Qingdao Xinyue Tianlun Industry &amp; Trade Co., Ltd., located in Qingdao\u2014China\u2019s leading hub for premium wigs\u2014was established in 1992. With over 200 employees, the company covers a total area of more than 15,000 square meters, including 9,000 square meters of [&hellip;]<\/p>\n","protected":false},"featured_media":0,"comment_status":"open","ping_status":"closed","template":"","meta":{"_price":"","_stock":"","_tribe_ticket_header":"","_tribe_default_ticket_provider":"","_tribe_ticket_capacity":"0","_ticket_start_date":"","_ticket_end_date":"","_tribe_ticket_show_description":"","_tribe_ticket_show_not_going":false,"_tribe_ticket_use_global_stock":"","_tribe_ticket_global_stock_level":"","_global_stock_mode":"","_global_stock_cap":"","_tribe_rsvp_for_event":"","_tribe_ticket_going_count":"","_tribe_ticket_not_going_count":"","_tribe_tickets_list":"[]","_tribe_ticket_has_attendee_info_fields":false,"_bos_mb_destination":[],"_tec_slr_enabled":"","_tec_slr_layout":""},"product_brand":[],"product_cat":[65,15],"product_tag":[],"country":[51],"class_list":{"0":"post-9169","1":"product","2":"type-product","3":"status-publish","5":"product_cat-closures","6":"product_cat-wigs","7":"country-china","9":"first","10":"instock","11":"shipping-taxable","12":"product-type-simple"},"yoast_head":"<!-- This site is optimized with the Yoast SEO plugin v27.4 - https:\/\/yoast.com\/product\/yoast-seo-wordpress\/ -->\n<title>Qingdao Xinyue Tianlun Industry and Trade Co., Ltd. - OFFICIAL China Hair Expo 2026<\/title>\n<meta name=\"robots\" content=\"index, follow, max-snippet:-1, max-image-preview:large, max-video-preview:-1\" \/>\n<link rel=\"canonical\" href=\"https:\/\/internationalhairfair.com\/pt\/produto\/qingdao-xinyue-tianlun-industry-and-trade-co-ltd\/\" \/>\n<meta property=\"og:locale\" content=\"pt_BR\" \/>\n<meta property=\"og:type\" content=\"article\" \/>\n<meta property=\"og:title\" content=\"Qingdao Xinyue Tianlun Industry and Trade Co., Ltd. - OFFICIAL China Hair Expo 2026\" \/>\n<meta property=\"og:description\" content=\"Qingdao Xinyue Tianlun Industry &amp; Trade Co., Ltd., located in Qingdao\u2014China\u2019s leading hub for premium wigs\u2014was established in 1992. With over 200 employees, the company covers a total area of more than 15,000 square meters, including 9,000 square meters of [&hellip;]\" \/>\n<meta property=\"og:url\" content=\"https:\/\/internationalhairfair.com\/pt\/produto\/qingdao-xinyue-tianlun-industry-and-trade-co-ltd\/\" \/>\n<meta property=\"og:site_name\" content=\"OFFICIAL China Hair Expo 2026\" \/>\n<meta property=\"article:publisher\" content=\"https:\/\/www.facebook.com\/internationalhairfair\" \/>\n<meta property=\"og:image\" content=\"https:\/\/internationalhairfair.com\/wp-content\/uploads\/2023\/03\/21232017_387032875046876_5991574462003670018_n2-1.jpg\" \/>\n\t<meta property=\"og:image:width\" content=\"960\" \/>\n\t<meta property=\"og:image:height\" content=\"640\" \/>\n\t<meta property=\"og:image:type\" content=\"image\/jpeg\" \/>\n<meta name=\"twitter:card\" content=\"summary_large_image\" \/>\n<script type=\"application\/ld+json\" class=\"yoast-schema-graph\">{\"@context\":\"https:\\\/\\\/schema.org\",\"@graph\":[{\"@type\":\"WebPage\",\"@id\":\"https:\\\/\\\/internationalhairfair.com\\\/product\\\/qingdao-xinyue-tianlun-industry-and-trade-co-ltd\\\/\",\"url\":\"https:\\\/\\\/internationalhairfair.com\\\/product\\\/qingdao-xinyue-tianlun-industry-and-trade-co-ltd\\\/\",\"name\":\"Qingdao Xinyue Tianlun Industry and Trade Co., Ltd. - OFFICIAL China Hair Expo 2026\",\"isPartOf\":{\"@id\":\"https:\\\/\\\/internationalhairfair.com\\\/#website\"},\"datePublished\":\"2025-08-08T14:05:54+00:00\",\"breadcrumb\":{\"@id\":\"https:\\\/\\\/internationalhairfair.com\\\/product\\\/qingdao-xinyue-tianlun-industry-and-trade-co-ltd\\\/#breadcrumb\"},\"inLanguage\":\"pt-BR\",\"potentialAction\":[{\"@type\":\"ReadAction\",\"target\":[\"https:\\\/\\\/internationalhairfair.com\\\/product\\\/qingdao-xinyue-tianlun-industry-and-trade-co-ltd\\\/\"]}]},{\"@type\":\"BreadcrumbList\",\"@id\":\"https:\\\/\\\/internationalhairfair.com\\\/product\\\/qingdao-xinyue-tianlun-industry-and-trade-co-ltd\\\/#breadcrumb\",\"itemListElement\":[{\"@type\":\"ListItem\",\"position\":1,\"name\":\"Home\",\"item\":\"https:\\\/\\\/internationalhairfair.com\\\/\"},{\"@type\":\"ListItem\",\"position\":2,\"name\":\"Products\",\"item\":\"https:\\\/\\\/internationalhairfair.com\\\/shop\\\/\"},{\"@type\":\"ListItem\",\"position\":3,\"name\":\"Qingdao Xinyue Tianlun Industry and Trade Co., Ltd.\"}]},{\"@type\":\"WebSite\",\"@id\":\"https:\\\/\\\/internationalhairfair.com\\\/#website\",\"url\":\"https:\\\/\\\/internationalhairfair.com\\\/\",\"name\":\"OFFICIAL website China International Hair Fair 2025\",\"description\":\"The biggest hair fair in the world!\",\"publisher\":{\"@id\":\"https:\\\/\\\/internationalhairfair.com\\\/#organization\"},\"potentialAction\":[{\"@type\":\"SearchAction\",\"target\":{\"@type\":\"EntryPoint\",\"urlTemplate\":\"https:\\\/\\\/internationalhairfair.com\\\/?s={search_term_string}\"},\"query-input\":{\"@type\":\"PropertyValueSpecification\",\"valueRequired\":true,\"valueName\":\"search_term_string\"}}],\"inLanguage\":\"pt-BR\"},{\"@type\":\"Organization\",\"@id\":\"https:\\\/\\\/internationalhairfair.com\\\/#organization\",\"name\":\"OFFICIAL website China International Hair Fair 2025\",\"url\":\"https:\\\/\\\/internationalhairfair.com\\\/\",\"logo\":{\"@type\":\"ImageObject\",\"inLanguage\":\"pt-BR\",\"@id\":\"https:\\\/\\\/internationalhairfair.com\\\/#\\\/schema\\\/logo\\\/image\\\/\",\"url\":\"https:\\\/\\\/internationalhairfair.com\\\/wp-content\\\/uploads\\\/2023\\\/03\\\/ms-icon-70x70-2.png\",\"contentUrl\":\"https:\\\/\\\/internationalhairfair.com\\\/wp-content\\\/uploads\\\/2023\\\/03\\\/ms-icon-70x70-2.png\",\"width\":70,\"height\":70,\"caption\":\"OFFICIAL website China International Hair Fair 2025\"},\"image\":{\"@id\":\"https:\\\/\\\/internationalhairfair.com\\\/#\\\/schema\\\/logo\\\/image\\\/\"},\"sameAs\":[\"https:\\\/\\\/www.facebook.com\\\/internationalhairfair\",\"https:\\\/\\\/instagram.com\\\/chinainternationalhairfair\",\"https:\\\/\\\/ca.linkedin.com\\\/company\\\/international-hair-fair\"]}]}<\/script>\n<!-- \/ Yoast SEO plugin. -->","yoast_head_json":{"title":"Qingdao Xinyue Tianlun Industry and Trade Co., Ltd. - OFFICIAL China Hair Expo 2026","robots":{"index":"index","follow":"follow","max-snippet":"max-snippet:-1","max-image-preview":"max-image-preview:large","max-video-preview":"max-video-preview:-1"},"canonical":"https:\/\/internationalhairfair.com\/pt\/produto\/qingdao-xinyue-tianlun-industry-and-trade-co-ltd\/","og_locale":"pt_BR","og_type":"article","og_title":"Qingdao Xinyue Tianlun Industry and Trade Co., Ltd. - OFFICIAL China Hair Expo 2026","og_description":"Qingdao Xinyue Tianlun Industry &amp; Trade Co., Ltd., located in Qingdao\u2014China\u2019s leading hub for premium wigs\u2014was established in 1992. With over 200 employees, the company covers a total area of more than 15,000 square meters, including 9,000 square meters of [&hellip;]","og_url":"https:\/\/internationalhairfair.com\/pt\/produto\/qingdao-xinyue-tianlun-industry-and-trade-co-ltd\/","og_site_name":"OFFICIAL China Hair Expo 2026","article_publisher":"https:\/\/www.facebook.com\/internationalhairfair","og_image":[{"width":960,"height":640,"url":"https:\/\/internationalhairfair.com\/wp-content\/uploads\/2023\/03\/21232017_387032875046876_5991574462003670018_n2-1.jpg","type":"image\/jpeg"}],"twitter_card":"summary_large_image","schema":{"@context":"https:\/\/schema.org","@graph":[{"@type":"WebPage","@id":"https:\/\/internationalhairfair.com\/product\/qingdao-xinyue-tianlun-industry-and-trade-co-ltd\/","url":"https:\/\/internationalhairfair.com\/product\/qingdao-xinyue-tianlun-industry-and-trade-co-ltd\/","name":"Qingdao Xinyue Tianlun Industry and Trade Co., Ltd. - OFFICIAL China Hair Expo 2026","isPartOf":{"@id":"https:\/\/internationalhairfair.com\/#website"},"datePublished":"2025-08-08T14:05:54+00:00","breadcrumb":{"@id":"https:\/\/internationalhairfair.com\/product\/qingdao-xinyue-tianlun-industry-and-trade-co-ltd\/#breadcrumb"},"inLanguage":"pt-BR","potentialAction":[{"@type":"ReadAction","target":["https:\/\/internationalhairfair.com\/product\/qingdao-xinyue-tianlun-industry-and-trade-co-ltd\/"]}]},{"@type":"BreadcrumbList","@id":"https:\/\/internationalhairfair.com\/product\/qingdao-xinyue-tianlun-industry-and-trade-co-ltd\/#breadcrumb","itemListElement":[{"@type":"ListItem","position":1,"name":"Home","item":"https:\/\/internationalhairfair.com\/"},{"@type":"ListItem","position":2,"name":"Products","item":"https:\/\/internationalhairfair.com\/shop\/"},{"@type":"ListItem","position":3,"name":"Qingdao Xinyue Tianlun Industry and Trade Co., Ltd."}]},{"@type":"WebSite","@id":"https:\/\/internationalhairfair.com\/#website","url":"https:\/\/internationalhairfair.com\/","name":"Site OFICIAL da Feira Internacional do Cabelo da China 2025","description":"A maior feira de cabelos do mundo!","publisher":{"@id":"https:\/\/internationalhairfair.com\/#organization"},"potentialAction":[{"@type":"SearchAction","target":{"@type":"EntryPoint","urlTemplate":"https:\/\/internationalhairfair.com\/?s={search_term_string}"},"query-input":{"@type":"PropertyValueSpecification","valueRequired":true,"valueName":"search_term_string"}}],"inLanguage":"pt-BR"},{"@type":"Organization","@id":"https:\/\/internationalhairfair.com\/#organization","name":"Site OFICIAL da Feira Internacional do Cabelo da China 2025","url":"https:\/\/internationalhairfair.com\/","logo":{"@type":"ImageObject","inLanguage":"pt-BR","@id":"https:\/\/internationalhairfair.com\/#\/schema\/logo\/image\/","url":"https:\/\/internationalhairfair.com\/wp-content\/uploads\/2023\/03\/ms-icon-70x70-2.png","contentUrl":"https:\/\/internationalhairfair.com\/wp-content\/uploads\/2023\/03\/ms-icon-70x70-2.png","width":70,"height":70,"caption":"OFFICIAL website China International Hair Fair 2025"},"image":{"@id":"https:\/\/internationalhairfair.com\/#\/schema\/logo\/image\/"},"sameAs":["https:\/\/www.facebook.com\/internationalhairfair","https:\/\/instagram.com\/chinainternationalhairfair","https:\/\/ca.linkedin.com\/company\/international-hair-fair"]}]}},"_links":{"self":[{"href":"https:\/\/internationalhairfair.com\/pt\/wp-json\/wp\/v2\/product\/9169","targetHints":{"allow":["GET"]}}],"collection":[{"href":"https:\/\/internationalhairfair.com\/pt\/wp-json\/wp\/v2\/product"}],"about":[{"href":"https:\/\/internationalhairfair.com\/pt\/wp-json\/wp\/v2\/types\/product"}],"replies":[{"embeddable":true,"href":"https:\/\/internationalhairfair.com\/pt\/wp-json\/wp\/v2\/comments?post=9169"}],"wp:attachment":[{"href":"https:\/\/internationalhairfair.com\/pt\/wp-json\/wp\/v2\/media?parent=9169"}],"wp:term":[{"taxonomy":"product_brand","embeddable":true,"href":"https:\/\/internationalhairfair.com\/pt\/wp-json\/wp\/v2\/product_brand?post=9169"},{"taxonomy":"product_cat","embeddable":true,"href":"https:\/\/internationalhairfair.com\/pt\/wp-json\/wp\/v2\/product_cat?post=9169"},{"taxonomy":"product_tag","embeddable":true,"href":"https:\/\/internationalhairfair.com\/pt\/wp-json\/wp\/v2\/product_tag?post=9169"},{"taxonomy":"country","embeddable":true,"href":"https:\/\/internationalhairfair.com\/pt\/wp-json\/wp\/v2\/country?post=9169"}],"curies":[{"name":"wp","href":"https:\/\/api.w.org\/{rel}","templated":true}]}}