{"id":9093,"date":"2025-08-08T10:36:01","date_gmt":"2025-08-08T10:36:01","guid":{"rendered":"https:\/\/internationalhairfair.com\/?post_type=product&#038;p=9093"},"modified":"2025-08-08T10:36:01","modified_gmt":"2025-08-08T10:36:01","slug":"dongguan-omike-new-materials-co-ltd","status":"publish","type":"product","link":"https:\/\/internationalhairfair.com\/pt\/produto\/dongguan-omike-new-materials-co-ltd\/","title":{"rendered":"Dongguan Omike Novos Materiais Co., Ltd."},"content":{"rendered":"<p>A Dongguan Omiko New Materials Co., Ltd. oferece um servi\u00e7o completo para pesquisa e desenvolvimento, produ\u00e7\u00e3o e vendas de produtos adesivos. Produz principalmente fitas dupla-face: fita dupla-face sem substrato AMK, fita dupla-face PET, AMK9495, espuma imperme\u00e1vel AMK, espuma AMK-PE, espuma acr\u00edlica AMK, espuma n\u00e3o tecida de algod\u00e3o AMK, adesivo retardante de chamas AMK, fita dupla-face especial para cal\u00e7ados de couro AMK, fita dupla-face enroladora AMK, fita dupla-face remov\u00edvel AMK. Os produtos s\u00e3o produzidos desde a colagem at\u00e9 o corte. Sob a orienta\u00e7\u00e3o da pol\u00edtica de qualidade de &quot;buscar a excel\u00eancia, criar a perfei\u00e7\u00e3o, estabelecer marcas e atender aos clientes&quot;, a Omiko Enterprise est\u00e1 comprometida com a reforma do sistema de gest\u00e3o interna. A empresa possui linhas de produ\u00e7\u00e3o de fitas adesivas avan\u00e7adas e processos de produ\u00e7\u00e3o avan\u00e7ados. Uma gest\u00e3o t\u00e9cnica rigorosa garante a qualidade dos produtos da empresa. Utiliza mat\u00e9rias-primas padr\u00e3o nacionais e estrangeiras, tecnologia avan\u00e7ada e coopera com engenheiros e qu\u00edmicos experientes. O desenvolvimento de produtos, a aquisi\u00e7\u00e3o de mat\u00e9rias-primas, a produ\u00e7\u00e3o e outros processos s\u00e3o rigorosamente controlados, garantindo a qualidade do produto. A empresa goza de grande reputa\u00e7\u00e3o no setor e os produtos produzidos s\u00e3o bem recebidos pelos clientes. &quot;Qualidade em primeiro lugar, reputa\u00e7\u00e3o em primeiro lugar, clientes em primeiro lugar&quot; \u00e9 a nossa busca incessante. A Omiko acolhe calorosamente comerciantes chineses e estrangeiros para processar amostras, personalizar produtos adesivos e negociar neg\u00f3cios com adesivos por carta ou telefone. Atenderemos voc\u00ea com a filosofia empresarial de &quot;honestidade e confiabilidade&quot; para alcan\u00e7ar uma situa\u00e7\u00e3o vantajosa para todos. Vamos trabalhar juntos para o desenvolvimento e construir um futuro melhor.<\/p>","protected":false},"excerpt":{"rendered":"<p>Dongguan Omiko New Materials Co., Ltd. provides one-stop service for the research and development, production and sales of adhesive products. It mainly produces double-sided tapes: AMK non-substrate double-sided tape, PET double-sided tape, AMK9495, AMK waterproof foam, AMK-PE foam, AMK acrylic [&hellip;]<\/p>\n","protected":false},"featured_media":0,"comment_status":"open","ping_status":"closed","template":"","meta":{"_price":"","_stock":"","_tribe_ticket_header":"","_tribe_default_ticket_provider":"","_tribe_ticket_capacity":"0","_ticket_start_date":"","_ticket_end_date":"","_tribe_ticket_show_description":"","_tribe_ticket_show_not_going":false,"_tribe_ticket_use_global_stock":"","_tribe_ticket_global_stock_level":"","_global_stock_mode":"","_global_stock_cap":"","_tribe_rsvp_for_event":"","_tribe_ticket_going_count":"","_tribe_ticket_not_going_count":"","_tribe_tickets_list":"[]","_tribe_ticket_has_attendee_info_fields":false,"_bos_mb_destination":[],"_tec_slr_enabled":"","_tec_slr_layout":""},"product_brand":[],"product_cat":[124],"product_tag":[],"country":[51],"class_list":{"0":"post-9093","1":"product","2":"type-product","3":"status-publish","5":"product_cat-tape-glue","6":"country-china","8":"first","9":"instock","10":"shipping-taxable","11":"product-type-simple"},"yoast_head":"<!-- This site is optimized with the Yoast SEO plugin v27.4 - https:\/\/yoast.com\/product\/yoast-seo-wordpress\/ -->\n<title>Dongguan Omike New Materials Co., Ltd. - OFFICIAL China Hair Expo 2026<\/title>\n<meta name=\"robots\" content=\"index, follow, max-snippet:-1, max-image-preview:large, max-video-preview:-1\" \/>\n<link rel=\"canonical\" href=\"https:\/\/internationalhairfair.com\/pt\/produto\/dongguan-omike-new-materials-co-ltd\/\" \/>\n<meta property=\"og:locale\" content=\"pt_BR\" \/>\n<meta property=\"og:type\" content=\"article\" \/>\n<meta property=\"og:title\" content=\"Dongguan Omike New Materials Co., Ltd. - OFFICIAL China Hair Expo 2026\" \/>\n<meta property=\"og:description\" content=\"Dongguan Omiko New Materials Co., Ltd. provides one-stop service for the research and development, production and sales of adhesive products. It mainly produces double-sided tapes: AMK non-substrate double-sided tape, PET double-sided tape, AMK9495, AMK waterproof foam, AMK-PE foam, AMK acrylic [&hellip;]\" \/>\n<meta property=\"og:url\" content=\"https:\/\/internationalhairfair.com\/pt\/produto\/dongguan-omike-new-materials-co-ltd\/\" \/>\n<meta property=\"og:site_name\" content=\"OFFICIAL China Hair Expo 2026\" \/>\n<meta property=\"article:publisher\" content=\"https:\/\/www.facebook.com\/internationalhairfair\" \/>\n<meta property=\"og:image\" content=\"https:\/\/internationalhairfair.com\/wp-content\/uploads\/2023\/03\/21232017_387032875046876_5991574462003670018_n2-1.jpg\" \/>\n\t<meta property=\"og:image:width\" content=\"960\" \/>\n\t<meta property=\"og:image:height\" content=\"640\" \/>\n\t<meta property=\"og:image:type\" content=\"image\/jpeg\" \/>\n<meta name=\"twitter:card\" content=\"summary_large_image\" \/>\n<script type=\"application\/ld+json\" class=\"yoast-schema-graph\">{\"@context\":\"https:\\\/\\\/schema.org\",\"@graph\":[{\"@type\":\"WebPage\",\"@id\":\"https:\\\/\\\/internationalhairfair.com\\\/product\\\/dongguan-omike-new-materials-co-ltd\\\/\",\"url\":\"https:\\\/\\\/internationalhairfair.com\\\/product\\\/dongguan-omike-new-materials-co-ltd\\\/\",\"name\":\"Dongguan Omike New Materials Co., Ltd. - OFFICIAL China Hair Expo 2026\",\"isPartOf\":{\"@id\":\"https:\\\/\\\/internationalhairfair.com\\\/#website\"},\"datePublished\":\"2025-08-08T10:36:01+00:00\",\"breadcrumb\":{\"@id\":\"https:\\\/\\\/internationalhairfair.com\\\/product\\\/dongguan-omike-new-materials-co-ltd\\\/#breadcrumb\"},\"inLanguage\":\"pt-BR\",\"potentialAction\":[{\"@type\":\"ReadAction\",\"target\":[\"https:\\\/\\\/internationalhairfair.com\\\/product\\\/dongguan-omike-new-materials-co-ltd\\\/\"]}]},{\"@type\":\"BreadcrumbList\",\"@id\":\"https:\\\/\\\/internationalhairfair.com\\\/product\\\/dongguan-omike-new-materials-co-ltd\\\/#breadcrumb\",\"itemListElement\":[{\"@type\":\"ListItem\",\"position\":1,\"name\":\"Home\",\"item\":\"https:\\\/\\\/internationalhairfair.com\\\/\"},{\"@type\":\"ListItem\",\"position\":2,\"name\":\"Products\",\"item\":\"https:\\\/\\\/internationalhairfair.com\\\/shop\\\/\"},{\"@type\":\"ListItem\",\"position\":3,\"name\":\"Dongguan Omike New Materials Co., Ltd.\"}]},{\"@type\":\"WebSite\",\"@id\":\"https:\\\/\\\/internationalhairfair.com\\\/#website\",\"url\":\"https:\\\/\\\/internationalhairfair.com\\\/\",\"name\":\"OFFICIAL website China International Hair Fair 2025\",\"description\":\"The biggest hair fair in the world!\",\"publisher\":{\"@id\":\"https:\\\/\\\/internationalhairfair.com\\\/#organization\"},\"potentialAction\":[{\"@type\":\"SearchAction\",\"target\":{\"@type\":\"EntryPoint\",\"urlTemplate\":\"https:\\\/\\\/internationalhairfair.com\\\/?s={search_term_string}\"},\"query-input\":{\"@type\":\"PropertyValueSpecification\",\"valueRequired\":true,\"valueName\":\"search_term_string\"}}],\"inLanguage\":\"pt-BR\"},{\"@type\":\"Organization\",\"@id\":\"https:\\\/\\\/internationalhairfair.com\\\/#organization\",\"name\":\"OFFICIAL website China International Hair Fair 2025\",\"url\":\"https:\\\/\\\/internationalhairfair.com\\\/\",\"logo\":{\"@type\":\"ImageObject\",\"inLanguage\":\"pt-BR\",\"@id\":\"https:\\\/\\\/internationalhairfair.com\\\/#\\\/schema\\\/logo\\\/image\\\/\",\"url\":\"https:\\\/\\\/internationalhairfair.com\\\/wp-content\\\/uploads\\\/2023\\\/03\\\/ms-icon-70x70-2.png\",\"contentUrl\":\"https:\\\/\\\/internationalhairfair.com\\\/wp-content\\\/uploads\\\/2023\\\/03\\\/ms-icon-70x70-2.png\",\"width\":70,\"height\":70,\"caption\":\"OFFICIAL website China International Hair Fair 2025\"},\"image\":{\"@id\":\"https:\\\/\\\/internationalhairfair.com\\\/#\\\/schema\\\/logo\\\/image\\\/\"},\"sameAs\":[\"https:\\\/\\\/www.facebook.com\\\/internationalhairfair\",\"https:\\\/\\\/instagram.com\\\/chinainternationalhairfair\",\"https:\\\/\\\/ca.linkedin.com\\\/company\\\/international-hair-fair\"]}]}<\/script>\n<!-- \/ Yoast SEO plugin. -->","yoast_head_json":{"title":"Dongguan Omike New Materials Co., Ltd. - Exposi\u00e7\u00e3o Oficial de Cabelo da China 2026","robots":{"index":"index","follow":"follow","max-snippet":"max-snippet:-1","max-image-preview":"max-image-preview:large","max-video-preview":"max-video-preview:-1"},"canonical":"https:\/\/internationalhairfair.com\/pt\/produto\/dongguan-omike-new-materials-co-ltd\/","og_locale":"pt_BR","og_type":"article","og_title":"Dongguan Omike New Materials Co., Ltd. - OFFICIAL China Hair Expo 2026","og_description":"Dongguan Omiko New Materials Co., Ltd. provides one-stop service for the research and development, production and sales of adhesive products. It mainly produces double-sided tapes: AMK non-substrate double-sided tape, PET double-sided tape, AMK9495, AMK waterproof foam, AMK-PE foam, AMK acrylic [&hellip;]","og_url":"https:\/\/internationalhairfair.com\/pt\/produto\/dongguan-omike-new-materials-co-ltd\/","og_site_name":"OFFICIAL China Hair Expo 2026","article_publisher":"https:\/\/www.facebook.com\/internationalhairfair","og_image":[{"width":960,"height":640,"url":"https:\/\/internationalhairfair.com\/wp-content\/uploads\/2023\/03\/21232017_387032875046876_5991574462003670018_n2-1.jpg","type":"image\/jpeg"}],"twitter_card":"summary_large_image","schema":{"@context":"https:\/\/schema.org","@graph":[{"@type":"WebPage","@id":"https:\/\/internationalhairfair.com\/product\/dongguan-omike-new-materials-co-ltd\/","url":"https:\/\/internationalhairfair.com\/product\/dongguan-omike-new-materials-co-ltd\/","name":"Dongguan Omike New Materials Co., Ltd. - Exposi\u00e7\u00e3o Oficial de Cabelo da China 2026","isPartOf":{"@id":"https:\/\/internationalhairfair.com\/#website"},"datePublished":"2025-08-08T10:36:01+00:00","breadcrumb":{"@id":"https:\/\/internationalhairfair.com\/product\/dongguan-omike-new-materials-co-ltd\/#breadcrumb"},"inLanguage":"pt-BR","potentialAction":[{"@type":"ReadAction","target":["https:\/\/internationalhairfair.com\/product\/dongguan-omike-new-materials-co-ltd\/"]}]},{"@type":"BreadcrumbList","@id":"https:\/\/internationalhairfair.com\/product\/dongguan-omike-new-materials-co-ltd\/#breadcrumb","itemListElement":[{"@type":"ListItem","position":1,"name":"Home","item":"https:\/\/internationalhairfair.com\/"},{"@type":"ListItem","position":2,"name":"Products","item":"https:\/\/internationalhairfair.com\/shop\/"},{"@type":"ListItem","position":3,"name":"Dongguan Omike New Materials Co., Ltd."}]},{"@type":"WebSite","@id":"https:\/\/internationalhairfair.com\/#website","url":"https:\/\/internationalhairfair.com\/","name":"Site OFICIAL da Feira Internacional do Cabelo da China 2025","description":"A maior feira de cabelos do mundo!","publisher":{"@id":"https:\/\/internationalhairfair.com\/#organization"},"potentialAction":[{"@type":"SearchAction","target":{"@type":"EntryPoint","urlTemplate":"https:\/\/internationalhairfair.com\/?s={search_term_string}"},"query-input":{"@type":"PropertyValueSpecification","valueRequired":true,"valueName":"search_term_string"}}],"inLanguage":"pt-BR"},{"@type":"Organization","@id":"https:\/\/internationalhairfair.com\/#organization","name":"Site OFICIAL da Feira Internacional do Cabelo da China 2025","url":"https:\/\/internationalhairfair.com\/","logo":{"@type":"ImageObject","inLanguage":"pt-BR","@id":"https:\/\/internationalhairfair.com\/#\/schema\/logo\/image\/","url":"https:\/\/internationalhairfair.com\/wp-content\/uploads\/2023\/03\/ms-icon-70x70-2.png","contentUrl":"https:\/\/internationalhairfair.com\/wp-content\/uploads\/2023\/03\/ms-icon-70x70-2.png","width":70,"height":70,"caption":"OFFICIAL website China International Hair Fair 2025"},"image":{"@id":"https:\/\/internationalhairfair.com\/#\/schema\/logo\/image\/"},"sameAs":["https:\/\/www.facebook.com\/internationalhairfair","https:\/\/instagram.com\/chinainternationalhairfair","https:\/\/ca.linkedin.com\/company\/international-hair-fair"]}]}},"_links":{"self":[{"href":"https:\/\/internationalhairfair.com\/pt\/wp-json\/wp\/v2\/product\/9093","targetHints":{"allow":["GET"]}}],"collection":[{"href":"https:\/\/internationalhairfair.com\/pt\/wp-json\/wp\/v2\/product"}],"about":[{"href":"https:\/\/internationalhairfair.com\/pt\/wp-json\/wp\/v2\/types\/product"}],"replies":[{"embeddable":true,"href":"https:\/\/internationalhairfair.com\/pt\/wp-json\/wp\/v2\/comments?post=9093"}],"wp:attachment":[{"href":"https:\/\/internationalhairfair.com\/pt\/wp-json\/wp\/v2\/media?parent=9093"}],"wp:term":[{"taxonomy":"product_brand","embeddable":true,"href":"https:\/\/internationalhairfair.com\/pt\/wp-json\/wp\/v2\/product_brand?post=9093"},{"taxonomy":"product_cat","embeddable":true,"href":"https:\/\/internationalhairfair.com\/pt\/wp-json\/wp\/v2\/product_cat?post=9093"},{"taxonomy":"product_tag","embeddable":true,"href":"https:\/\/internationalhairfair.com\/pt\/wp-json\/wp\/v2\/product_tag?post=9093"},{"taxonomy":"country","embeddable":true,"href":"https:\/\/internationalhairfair.com\/pt\/wp-json\/wp\/v2\/country?post=9093"}],"curies":[{"name":"wp","href":"https:\/\/api.w.org\/{rel}","templated":true}]}}