{"id":9070,"date":"2025-08-08T10:20:38","date_gmt":"2025-08-08T10:20:38","guid":{"rendered":"https:\/\/internationalhairfair.com\/?post_type=product&#038;p=9070"},"modified":"2025-08-08T10:20:38","modified_gmt":"2025-08-08T10:20:38","slug":"guangdong-xinpeng-chemical-industry-co-ltd","status":"publish","type":"product","link":"https:\/\/internationalhairfair.com\/pt\/produto\/guangdong-xinpeng-chemical-industry-co-ltd\/","title":{"rendered":"Ind\u00fastria Qu\u00edmica de Guangdong Xinpeng Co., Ltd."},"content":{"rendered":"<p>A Guangdong Xinpeng Chemical Industry Co., Ltd. est\u00e1 localizada no Parque Industrial de Qu\u00edmica Fina da Zona de Desenvolvimento Industrial de Alta Tecnologia de Jinli, na cidade de Zhaoqing, prov\u00edncia de Guangdong. \u00c9 uma empresa especializada em pesquisa e desenvolvimento, produ\u00e7\u00e3o e vendas de diversos produtos em aerossol. A f\u00e1brica ocupa uma \u00e1rea de aproximadamente 25.000 metros quadrados e possui oficinas de aerossol industriais e residenciais, oficinas de produtos de manuten\u00e7\u00e3o automotiva e oficinas de aerossol cosm\u00e9tico. Disp\u00f5e de 13 linhas de produ\u00e7\u00e3o totalmente automatizadas e instala\u00e7\u00f5es de apoio, al\u00e9m de salas profissionais de inspe\u00e7\u00e3o de produtos e P&amp;D. A empresa obteve licen\u00e7as de seguran\u00e7a para produ\u00e7\u00e3o de produtos qu\u00edmicos perigosos, licen\u00e7as para produ\u00e7\u00e3o de cosm\u00e9ticos e licen\u00e7as para produ\u00e7\u00e3o de pesticidas, al\u00e9m de possuir certifica\u00e7\u00f5es de sistema de gest\u00e3o da qualidade ISO9001, ISO14000, ISO22176, IATF16949, entre outras, al\u00e9m de diversas certifica\u00e7\u00f5es internacionais. Somos especializados em fornecer aos clientes nacionais e estrangeiros sprays aeross\u00f3is, agentes desmoldantes industriais, agentes de limpeza de mofo, antiferrugem, agentes de limpeza de carburador, limpadores de espuma multifuncionais, removedores de adesivos, aditivos para combust\u00edvel, limpadores catal\u00edticos de tr\u00eas vias, purificadores de ar, desodorantes de ar, inseticidas aeross\u00f3is, desinfetantes para ar-condicionado, limpadores de \u00f3leo de cozinha, desodorizadores de cal\u00e7ados, sprays hidratantes, protetores solares clareadores, mousses faciais, sprays para modelar cabelos, sprays para colorir cabelos, fitas, sprays para neve, sprays para congelamento esportivo, sprays para \u00f3leo comest\u00edvel e outros produtos em aerossol. Servi\u00e7os OEM profissionais.<\/p>","protected":false},"excerpt":{"rendered":"<p>Guangdong Xinpeng Chemical Industry Co., Ltd. is located in the Fine Chemical Industry Park of Jinli High-tech Industrial Development Zone, Zhaoqing City, Guangdong Province. It is a company specializing in the research and development, production and sales of various aerosol [&hellip;]<\/p>\n","protected":false},"featured_media":0,"comment_status":"open","ping_status":"closed","template":"","meta":{"_price":"","_stock":"","_tribe_ticket_header":"","_tribe_default_ticket_provider":"","_tribe_ticket_capacity":"0","_ticket_start_date":"","_ticket_end_date":"","_tribe_ticket_show_description":"","_tribe_ticket_show_not_going":false,"_tribe_ticket_use_global_stock":"","_tribe_ticket_global_stock_level":"","_global_stock_mode":"","_global_stock_cap":"","_tribe_rsvp_for_event":"","_tribe_ticket_going_count":"","_tribe_ticket_not_going_count":"","_tribe_tickets_list":"[]","_tribe_ticket_has_attendee_info_fields":false,"_bos_mb_destination":[],"_tec_slr_enabled":"","_tec_slr_layout":""},"product_brand":[],"product_cat":[120],"product_tag":[],"country":[51],"class_list":{"0":"post-9070","1":"product","2":"type-product","3":"status-publish","5":"product_cat-spray-glue","6":"country-china","8":"first","9":"instock","10":"shipping-taxable","11":"product-type-simple"},"yoast_head":"<!-- This site is optimized with the Yoast SEO plugin v27.4 - https:\/\/yoast.com\/product\/yoast-seo-wordpress\/ -->\n<title>Guangdong Xinpeng Chemical Industry Co., Ltd. - OFFICIAL China Hair Expo 2026<\/title>\n<meta name=\"robots\" content=\"index, follow, max-snippet:-1, max-image-preview:large, max-video-preview:-1\" \/>\n<link rel=\"canonical\" href=\"https:\/\/internationalhairfair.com\/pt\/produto\/guangdong-xinpeng-chemical-industry-co-ltd\/\" \/>\n<meta property=\"og:locale\" content=\"pt_BR\" \/>\n<meta property=\"og:type\" content=\"article\" \/>\n<meta property=\"og:title\" content=\"Guangdong Xinpeng Chemical Industry Co., Ltd. - OFFICIAL China Hair Expo 2026\" \/>\n<meta property=\"og:description\" content=\"Guangdong Xinpeng Chemical Industry Co., Ltd. is located in the Fine Chemical Industry Park of Jinli High-tech Industrial Development Zone, Zhaoqing City, Guangdong Province. It is a company specializing in the research and development, production and sales of various aerosol [&hellip;]\" \/>\n<meta property=\"og:url\" content=\"https:\/\/internationalhairfair.com\/pt\/produto\/guangdong-xinpeng-chemical-industry-co-ltd\/\" \/>\n<meta property=\"og:site_name\" content=\"OFFICIAL China Hair Expo 2026\" \/>\n<meta property=\"article:publisher\" content=\"https:\/\/www.facebook.com\/internationalhairfair\" \/>\n<meta property=\"og:image\" content=\"https:\/\/internationalhairfair.com\/wp-content\/uploads\/2023\/03\/21232017_387032875046876_5991574462003670018_n2-1.jpg\" \/>\n\t<meta property=\"og:image:width\" content=\"960\" \/>\n\t<meta property=\"og:image:height\" content=\"640\" \/>\n\t<meta property=\"og:image:type\" content=\"image\/jpeg\" \/>\n<meta name=\"twitter:card\" content=\"summary_large_image\" \/>\n<script type=\"application\/ld+json\" class=\"yoast-schema-graph\">{\"@context\":\"https:\\\/\\\/schema.org\",\"@graph\":[{\"@type\":\"WebPage\",\"@id\":\"https:\\\/\\\/internationalhairfair.com\\\/product\\\/guangdong-xinpeng-chemical-industry-co-ltd\\\/\",\"url\":\"https:\\\/\\\/internationalhairfair.com\\\/product\\\/guangdong-xinpeng-chemical-industry-co-ltd\\\/\",\"name\":\"Guangdong Xinpeng Chemical Industry Co., Ltd. - OFFICIAL China Hair Expo 2026\",\"isPartOf\":{\"@id\":\"https:\\\/\\\/internationalhairfair.com\\\/#website\"},\"datePublished\":\"2025-08-08T10:20:38+00:00\",\"breadcrumb\":{\"@id\":\"https:\\\/\\\/internationalhairfair.com\\\/product\\\/guangdong-xinpeng-chemical-industry-co-ltd\\\/#breadcrumb\"},\"inLanguage\":\"pt-BR\",\"potentialAction\":[{\"@type\":\"ReadAction\",\"target\":[\"https:\\\/\\\/internationalhairfair.com\\\/product\\\/guangdong-xinpeng-chemical-industry-co-ltd\\\/\"]}]},{\"@type\":\"BreadcrumbList\",\"@id\":\"https:\\\/\\\/internationalhairfair.com\\\/product\\\/guangdong-xinpeng-chemical-industry-co-ltd\\\/#breadcrumb\",\"itemListElement\":[{\"@type\":\"ListItem\",\"position\":1,\"name\":\"Home\",\"item\":\"https:\\\/\\\/internationalhairfair.com\\\/\"},{\"@type\":\"ListItem\",\"position\":2,\"name\":\"Products\",\"item\":\"https:\\\/\\\/internationalhairfair.com\\\/shop\\\/\"},{\"@type\":\"ListItem\",\"position\":3,\"name\":\"Guangdong Xinpeng Chemical Industry Co., Ltd.\"}]},{\"@type\":\"WebSite\",\"@id\":\"https:\\\/\\\/internationalhairfair.com\\\/#website\",\"url\":\"https:\\\/\\\/internationalhairfair.com\\\/\",\"name\":\"OFFICIAL website China International Hair Fair 2025\",\"description\":\"The biggest hair fair in the world!\",\"publisher\":{\"@id\":\"https:\\\/\\\/internationalhairfair.com\\\/#organization\"},\"potentialAction\":[{\"@type\":\"SearchAction\",\"target\":{\"@type\":\"EntryPoint\",\"urlTemplate\":\"https:\\\/\\\/internationalhairfair.com\\\/?s={search_term_string}\"},\"query-input\":{\"@type\":\"PropertyValueSpecification\",\"valueRequired\":true,\"valueName\":\"search_term_string\"}}],\"inLanguage\":\"pt-BR\"},{\"@type\":\"Organization\",\"@id\":\"https:\\\/\\\/internationalhairfair.com\\\/#organization\",\"name\":\"OFFICIAL website China International Hair Fair 2025\",\"url\":\"https:\\\/\\\/internationalhairfair.com\\\/\",\"logo\":{\"@type\":\"ImageObject\",\"inLanguage\":\"pt-BR\",\"@id\":\"https:\\\/\\\/internationalhairfair.com\\\/#\\\/schema\\\/logo\\\/image\\\/\",\"url\":\"https:\\\/\\\/internationalhairfair.com\\\/wp-content\\\/uploads\\\/2023\\\/03\\\/ms-icon-70x70-2.png\",\"contentUrl\":\"https:\\\/\\\/internationalhairfair.com\\\/wp-content\\\/uploads\\\/2023\\\/03\\\/ms-icon-70x70-2.png\",\"width\":70,\"height\":70,\"caption\":\"OFFICIAL website China International Hair Fair 2025\"},\"image\":{\"@id\":\"https:\\\/\\\/internationalhairfair.com\\\/#\\\/schema\\\/logo\\\/image\\\/\"},\"sameAs\":[\"https:\\\/\\\/www.facebook.com\\\/internationalhairfair\",\"https:\\\/\\\/instagram.com\\\/chinainternationalhairfair\",\"https:\\\/\\\/ca.linkedin.com\\\/company\\\/international-hair-fair\"]}]}<\/script>\n<!-- \/ Yoast SEO plugin. -->","yoast_head_json":{"title":"Guangdong Xinpeng Chemical Industry Co., Ltd. - OFFICIAL China Hair Expo 2026","robots":{"index":"index","follow":"follow","max-snippet":"max-snippet:-1","max-image-preview":"max-image-preview:large","max-video-preview":"max-video-preview:-1"},"canonical":"https:\/\/internationalhairfair.com\/pt\/produto\/guangdong-xinpeng-chemical-industry-co-ltd\/","og_locale":"pt_BR","og_type":"article","og_title":"Guangdong Xinpeng Chemical Industry Co., Ltd. - OFFICIAL China Hair Expo 2026","og_description":"Guangdong Xinpeng Chemical Industry Co., Ltd. is located in the Fine Chemical Industry Park of Jinli High-tech Industrial Development Zone, Zhaoqing City, Guangdong Province. It is a company specializing in the research and development, production and sales of various aerosol [&hellip;]","og_url":"https:\/\/internationalhairfair.com\/pt\/produto\/guangdong-xinpeng-chemical-industry-co-ltd\/","og_site_name":"OFFICIAL China Hair Expo 2026","article_publisher":"https:\/\/www.facebook.com\/internationalhairfair","og_image":[{"width":960,"height":640,"url":"https:\/\/internationalhairfair.com\/wp-content\/uploads\/2023\/03\/21232017_387032875046876_5991574462003670018_n2-1.jpg","type":"image\/jpeg"}],"twitter_card":"summary_large_image","schema":{"@context":"https:\/\/schema.org","@graph":[{"@type":"WebPage","@id":"https:\/\/internationalhairfair.com\/product\/guangdong-xinpeng-chemical-industry-co-ltd\/","url":"https:\/\/internationalhairfair.com\/product\/guangdong-xinpeng-chemical-industry-co-ltd\/","name":"Guangdong Xinpeng Chemical Industry Co., Ltd. - OFFICIAL China Hair Expo 2026","isPartOf":{"@id":"https:\/\/internationalhairfair.com\/#website"},"datePublished":"2025-08-08T10:20:38+00:00","breadcrumb":{"@id":"https:\/\/internationalhairfair.com\/product\/guangdong-xinpeng-chemical-industry-co-ltd\/#breadcrumb"},"inLanguage":"pt-BR","potentialAction":[{"@type":"ReadAction","target":["https:\/\/internationalhairfair.com\/product\/guangdong-xinpeng-chemical-industry-co-ltd\/"]}]},{"@type":"BreadcrumbList","@id":"https:\/\/internationalhairfair.com\/product\/guangdong-xinpeng-chemical-industry-co-ltd\/#breadcrumb","itemListElement":[{"@type":"ListItem","position":1,"name":"Home","item":"https:\/\/internationalhairfair.com\/"},{"@type":"ListItem","position":2,"name":"Products","item":"https:\/\/internationalhairfair.com\/shop\/"},{"@type":"ListItem","position":3,"name":"Guangdong Xinpeng Chemical Industry Co., Ltd."}]},{"@type":"WebSite","@id":"https:\/\/internationalhairfair.com\/#website","url":"https:\/\/internationalhairfair.com\/","name":"Site OFICIAL da Feira Internacional do Cabelo da China 2025","description":"A maior feira de cabelos do mundo!","publisher":{"@id":"https:\/\/internationalhairfair.com\/#organization"},"potentialAction":[{"@type":"SearchAction","target":{"@type":"EntryPoint","urlTemplate":"https:\/\/internationalhairfair.com\/?s={search_term_string}"},"query-input":{"@type":"PropertyValueSpecification","valueRequired":true,"valueName":"search_term_string"}}],"inLanguage":"pt-BR"},{"@type":"Organization","@id":"https:\/\/internationalhairfair.com\/#organization","name":"Site OFICIAL da Feira Internacional do Cabelo da China 2025","url":"https:\/\/internationalhairfair.com\/","logo":{"@type":"ImageObject","inLanguage":"pt-BR","@id":"https:\/\/internationalhairfair.com\/#\/schema\/logo\/image\/","url":"https:\/\/internationalhairfair.com\/wp-content\/uploads\/2023\/03\/ms-icon-70x70-2.png","contentUrl":"https:\/\/internationalhairfair.com\/wp-content\/uploads\/2023\/03\/ms-icon-70x70-2.png","width":70,"height":70,"caption":"OFFICIAL website China International Hair Fair 2025"},"image":{"@id":"https:\/\/internationalhairfair.com\/#\/schema\/logo\/image\/"},"sameAs":["https:\/\/www.facebook.com\/internationalhairfair","https:\/\/instagram.com\/chinainternationalhairfair","https:\/\/ca.linkedin.com\/company\/international-hair-fair"]}]}},"_links":{"self":[{"href":"https:\/\/internationalhairfair.com\/pt\/wp-json\/wp\/v2\/product\/9070","targetHints":{"allow":["GET"]}}],"collection":[{"href":"https:\/\/internationalhairfair.com\/pt\/wp-json\/wp\/v2\/product"}],"about":[{"href":"https:\/\/internationalhairfair.com\/pt\/wp-json\/wp\/v2\/types\/product"}],"replies":[{"embeddable":true,"href":"https:\/\/internationalhairfair.com\/pt\/wp-json\/wp\/v2\/comments?post=9070"}],"wp:attachment":[{"href":"https:\/\/internationalhairfair.com\/pt\/wp-json\/wp\/v2\/media?parent=9070"}],"wp:term":[{"taxonomy":"product_brand","embeddable":true,"href":"https:\/\/internationalhairfair.com\/pt\/wp-json\/wp\/v2\/product_brand?post=9070"},{"taxonomy":"product_cat","embeddable":true,"href":"https:\/\/internationalhairfair.com\/pt\/wp-json\/wp\/v2\/product_cat?post=9070"},{"taxonomy":"product_tag","embeddable":true,"href":"https:\/\/internationalhairfair.com\/pt\/wp-json\/wp\/v2\/product_tag?post=9070"},{"taxonomy":"country","embeddable":true,"href":"https:\/\/internationalhairfair.com\/pt\/wp-json\/wp\/v2\/country?post=9070"}],"curies":[{"name":"wp","href":"https:\/\/api.w.org\/{rel}","templated":true}]}}