{"id":9051,"date":"2025-08-08T10:03:12","date_gmt":"2025-08-08T10:03:12","guid":{"rendered":"https:\/\/internationalhairfair.com\/?post_type=product&#038;p=9051"},"modified":"2025-08-08T10:03:12","modified_gmt":"2025-08-08T10:03:12","slug":"juancheng-meiren-hair-products-co-ltd","status":"publish","type":"product","link":"https:\/\/internationalhairfair.com\/pt\/produto\/juancheng-meiren-hair-products-co-ltd\/","title":{"rendered":"Produtos de cabelo Co. de Juancheng Meiren, Ltd."},"content":{"rendered":"<p>Tamb\u00e9m possu\u00edmos capacidade suficiente de produ\u00e7\u00e3o e processamento, al\u00e9m de capacidade de inova\u00e7\u00e3o de produtos. Atualmente, a empresa produz cerca de 30.000 tipos de cabelos lisos e cacheados. Al\u00e9m de fibras mistas, tamb\u00e9m desenvolvemos variedades especiais, como fibras termocr\u00f4micas, fibras fotocr\u00f4micas, fibras luminosas, fibras \u00e0 prova de UV, fibras marshmallow, fibras retardantes de fogo, fibras antibacterianas e fibras de cores mistas, de acordo com as necessidades do mercado.<\/p>","protected":false},"excerpt":{"rendered":"<p>We also have sufficient production and processing capabilities and product innovation capabilities. At present, the company can produce about 30,000 kinds of straight hair, curly hair, In addition to mixed fibers, we also develop special varieties such as thermochromic fibers, [&hellip;]<\/p>\n","protected":false},"featured_media":0,"comment_status":"open","ping_status":"closed","template":"","meta":{"_price":"","_stock":"","_tribe_ticket_header":"","_tribe_default_ticket_provider":"","_tribe_ticket_capacity":"0","_ticket_start_date":"","_ticket_end_date":"","_tribe_ticket_show_description":"","_tribe_ticket_show_not_going":false,"_tribe_ticket_use_global_stock":"","_tribe_ticket_global_stock_level":"","_global_stock_mode":"","_global_stock_cap":"","_tribe_rsvp_for_event":"","_tribe_ticket_going_count":"","_tribe_ticket_not_going_count":"","_tribe_tickets_list":"[]","_tribe_ticket_has_attendee_info_fields":false,"_bos_mb_destination":[],"_tec_slr_enabled":"","_tec_slr_layout":""},"product_brand":[],"product_cat":[66],"product_tag":[],"country":[51],"class_list":{"0":"post-9051","1":"product","2":"type-product","3":"status-publish","5":"product_cat-hair-extensions","6":"country-china","8":"first","9":"instock","10":"shipping-taxable","11":"product-type-simple"},"yoast_head":"<!-- This site is optimized with the Yoast SEO plugin v27.3 - https:\/\/yoast.com\/product\/yoast-seo-wordpress\/ -->\n<title>Juancheng Meiren Hair Products Co., Ltd. - OFFICIAL China Hair Expo 2026<\/title>\n<meta name=\"robots\" content=\"index, follow, max-snippet:-1, max-image-preview:large, max-video-preview:-1\" \/>\n<link rel=\"canonical\" href=\"https:\/\/internationalhairfair.com\/pt\/produto\/juancheng-meiren-hair-products-co-ltd\/\" \/>\n<meta property=\"og:locale\" content=\"pt_BR\" \/>\n<meta property=\"og:type\" content=\"article\" \/>\n<meta property=\"og:title\" content=\"Juancheng Meiren Hair Products Co., Ltd. - OFFICIAL China Hair Expo 2026\" \/>\n<meta property=\"og:description\" content=\"We also have sufficient production and processing capabilities and product innovation capabilities. At present, the company can produce about 30,000 kinds of straight hair, curly hair, In addition to mixed fibers, we also develop special varieties such as thermochromic fibers, [&hellip;]\" \/>\n<meta property=\"og:url\" content=\"https:\/\/internationalhairfair.com\/pt\/produto\/juancheng-meiren-hair-products-co-ltd\/\" \/>\n<meta property=\"og:site_name\" content=\"OFFICIAL China Hair Expo 2026\" \/>\n<meta property=\"article:publisher\" content=\"https:\/\/www.facebook.com\/internationalhairfair\" \/>\n<meta property=\"og:image\" content=\"https:\/\/internationalhairfair.com\/wp-content\/uploads\/2023\/03\/21232017_387032875046876_5991574462003670018_n2-1.jpg\" \/>\n\t<meta property=\"og:image:width\" content=\"960\" \/>\n\t<meta property=\"og:image:height\" content=\"640\" \/>\n\t<meta property=\"og:image:type\" content=\"image\/jpeg\" \/>\n<meta name=\"twitter:card\" content=\"summary_large_image\" \/>\n<script type=\"application\/ld+json\" class=\"yoast-schema-graph\">{\"@context\":\"https:\\\/\\\/schema.org\",\"@graph\":[{\"@type\":\"WebPage\",\"@id\":\"https:\\\/\\\/internationalhairfair.com\\\/pt\\\/produto\\\/juancheng-meiren-hair-products-co-ltd\\\/\",\"url\":\"https:\\\/\\\/internationalhairfair.com\\\/pt\\\/produto\\\/juancheng-meiren-hair-products-co-ltd\\\/\",\"name\":\"Juancheng Meiren Hair Products Co., Ltd. - OFFICIAL China Hair Expo 2026\",\"isPartOf\":{\"@id\":\"https:\\\/\\\/internationalhairfair.com\\\/#website\"},\"datePublished\":\"2025-08-08T10:03:12+00:00\",\"breadcrumb\":{\"@id\":\"https:\\\/\\\/internationalhairfair.com\\\/pt\\\/produto\\\/juancheng-meiren-hair-products-co-ltd\\\/#breadcrumb\"},\"inLanguage\":\"pt-BR\",\"potentialAction\":[{\"@type\":\"ReadAction\",\"target\":[\"https:\\\/\\\/internationalhairfair.com\\\/pt\\\/produto\\\/juancheng-meiren-hair-products-co-ltd\\\/\"]}]},{\"@type\":\"BreadcrumbList\",\"@id\":\"https:\\\/\\\/internationalhairfair.com\\\/pt\\\/produto\\\/juancheng-meiren-hair-products-co-ltd\\\/#breadcrumb\",\"itemListElement\":[{\"@type\":\"ListItem\",\"position\":1,\"name\":\"Home\",\"item\":\"https:\\\/\\\/internationalhairfair.com\\\/\"},{\"@type\":\"ListItem\",\"position\":2,\"name\":\"Products\",\"item\":\"https:\\\/\\\/internationalhairfair.com\\\/shop\\\/\"},{\"@type\":\"ListItem\",\"position\":3,\"name\":\"Juancheng Meiren Hair Products Co., Ltd.\"}]},{\"@type\":\"WebSite\",\"@id\":\"https:\\\/\\\/internationalhairfair.com\\\/#website\",\"url\":\"https:\\\/\\\/internationalhairfair.com\\\/\",\"name\":\"OFFICIAL website China International Hair Fair 2025\",\"description\":\"The biggest hair fair in the world!\",\"publisher\":{\"@id\":\"https:\\\/\\\/internationalhairfair.com\\\/#organization\"},\"potentialAction\":[{\"@type\":\"SearchAction\",\"target\":{\"@type\":\"EntryPoint\",\"urlTemplate\":\"https:\\\/\\\/internationalhairfair.com\\\/?s={search_term_string}\"},\"query-input\":{\"@type\":\"PropertyValueSpecification\",\"valueRequired\":true,\"valueName\":\"search_term_string\"}}],\"inLanguage\":\"pt-BR\"},{\"@type\":\"Organization\",\"@id\":\"https:\\\/\\\/internationalhairfair.com\\\/#organization\",\"name\":\"OFFICIAL website China International Hair Fair 2025\",\"url\":\"https:\\\/\\\/internationalhairfair.com\\\/\",\"logo\":{\"@type\":\"ImageObject\",\"inLanguage\":\"pt-BR\",\"@id\":\"https:\\\/\\\/internationalhairfair.com\\\/#\\\/schema\\\/logo\\\/image\\\/\",\"url\":\"https:\\\/\\\/internationalhairfair.com\\\/wp-content\\\/uploads\\\/2023\\\/03\\\/ms-icon-70x70-2.png\",\"contentUrl\":\"https:\\\/\\\/internationalhairfair.com\\\/wp-content\\\/uploads\\\/2023\\\/03\\\/ms-icon-70x70-2.png\",\"width\":70,\"height\":70,\"caption\":\"OFFICIAL website China International Hair Fair 2025\"},\"image\":{\"@id\":\"https:\\\/\\\/internationalhairfair.com\\\/#\\\/schema\\\/logo\\\/image\\\/\"},\"sameAs\":[\"https:\\\/\\\/www.facebook.com\\\/internationalhairfair\",\"https:\\\/\\\/instagram.com\\\/chinainternationalhairfair\",\"https:\\\/\\\/ca.linkedin.com\\\/company\\\/international-hair-fair\"]}]}<\/script>\n<!-- \/ Yoast SEO plugin. -->","yoast_head_json":{"title":"Juancheng Meiren Hair Products Co., Ltd. - OFFICIAL China Hair Expo 2026","robots":{"index":"index","follow":"follow","max-snippet":"max-snippet:-1","max-image-preview":"max-image-preview:large","max-video-preview":"max-video-preview:-1"},"canonical":"https:\/\/internationalhairfair.com\/pt\/produto\/juancheng-meiren-hair-products-co-ltd\/","og_locale":"pt_BR","og_type":"article","og_title":"Juancheng Meiren Hair Products Co., Ltd. - OFFICIAL China Hair Expo 2026","og_description":"We also have sufficient production and processing capabilities and product innovation capabilities. At present, the company can produce about 30,000 kinds of straight hair, curly hair, In addition to mixed fibers, we also develop special varieties such as thermochromic fibers, [&hellip;]","og_url":"https:\/\/internationalhairfair.com\/pt\/produto\/juancheng-meiren-hair-products-co-ltd\/","og_site_name":"OFFICIAL China Hair Expo 2026","article_publisher":"https:\/\/www.facebook.com\/internationalhairfair","og_image":[{"width":960,"height":640,"url":"https:\/\/internationalhairfair.com\/wp-content\/uploads\/2023\/03\/21232017_387032875046876_5991574462003670018_n2-1.jpg","type":"image\/jpeg"}],"twitter_card":"summary_large_image","schema":{"@context":"https:\/\/schema.org","@graph":[{"@type":"WebPage","@id":"https:\/\/internationalhairfair.com\/pt\/produto\/juancheng-meiren-hair-products-co-ltd\/","url":"https:\/\/internationalhairfair.com\/pt\/produto\/juancheng-meiren-hair-products-co-ltd\/","name":"Juancheng Meiren Hair Products Co., Ltd. - OFFICIAL China Hair Expo 2026","isPartOf":{"@id":"https:\/\/internationalhairfair.com\/#website"},"datePublished":"2025-08-08T10:03:12+00:00","breadcrumb":{"@id":"https:\/\/internationalhairfair.com\/pt\/produto\/juancheng-meiren-hair-products-co-ltd\/#breadcrumb"},"inLanguage":"pt-BR","potentialAction":[{"@type":"ReadAction","target":["https:\/\/internationalhairfair.com\/pt\/produto\/juancheng-meiren-hair-products-co-ltd\/"]}]},{"@type":"BreadcrumbList","@id":"https:\/\/internationalhairfair.com\/pt\/produto\/juancheng-meiren-hair-products-co-ltd\/#breadcrumb","itemListElement":[{"@type":"ListItem","position":1,"name":"Home","item":"https:\/\/internationalhairfair.com\/"},{"@type":"ListItem","position":2,"name":"Products","item":"https:\/\/internationalhairfair.com\/shop\/"},{"@type":"ListItem","position":3,"name":"Juancheng Meiren Hair Products Co., Ltd."}]},{"@type":"WebSite","@id":"https:\/\/internationalhairfair.com\/#website","url":"https:\/\/internationalhairfair.com\/","name":"Site OFICIAL da Feira Internacional do Cabelo da China 2025","description":"A maior feira de cabelos do mundo!","publisher":{"@id":"https:\/\/internationalhairfair.com\/#organization"},"potentialAction":[{"@type":"SearchAction","target":{"@type":"EntryPoint","urlTemplate":"https:\/\/internationalhairfair.com\/?s={search_term_string}"},"query-input":{"@type":"PropertyValueSpecification","valueRequired":true,"valueName":"search_term_string"}}],"inLanguage":"pt-BR"},{"@type":"Organization","@id":"https:\/\/internationalhairfair.com\/#organization","name":"Site OFICIAL da Feira Internacional do Cabelo da China 2025","url":"https:\/\/internationalhairfair.com\/","logo":{"@type":"ImageObject","inLanguage":"pt-BR","@id":"https:\/\/internationalhairfair.com\/#\/schema\/logo\/image\/","url":"https:\/\/internationalhairfair.com\/wp-content\/uploads\/2023\/03\/ms-icon-70x70-2.png","contentUrl":"https:\/\/internationalhairfair.com\/wp-content\/uploads\/2023\/03\/ms-icon-70x70-2.png","width":70,"height":70,"caption":"OFFICIAL website China International Hair Fair 2025"},"image":{"@id":"https:\/\/internationalhairfair.com\/#\/schema\/logo\/image\/"},"sameAs":["https:\/\/www.facebook.com\/internationalhairfair","https:\/\/instagram.com\/chinainternationalhairfair","https:\/\/ca.linkedin.com\/company\/international-hair-fair"]}]}},"_links":{"self":[{"href":"https:\/\/internationalhairfair.com\/pt\/wp-json\/wp\/v2\/product\/9051","targetHints":{"allow":["GET"]}}],"collection":[{"href":"https:\/\/internationalhairfair.com\/pt\/wp-json\/wp\/v2\/product"}],"about":[{"href":"https:\/\/internationalhairfair.com\/pt\/wp-json\/wp\/v2\/types\/product"}],"replies":[{"embeddable":true,"href":"https:\/\/internationalhairfair.com\/pt\/wp-json\/wp\/v2\/comments?post=9051"}],"wp:attachment":[{"href":"https:\/\/internationalhairfair.com\/pt\/wp-json\/wp\/v2\/media?parent=9051"}],"wp:term":[{"taxonomy":"product_brand","embeddable":true,"href":"https:\/\/internationalhairfair.com\/pt\/wp-json\/wp\/v2\/product_brand?post=9051"},{"taxonomy":"product_cat","embeddable":true,"href":"https:\/\/internationalhairfair.com\/pt\/wp-json\/wp\/v2\/product_cat?post=9051"},{"taxonomy":"product_tag","embeddable":true,"href":"https:\/\/internationalhairfair.com\/pt\/wp-json\/wp\/v2\/product_tag?post=9051"},{"taxonomy":"country","embeddable":true,"href":"https:\/\/internationalhairfair.com\/pt\/wp-json\/wp\/v2\/country?post=9051"}],"curies":[{"name":"wp","href":"https:\/\/api.w.org\/{rel}","templated":true}]}}