{"id":9049,"date":"2025-08-08T09:59:44","date_gmt":"2025-08-08T09:59:44","guid":{"rendered":"https:\/\/internationalhairfair.com\/?post_type=product&#038;p=9049"},"modified":"2025-08-08T09:59:44","modified_gmt":"2025-08-08T09:59:44","slug":"dongguan-feierbo-new-material-technology-co-ltd","status":"publish","type":"product","link":"https:\/\/internationalhairfair.com\/pt\/produto\/dongguan-feierbo-new-material-technology-co-ltd\/","title":{"rendered":"Dongguan Feierbo Nova Tecnologia de Materiais Co., Ltd."},"content":{"rendered":"<p>A Dongguan Feierbo New Material Technology Co., Ltd. est\u00e1 localizada na cidade de Dongguan, prov\u00edncia de Guangdong, China. Somos uma grande f\u00e1brica especializada em pesquisa e desenvolvimento, produ\u00e7\u00e3o e vendas de fibras de poli\u00e9ster, fibra de n\u00e1ilon e fibra de polipropileno. Nossos produtos s\u00e3o usados principalmente para fabricar perucas humanas, perucas de anime para cosplay, cabelos de bonecas, cabelos de bonecas, cabelos de animais de brinquedo, chap\u00e9us de leque, conjuntos de cabelos de Halloween, cabelos de Papai Noel, correias, cordas tran\u00e7adas, \u00e1rvores de Natal, bolsas e mochilas de viagem, etc.<\/p>\n<p>As marcas de brinquedos com as quais cooperamos s\u00e3o: Mattel, MGA, JAKKS, IMC, Mousse, Disney, Barbie, Hasbro, Walmart, Arias, Hu Emma, \u200b\u200bVikam, etc.<\/p>\n<p>As marcas esportivas com as quais cooperamos s\u00e3o: Nike, Adidas Das, Puma, Under Armour, VF, Sony, Samsonite, Decathlon.<br \/>\n1. \u00c1rea<br \/>\n1) \u00c1rea do piso: 15.000 metros quadrados<br \/>\n2) F\u00e1brica<br \/>\n1 edif\u00edcio: 7.500 metros quadrados<br \/>\n1 edif\u00edcio: 4.000 metros quadrados<br \/>\n1 edif\u00edcio: 3.000 metros quadrados<br \/>\n3) Armaz\u00e9m: 4.000 metros quadrados<br \/>\n4) Dormit\u00f3rio: 1.500 metros quadrados<br \/>\n2. Status de produ\u00e7\u00e3o<br \/>\n1) Capacidade de produ\u00e7\u00e3o mensal: 1.200 toneladas<br \/>\n2) Linhas de produ\u00e7\u00e3o: 34<br \/>\n(1) M\u00e1quinas de trefila\u00e7\u00e3o: 34 unidades<br \/>\n(2) M\u00e1quinas de ondula\u00e7\u00e3o: 150 unidades, produzindo 300 toneladas de cabelos cacheados por m\u00eas<br \/>\n(3) Outras m\u00e1quinas: 61 unidades<br \/>\nTotal: 245 m\u00e1quinas<br \/>\n3) Capacidade de produ\u00e7\u00e3o anual: 14.000 toneladas<br \/>\n3. Equipe: 28 6 pessoas<br \/>\n4. \u00c9poca de funda\u00e7\u00e3o: 2006<br \/>\n5. Site da empresa: http:\/\/www.feb88.com<\/p>\n<p>A Feierbo Company foi fundada h\u00e1 19 anos. Nossa empresa n\u00e3o s\u00f3 possui equipamentos de produ\u00e7\u00e3o de primeira classe na China, como tamb\u00e9m conta com um grande n\u00famero de profissionais e t\u00e9cnicos experientes com vasta experi\u00eancia pr\u00e1tica, vasta experi\u00eancia em desenvolvimento de produtos e s\u00f3lida for\u00e7a t\u00e9cnica. Dessa forma, a empresa pode produzir produtos de fibra com as mais diversas especifica\u00e7\u00f5es e requisitos exigidos pelo mercado, especialmente para atender \u00e0s necessidades dos clientes por m\u00faltiplas variedades, pequenos lotes, diferencia\u00e7\u00e3o e entrega r\u00e1pida.<\/p>","protected":false},"excerpt":{"rendered":"<p>Dongguan Feierbo New Material Technology Co., Ltd. is located in Dongguan City, Guangdong Province, China. We are a large factory specializing in the research and development, production and sales of polyester fiber, nylon fiber and polypropylene fiber. Our products are [&hellip;]<\/p>\n","protected":false},"featured_media":0,"comment_status":"open","ping_status":"closed","template":"","meta":{"_price":"","_stock":"","_tribe_ticket_header":"","_tribe_default_ticket_provider":"","_tribe_ticket_capacity":"0","_ticket_start_date":"","_ticket_end_date":"","_tribe_ticket_show_description":"","_tribe_ticket_show_not_going":false,"_tribe_ticket_use_global_stock":"","_tribe_ticket_global_stock_level":"","_global_stock_mode":"","_global_stock_cap":"","_tribe_rsvp_for_event":"","_tribe_ticket_going_count":"","_tribe_ticket_not_going_count":"","_tribe_tickets_list":"[]","_tribe_ticket_has_attendee_info_fields":false,"_bos_mb_destination":[],"_tec_slr_enabled":"","_tec_slr_layout":""},"product_brand":[],"product_cat":[68],"product_tag":[],"country":[51],"class_list":{"0":"post-9049","1":"product","2":"type-product","3":"status-publish","5":"product_cat-synthetic-fiber-materials","6":"country-china","8":"first","9":"instock","10":"shipping-taxable","11":"product-type-simple"},"yoast_head":"<!-- This site is optimized with the Yoast SEO plugin v27.4 - https:\/\/yoast.com\/product\/yoast-seo-wordpress\/ -->\n<title>Dongguan Feierbo New Material Technology Co., Ltd. - OFFICIAL China Hair Expo 2026<\/title>\n<meta name=\"robots\" content=\"index, follow, max-snippet:-1, max-image-preview:large, max-video-preview:-1\" \/>\n<link rel=\"canonical\" href=\"https:\/\/internationalhairfair.com\/pt\/produto\/dongguan-feierbo-new-material-technology-co-ltd\/\" \/>\n<meta property=\"og:locale\" content=\"pt_BR\" \/>\n<meta property=\"og:type\" content=\"article\" \/>\n<meta property=\"og:title\" content=\"Dongguan Feierbo New Material Technology Co., Ltd. - OFFICIAL China Hair Expo 2026\" \/>\n<meta property=\"og:description\" content=\"Dongguan Feierbo New Material Technology Co., Ltd. is located in Dongguan City, Guangdong Province, China. We are a large factory specializing in the research and development, production and sales of polyester fiber, nylon fiber and polypropylene fiber. Our products are [&hellip;]\" \/>\n<meta property=\"og:url\" content=\"https:\/\/internationalhairfair.com\/pt\/produto\/dongguan-feierbo-new-material-technology-co-ltd\/\" \/>\n<meta property=\"og:site_name\" content=\"OFFICIAL China Hair Expo 2026\" \/>\n<meta property=\"article:publisher\" content=\"https:\/\/www.facebook.com\/internationalhairfair\" \/>\n<meta property=\"og:image\" content=\"https:\/\/internationalhairfair.com\/wp-content\/uploads\/2023\/03\/21232017_387032875046876_5991574462003670018_n2-1.jpg\" \/>\n\t<meta property=\"og:image:width\" content=\"960\" \/>\n\t<meta property=\"og:image:height\" content=\"640\" \/>\n\t<meta property=\"og:image:type\" content=\"image\/jpeg\" \/>\n<meta name=\"twitter:card\" content=\"summary_large_image\" \/>\n<script type=\"application\/ld+json\" class=\"yoast-schema-graph\">{\"@context\":\"https:\\\/\\\/schema.org\",\"@graph\":[{\"@type\":\"WebPage\",\"@id\":\"https:\\\/\\\/internationalhairfair.com\\\/product\\\/dongguan-feierbo-new-material-technology-co-ltd\\\/\",\"url\":\"https:\\\/\\\/internationalhairfair.com\\\/product\\\/dongguan-feierbo-new-material-technology-co-ltd\\\/\",\"name\":\"Dongguan Feierbo New Material Technology Co., Ltd. - OFFICIAL China Hair Expo 2026\",\"isPartOf\":{\"@id\":\"https:\\\/\\\/internationalhairfair.com\\\/#website\"},\"datePublished\":\"2025-08-08T09:59:44+00:00\",\"breadcrumb\":{\"@id\":\"https:\\\/\\\/internationalhairfair.com\\\/product\\\/dongguan-feierbo-new-material-technology-co-ltd\\\/#breadcrumb\"},\"inLanguage\":\"pt-BR\",\"potentialAction\":[{\"@type\":\"ReadAction\",\"target\":[\"https:\\\/\\\/internationalhairfair.com\\\/product\\\/dongguan-feierbo-new-material-technology-co-ltd\\\/\"]}]},{\"@type\":\"BreadcrumbList\",\"@id\":\"https:\\\/\\\/internationalhairfair.com\\\/product\\\/dongguan-feierbo-new-material-technology-co-ltd\\\/#breadcrumb\",\"itemListElement\":[{\"@type\":\"ListItem\",\"position\":1,\"name\":\"Home\",\"item\":\"https:\\\/\\\/internationalhairfair.com\\\/\"},{\"@type\":\"ListItem\",\"position\":2,\"name\":\"Products\",\"item\":\"https:\\\/\\\/internationalhairfair.com\\\/shop\\\/\"},{\"@type\":\"ListItem\",\"position\":3,\"name\":\"Dongguan Feierbo New Material Technology Co., Ltd.\"}]},{\"@type\":\"WebSite\",\"@id\":\"https:\\\/\\\/internationalhairfair.com\\\/#website\",\"url\":\"https:\\\/\\\/internationalhairfair.com\\\/\",\"name\":\"OFFICIAL website China International Hair Fair 2025\",\"description\":\"The biggest hair fair in the world!\",\"publisher\":{\"@id\":\"https:\\\/\\\/internationalhairfair.com\\\/#organization\"},\"potentialAction\":[{\"@type\":\"SearchAction\",\"target\":{\"@type\":\"EntryPoint\",\"urlTemplate\":\"https:\\\/\\\/internationalhairfair.com\\\/?s={search_term_string}\"},\"query-input\":{\"@type\":\"PropertyValueSpecification\",\"valueRequired\":true,\"valueName\":\"search_term_string\"}}],\"inLanguage\":\"pt-BR\"},{\"@type\":\"Organization\",\"@id\":\"https:\\\/\\\/internationalhairfair.com\\\/#organization\",\"name\":\"OFFICIAL website China International Hair Fair 2025\",\"url\":\"https:\\\/\\\/internationalhairfair.com\\\/\",\"logo\":{\"@type\":\"ImageObject\",\"inLanguage\":\"pt-BR\",\"@id\":\"https:\\\/\\\/internationalhairfair.com\\\/#\\\/schema\\\/logo\\\/image\\\/\",\"url\":\"https:\\\/\\\/internationalhairfair.com\\\/wp-content\\\/uploads\\\/2023\\\/03\\\/ms-icon-70x70-2.png\",\"contentUrl\":\"https:\\\/\\\/internationalhairfair.com\\\/wp-content\\\/uploads\\\/2023\\\/03\\\/ms-icon-70x70-2.png\",\"width\":70,\"height\":70,\"caption\":\"OFFICIAL website China International Hair Fair 2025\"},\"image\":{\"@id\":\"https:\\\/\\\/internationalhairfair.com\\\/#\\\/schema\\\/logo\\\/image\\\/\"},\"sameAs\":[\"https:\\\/\\\/www.facebook.com\\\/internationalhairfair\",\"https:\\\/\\\/instagram.com\\\/chinainternationalhairfair\",\"https:\\\/\\\/ca.linkedin.com\\\/company\\\/international-hair-fair\"]}]}<\/script>\n<!-- \/ Yoast SEO plugin. -->","yoast_head_json":{"title":"Dongguan Feierbo Novo Material Technology Co., Ltd. - OFICIAL China Hair Expo 2026","robots":{"index":"index","follow":"follow","max-snippet":"max-snippet:-1","max-image-preview":"max-image-preview:large","max-video-preview":"max-video-preview:-1"},"canonical":"https:\/\/internationalhairfair.com\/pt\/produto\/dongguan-feierbo-new-material-technology-co-ltd\/","og_locale":"pt_BR","og_type":"article","og_title":"Dongguan Feierbo New Material Technology Co., Ltd. - OFFICIAL China Hair Expo 2026","og_description":"Dongguan Feierbo New Material Technology Co., Ltd. is located in Dongguan City, Guangdong Province, China. We are a large factory specializing in the research and development, production and sales of polyester fiber, nylon fiber and polypropylene fiber. Our products are [&hellip;]","og_url":"https:\/\/internationalhairfair.com\/pt\/produto\/dongguan-feierbo-new-material-technology-co-ltd\/","og_site_name":"OFFICIAL China Hair Expo 2026","article_publisher":"https:\/\/www.facebook.com\/internationalhairfair","og_image":[{"width":960,"height":640,"url":"https:\/\/internationalhairfair.com\/wp-content\/uploads\/2023\/03\/21232017_387032875046876_5991574462003670018_n2-1.jpg","type":"image\/jpeg"}],"twitter_card":"summary_large_image","schema":{"@context":"https:\/\/schema.org","@graph":[{"@type":"WebPage","@id":"https:\/\/internationalhairfair.com\/product\/dongguan-feierbo-new-material-technology-co-ltd\/","url":"https:\/\/internationalhairfair.com\/product\/dongguan-feierbo-new-material-technology-co-ltd\/","name":"Dongguan Feierbo Novo Material Technology Co., Ltd. - OFICIAL China Hair Expo 2026","isPartOf":{"@id":"https:\/\/internationalhairfair.com\/#website"},"datePublished":"2025-08-08T09:59:44+00:00","breadcrumb":{"@id":"https:\/\/internationalhairfair.com\/product\/dongguan-feierbo-new-material-technology-co-ltd\/#breadcrumb"},"inLanguage":"pt-BR","potentialAction":[{"@type":"ReadAction","target":["https:\/\/internationalhairfair.com\/product\/dongguan-feierbo-new-material-technology-co-ltd\/"]}]},{"@type":"BreadcrumbList","@id":"https:\/\/internationalhairfair.com\/product\/dongguan-feierbo-new-material-technology-co-ltd\/#breadcrumb","itemListElement":[{"@type":"ListItem","position":1,"name":"Home","item":"https:\/\/internationalhairfair.com\/"},{"@type":"ListItem","position":2,"name":"Products","item":"https:\/\/internationalhairfair.com\/shop\/"},{"@type":"ListItem","position":3,"name":"Dongguan Feierbo New Material Technology Co., Ltd."}]},{"@type":"WebSite","@id":"https:\/\/internationalhairfair.com\/#website","url":"https:\/\/internationalhairfair.com\/","name":"Site OFICIAL da Feira Internacional do Cabelo da China 2025","description":"A maior feira de cabelos do mundo!","publisher":{"@id":"https:\/\/internationalhairfair.com\/#organization"},"potentialAction":[{"@type":"SearchAction","target":{"@type":"EntryPoint","urlTemplate":"https:\/\/internationalhairfair.com\/?s={search_term_string}"},"query-input":{"@type":"PropertyValueSpecification","valueRequired":true,"valueName":"search_term_string"}}],"inLanguage":"pt-BR"},{"@type":"Organization","@id":"https:\/\/internationalhairfair.com\/#organization","name":"Site OFICIAL da Feira Internacional do Cabelo da China 2025","url":"https:\/\/internationalhairfair.com\/","logo":{"@type":"ImageObject","inLanguage":"pt-BR","@id":"https:\/\/internationalhairfair.com\/#\/schema\/logo\/image\/","url":"https:\/\/internationalhairfair.com\/wp-content\/uploads\/2023\/03\/ms-icon-70x70-2.png","contentUrl":"https:\/\/internationalhairfair.com\/wp-content\/uploads\/2023\/03\/ms-icon-70x70-2.png","width":70,"height":70,"caption":"OFFICIAL website China International Hair Fair 2025"},"image":{"@id":"https:\/\/internationalhairfair.com\/#\/schema\/logo\/image\/"},"sameAs":["https:\/\/www.facebook.com\/internationalhairfair","https:\/\/instagram.com\/chinainternationalhairfair","https:\/\/ca.linkedin.com\/company\/international-hair-fair"]}]}},"_links":{"self":[{"href":"https:\/\/internationalhairfair.com\/pt\/wp-json\/wp\/v2\/product\/9049","targetHints":{"allow":["GET"]}}],"collection":[{"href":"https:\/\/internationalhairfair.com\/pt\/wp-json\/wp\/v2\/product"}],"about":[{"href":"https:\/\/internationalhairfair.com\/pt\/wp-json\/wp\/v2\/types\/product"}],"replies":[{"embeddable":true,"href":"https:\/\/internationalhairfair.com\/pt\/wp-json\/wp\/v2\/comments?post=9049"}],"wp:attachment":[{"href":"https:\/\/internationalhairfair.com\/pt\/wp-json\/wp\/v2\/media?parent=9049"}],"wp:term":[{"taxonomy":"product_brand","embeddable":true,"href":"https:\/\/internationalhairfair.com\/pt\/wp-json\/wp\/v2\/product_brand?post=9049"},{"taxonomy":"product_cat","embeddable":true,"href":"https:\/\/internationalhairfair.com\/pt\/wp-json\/wp\/v2\/product_cat?post=9049"},{"taxonomy":"product_tag","embeddable":true,"href":"https:\/\/internationalhairfair.com\/pt\/wp-json\/wp\/v2\/product_tag?post=9049"},{"taxonomy":"country","embeddable":true,"href":"https:\/\/internationalhairfair.com\/pt\/wp-json\/wp\/v2\/country?post=9049"}],"curies":[{"name":"wp","href":"https:\/\/api.w.org\/{rel}","templated":true}]}}