{"id":9030,"date":"2025-08-07T21:37:05","date_gmt":"2025-08-07T21:37:05","guid":{"rendered":"https:\/\/internationalhairfair.com\/?post_type=product&#038;p=9030"},"modified":"2025-08-07T21:37:05","modified_gmt":"2025-08-07T21:37:05","slug":"xuchang-taida-arts-crafts-co-ltd","status":"publish","type":"product","link":"https:\/\/internationalhairfair.com\/pt\/produto\/xuchang-taida-arts-crafts-co-ltd\/","title":{"rendered":"Xuchang Taida Artes e Of\u00edcios Co., Ltd."},"content":{"rendered":"<p>A Xuchang Taida Arts &amp; Crafts Co., Ltd. \u00e9 uma fabricante profissional de produtos capilares sediada em Xuchang, a &quot;Capital Mundial das Perucas&quot;, com foco no fornecimento de produtos de alta qualidade relacionados a perucas de cabelo humano natural para o mercado global de perucas. Aproveitando as vantagens do cluster industrial de produtos capilares de Xuchang, que j\u00e1 dura 30 anos, a f\u00e1brica formou um sistema completo de cadeia industrial que integra P&amp;D, produ\u00e7\u00e3o e testes.<br \/>\nPrincipais vantagens:<br \/>\n1. Mat\u00e9rias-primas selecionadas: Usando mat\u00e9rias-primas de cabelo birman\u00eas de alta qualidade, o cabelo \u00e9 altamente flex\u00edvel e brilhante, e a qualidade do cabelo \u00e9 garantida como uniforme ap\u00f3s 24 processos de classifica\u00e7\u00e3o.<br \/>\n2. Categorias completas: principalmente envolvidas em produtos de perucas de cabelo humano real, incluindo conjuntos de cabe\u00e7as de renda emendadas totalmente feitas \u00e0 m\u00e3o, molas, extens\u00f5es de cabelo de croch\u00ea, v\u00e1rios produtos de s\u00e9ries de cabelos lisos e cacheados, suportando processos de permanente e tingimento de alta temperatura.<br \/>\n3. Garantia de capacidade: Equipada com linhas de produ\u00e7\u00e3o completas e maduras, como pr\u00e9 e p\u00f3s-processamento, batedor de cabelo, m\u00e1quina tr\u00eas em um, tubo de ondula\u00e7\u00e3o, agulha alta e modelagem, com uma produ\u00e7\u00e3o mensal de 30.000 conjuntos de cabe\u00e7as e entrega ultrarr\u00e1pida de 72 horas, do processamento do cabelo \u00e0 embalagem do produto acabado.<br \/>\n4. Sistema de qualidade: Estabele\u00e7a um processo de inspe\u00e7\u00e3o de qualidade de tr\u00eas n\u00edveis para inspecionar rigorosamente cada produto.<br \/>\nA empresa estabeleceu uma rede de distribui\u00e7\u00e3o que abrange 20 pa\u00edses, incluindo Gana, Nig\u00e9ria, Qu\u00eania, entre outros, com uma taxa de recompra de produtos de 87%. No futuro, continuar\u00e1 a cultivar as caracter\u00edsticas culturais do mercado global de perucas e a alcan\u00e7ar capacidades de resposta r\u00e1pida \u00e0 moda por meio de um sistema de modelagem digital do couro cabeludo.<\/p>","protected":false},"excerpt":{"rendered":"<p>Xuchang Taida Arts &amp; Crafts Co., Ltd. is a professional hair product manufacturer based in Xuchang, the &#8220;&#8221;World Wig Capital&#8221;&#8221;, focusing on providing high-end real human hair wig related products for the global wig market. Relying on the advantages of [&hellip;]<\/p>\n","protected":false},"featured_media":0,"comment_status":"open","ping_status":"closed","template":"","meta":{"_price":"","_stock":"","_tribe_ticket_header":"","_tribe_default_ticket_provider":"","_tribe_ticket_capacity":"0","_ticket_start_date":"","_ticket_end_date":"","_tribe_ticket_show_description":"","_tribe_ticket_show_not_going":false,"_tribe_ticket_use_global_stock":"","_tribe_ticket_global_stock_level":"","_global_stock_mode":"","_global_stock_cap":"","_tribe_rsvp_for_event":"","_tribe_ticket_going_count":"","_tribe_ticket_not_going_count":"","_tribe_tickets_list":"[]","_tribe_ticket_has_attendee_info_fields":false,"_bos_mb_destination":[],"_tec_slr_enabled":"","_tec_slr_layout":""},"product_brand":[],"product_cat":[118],"product_tag":[],"country":[51],"class_list":{"0":"post-9030","1":"product","2":"type-product","3":"status-publish","5":"product_cat-wig-hairpiece","6":"country-china","8":"first","9":"instock","10":"shipping-taxable","11":"product-type-simple"},"yoast_head":"<!-- This site is optimized with the Yoast SEO plugin v27.3 - https:\/\/yoast.com\/product\/yoast-seo-wordpress\/ -->\n<title>Xuchang Taida Arts &amp; Crafts Co., Ltd. - OFFICIAL China Hair Expo 2026<\/title>\n<meta name=\"robots\" content=\"index, follow, max-snippet:-1, max-image-preview:large, max-video-preview:-1\" \/>\n<link rel=\"canonical\" href=\"https:\/\/internationalhairfair.com\/pt\/produto\/xuchang-taida-arts-crafts-co-ltd\/\" \/>\n<meta property=\"og:locale\" content=\"pt_BR\" \/>\n<meta property=\"og:type\" content=\"article\" \/>\n<meta property=\"og:title\" content=\"Xuchang Taida Arts &amp; Crafts Co., Ltd. - OFFICIAL China Hair Expo 2026\" \/>\n<meta property=\"og:description\" content=\"Xuchang Taida Arts &amp; Crafts Co., Ltd. is a professional hair product manufacturer based in Xuchang, the &#8220;&#8221;World Wig Capital&#8221;&#8221;, focusing on providing high-end real human hair wig related products for the global wig market. Relying on the advantages of [&hellip;]\" \/>\n<meta property=\"og:url\" content=\"https:\/\/internationalhairfair.com\/pt\/produto\/xuchang-taida-arts-crafts-co-ltd\/\" \/>\n<meta property=\"og:site_name\" content=\"OFFICIAL China Hair Expo 2026\" \/>\n<meta property=\"article:publisher\" content=\"https:\/\/www.facebook.com\/internationalhairfair\" \/>\n<meta property=\"og:image\" content=\"https:\/\/internationalhairfair.com\/wp-content\/uploads\/2023\/03\/21232017_387032875046876_5991574462003670018_n2-1.jpg\" \/>\n\t<meta property=\"og:image:width\" content=\"960\" \/>\n\t<meta property=\"og:image:height\" content=\"640\" \/>\n\t<meta property=\"og:image:type\" content=\"image\/jpeg\" \/>\n<meta name=\"twitter:card\" content=\"summary_large_image\" \/>\n<script type=\"application\/ld+json\" class=\"yoast-schema-graph\">{\"@context\":\"https:\\\/\\\/schema.org\",\"@graph\":[{\"@type\":\"WebPage\",\"@id\":\"https:\\\/\\\/internationalhairfair.com\\\/product\\\/xuchang-taida-arts-crafts-co-ltd\\\/\",\"url\":\"https:\\\/\\\/internationalhairfair.com\\\/product\\\/xuchang-taida-arts-crafts-co-ltd\\\/\",\"name\":\"Xuchang Taida Arts & Crafts Co., Ltd. - OFFICIAL China Hair Expo 2026\",\"isPartOf\":{\"@id\":\"https:\\\/\\\/internationalhairfair.com\\\/#website\"},\"datePublished\":\"2025-08-07T21:37:05+00:00\",\"breadcrumb\":{\"@id\":\"https:\\\/\\\/internationalhairfair.com\\\/product\\\/xuchang-taida-arts-crafts-co-ltd\\\/#breadcrumb\"},\"inLanguage\":\"pt-BR\",\"potentialAction\":[{\"@type\":\"ReadAction\",\"target\":[\"https:\\\/\\\/internationalhairfair.com\\\/product\\\/xuchang-taida-arts-crafts-co-ltd\\\/\"]}]},{\"@type\":\"BreadcrumbList\",\"@id\":\"https:\\\/\\\/internationalhairfair.com\\\/product\\\/xuchang-taida-arts-crafts-co-ltd\\\/#breadcrumb\",\"itemListElement\":[{\"@type\":\"ListItem\",\"position\":1,\"name\":\"Home\",\"item\":\"https:\\\/\\\/internationalhairfair.com\\\/\"},{\"@type\":\"ListItem\",\"position\":2,\"name\":\"Products\",\"item\":\"https:\\\/\\\/internationalhairfair.com\\\/shop\\\/\"},{\"@type\":\"ListItem\",\"position\":3,\"name\":\"Xuchang Taida Arts &#038; Crafts Co., Ltd.\"}]},{\"@type\":\"WebSite\",\"@id\":\"https:\\\/\\\/internationalhairfair.com\\\/#website\",\"url\":\"https:\\\/\\\/internationalhairfair.com\\\/\",\"name\":\"OFFICIAL website China International Hair Fair 2025\",\"description\":\"The biggest hair fair in the world!\",\"publisher\":{\"@id\":\"https:\\\/\\\/internationalhairfair.com\\\/#organization\"},\"potentialAction\":[{\"@type\":\"SearchAction\",\"target\":{\"@type\":\"EntryPoint\",\"urlTemplate\":\"https:\\\/\\\/internationalhairfair.com\\\/?s={search_term_string}\"},\"query-input\":{\"@type\":\"PropertyValueSpecification\",\"valueRequired\":true,\"valueName\":\"search_term_string\"}}],\"inLanguage\":\"pt-BR\"},{\"@type\":\"Organization\",\"@id\":\"https:\\\/\\\/internationalhairfair.com\\\/#organization\",\"name\":\"OFFICIAL website China International Hair Fair 2025\",\"url\":\"https:\\\/\\\/internationalhairfair.com\\\/\",\"logo\":{\"@type\":\"ImageObject\",\"inLanguage\":\"pt-BR\",\"@id\":\"https:\\\/\\\/internationalhairfair.com\\\/#\\\/schema\\\/logo\\\/image\\\/\",\"url\":\"https:\\\/\\\/internationalhairfair.com\\\/wp-content\\\/uploads\\\/2023\\\/03\\\/ms-icon-70x70-2.png\",\"contentUrl\":\"https:\\\/\\\/internationalhairfair.com\\\/wp-content\\\/uploads\\\/2023\\\/03\\\/ms-icon-70x70-2.png\",\"width\":70,\"height\":70,\"caption\":\"OFFICIAL website China International Hair Fair 2025\"},\"image\":{\"@id\":\"https:\\\/\\\/internationalhairfair.com\\\/#\\\/schema\\\/logo\\\/image\\\/\"},\"sameAs\":[\"https:\\\/\\\/www.facebook.com\\\/internationalhairfair\",\"https:\\\/\\\/instagram.com\\\/chinainternationalhairfair\",\"https:\\\/\\\/ca.linkedin.com\\\/company\\\/international-hair-fair\"]}]}<\/script>\n<!-- \/ Yoast SEO plugin. -->","yoast_head_json":{"title":"Xuchang Taida Arts & Crafts Co., Ltd. - OFFICIAL China Hair Expo 2026","robots":{"index":"index","follow":"follow","max-snippet":"max-snippet:-1","max-image-preview":"max-image-preview:large","max-video-preview":"max-video-preview:-1"},"canonical":"https:\/\/internationalhairfair.com\/pt\/produto\/xuchang-taida-arts-crafts-co-ltd\/","og_locale":"pt_BR","og_type":"article","og_title":"Xuchang Taida Arts & Crafts Co., Ltd. - OFFICIAL China Hair Expo 2026","og_description":"Xuchang Taida Arts &amp; Crafts Co., Ltd. is a professional hair product manufacturer based in Xuchang, the &#8220;&#8221;World Wig Capital&#8221;&#8221;, focusing on providing high-end real human hair wig related products for the global wig market. Relying on the advantages of [&hellip;]","og_url":"https:\/\/internationalhairfair.com\/pt\/produto\/xuchang-taida-arts-crafts-co-ltd\/","og_site_name":"OFFICIAL China Hair Expo 2026","article_publisher":"https:\/\/www.facebook.com\/internationalhairfair","og_image":[{"width":960,"height":640,"url":"https:\/\/internationalhairfair.com\/wp-content\/uploads\/2023\/03\/21232017_387032875046876_5991574462003670018_n2-1.jpg","type":"image\/jpeg"}],"twitter_card":"summary_large_image","schema":{"@context":"https:\/\/schema.org","@graph":[{"@type":"WebPage","@id":"https:\/\/internationalhairfair.com\/product\/xuchang-taida-arts-crafts-co-ltd\/","url":"https:\/\/internationalhairfair.com\/product\/xuchang-taida-arts-crafts-co-ltd\/","name":"Xuchang Taida Arts & Crafts Co., Ltd. - OFFICIAL China Hair Expo 2026","isPartOf":{"@id":"https:\/\/internationalhairfair.com\/#website"},"datePublished":"2025-08-07T21:37:05+00:00","breadcrumb":{"@id":"https:\/\/internationalhairfair.com\/product\/xuchang-taida-arts-crafts-co-ltd\/#breadcrumb"},"inLanguage":"pt-BR","potentialAction":[{"@type":"ReadAction","target":["https:\/\/internationalhairfair.com\/product\/xuchang-taida-arts-crafts-co-ltd\/"]}]},{"@type":"BreadcrumbList","@id":"https:\/\/internationalhairfair.com\/product\/xuchang-taida-arts-crafts-co-ltd\/#breadcrumb","itemListElement":[{"@type":"ListItem","position":1,"name":"Home","item":"https:\/\/internationalhairfair.com\/"},{"@type":"ListItem","position":2,"name":"Products","item":"https:\/\/internationalhairfair.com\/shop\/"},{"@type":"ListItem","position":3,"name":"Xuchang Taida Arts &#038; Crafts Co., Ltd."}]},{"@type":"WebSite","@id":"https:\/\/internationalhairfair.com\/#website","url":"https:\/\/internationalhairfair.com\/","name":"Site OFICIAL da Feira Internacional do Cabelo da China 2025","description":"A maior feira de cabelos do mundo!","publisher":{"@id":"https:\/\/internationalhairfair.com\/#organization"},"potentialAction":[{"@type":"SearchAction","target":{"@type":"EntryPoint","urlTemplate":"https:\/\/internationalhairfair.com\/?s={search_term_string}"},"query-input":{"@type":"PropertyValueSpecification","valueRequired":true,"valueName":"search_term_string"}}],"inLanguage":"pt-BR"},{"@type":"Organization","@id":"https:\/\/internationalhairfair.com\/#organization","name":"Site OFICIAL da Feira Internacional do Cabelo da China 2025","url":"https:\/\/internationalhairfair.com\/","logo":{"@type":"ImageObject","inLanguage":"pt-BR","@id":"https:\/\/internationalhairfair.com\/#\/schema\/logo\/image\/","url":"https:\/\/internationalhairfair.com\/wp-content\/uploads\/2023\/03\/ms-icon-70x70-2.png","contentUrl":"https:\/\/internationalhairfair.com\/wp-content\/uploads\/2023\/03\/ms-icon-70x70-2.png","width":70,"height":70,"caption":"OFFICIAL website China International Hair Fair 2025"},"image":{"@id":"https:\/\/internationalhairfair.com\/#\/schema\/logo\/image\/"},"sameAs":["https:\/\/www.facebook.com\/internationalhairfair","https:\/\/instagram.com\/chinainternationalhairfair","https:\/\/ca.linkedin.com\/company\/international-hair-fair"]}]}},"_links":{"self":[{"href":"https:\/\/internationalhairfair.com\/pt\/wp-json\/wp\/v2\/product\/9030","targetHints":{"allow":["GET"]}}],"collection":[{"href":"https:\/\/internationalhairfair.com\/pt\/wp-json\/wp\/v2\/product"}],"about":[{"href":"https:\/\/internationalhairfair.com\/pt\/wp-json\/wp\/v2\/types\/product"}],"replies":[{"embeddable":true,"href":"https:\/\/internationalhairfair.com\/pt\/wp-json\/wp\/v2\/comments?post=9030"}],"wp:attachment":[{"href":"https:\/\/internationalhairfair.com\/pt\/wp-json\/wp\/v2\/media?parent=9030"}],"wp:term":[{"taxonomy":"product_brand","embeddable":true,"href":"https:\/\/internationalhairfair.com\/pt\/wp-json\/wp\/v2\/product_brand?post=9030"},{"taxonomy":"product_cat","embeddable":true,"href":"https:\/\/internationalhairfair.com\/pt\/wp-json\/wp\/v2\/product_cat?post=9030"},{"taxonomy":"product_tag","embeddable":true,"href":"https:\/\/internationalhairfair.com\/pt\/wp-json\/wp\/v2\/product_tag?post=9030"},{"taxonomy":"country","embeddable":true,"href":"https:\/\/internationalhairfair.com\/pt\/wp-json\/wp\/v2\/country?post=9030"}],"curies":[{"name":"wp","href":"https:\/\/api.w.org\/{rel}","templated":true}]}}