{"id":9318,"date":"2025-08-10T19:06:01","date_gmt":"2025-08-10T19:06:01","guid":{"rendered":"https:\/\/internationalhairfair.com\/?post_type=product&#038;p=9318"},"modified":"2025-08-10T19:06:01","modified_gmt":"2025-08-10T19:06:01","slug":"taiwan-magic-beauty-hair-products-co-ltd","status":"publish","type":"product","link":"https:\/\/internationalhairfair.com\/es\/producto\/taiwan-magic-beauty-hair-products-co-ltd\/","title":{"rendered":"Productos para el cabello Taiwan Magic Beauty Co., Ltd."},"content":{"rendered":"<p>Fundada en 1963 (a\u00f1o 52 de la Rep\u00fablica de China) como &quot;Taller Artesanal de Productos para el Cabello Qigu&quot;, la empresa se especializ\u00f3 inicialmente en la elaboraci\u00f3n de pelucas personalizadas con t\u00e9cnicas de producci\u00f3n a medida. Tras a\u00f1os de dedicaci\u00f3n e innovaci\u00f3n, se consolid\u00f3 como una empresa de renombre en el sector de la belleza y la peluquer\u00eda.<br \/>\nEn 1989 (a\u00f1o 78 de la Rep\u00fablica de China), se fund\u00f3 oficialmente \u201cMagic Wig Co., Ltd.\u201d, impulsando un desarrollo diversificado en la industria de las pelucas. Produce cabezas de maniqu\u00ed para entrenamiento de peluquer\u00eda, pelucas para escenario, pelucas de cabello humano, accesorios para pelucas y pelucas espec\u00edficas para quimioterapia, lo que contribuye al crecimiento y la demanda del sector. En su b\u00fasqueda de la excelencia y la mejora centrada en el usuario, la empresa desarroll\u00f3 la \u201dMagic Memory Wig\u201d integrando cabello humano de alta calidad con filamentos de memoria de alta tecnolog\u00eda, garantizando comodidad y una belleza natural.<br \/>\nCon una s\u00f3lida base en producci\u00f3n y control de calidad, la empresa se expandi\u00f3 para ofrecer servicios m\u00e1s completos. En 1991 (a\u00f1o 80 de la Rep\u00fablica de China), estableci\u00f3 tiendas de venta directa en Taip\u00e9i, Tainan, Kaohsiung, etc. En 2007 (a\u00f1o 96 de la Rep\u00fablica de China), fund\u00f3 la tienda conceptual MERLY MERLIN en Tianmu, Taip\u00e9i, con el objetivo de promover la marca a nivel mundial. Esto busca que las pelucas sean m\u00e1s naturales y centradas en el usuario, liderando la tendencia de una experiencia visual natural y c\u00f3moda.<br \/>\nEn 1990 (a\u00f1o 79 de la Rep\u00fablica de China), la empresa solicit\u00f3 el registro de su marca ante el Ministerio de Asuntos Econ\u00f3micos para proteger sus derechos de propiedad intelectual, solicitud que fue aprobada (N\u00famero de registro de marca: 01463065). Posee los certificados de patente de los nuevos modelos M279243, M279213, M279241, D112352, M459729 y M466523, que garantizan los derechos e intereses de los consumidores.<br \/>\nFiel a su compromiso con la sociedad, la empresa colabora con organizaciones ben\u00e9ficas (como Love of Skin, el Hospital Guangtian, la Fundaci\u00f3n Zhou Daguan, la Asociaci\u00f3n Cancer Hope, etc.), proporcionando tecnolog\u00eda profesional para pelucas que contribuye al desarrollo sostenible de diversos grupos sociales.<br \/>\nDirecci\u00f3n: No. 115-1, Qigu Li, distrito de Qigu, ciudad de Tainan, Taiw\u00e1n<\/p>","protected":false},"excerpt":{"rendered":"<p>Founded in 1963 (the 52nd year of the Republic of China) as &#8220;&#8221;Qigu Hair Products Craft Workshop,&#8221;&#8221; the company initially specialized in customized wig processing with tailored production techniques. After years of innovative dedication, it established a reputation in the [&hellip;]<\/p>\n","protected":false},"featured_media":0,"comment_status":"open","ping_status":"closed","template":"","meta":{"_price":"","_stock":"","_tribe_ticket_header":"","_tribe_default_ticket_provider":"","_tribe_ticket_capacity":"0","_ticket_start_date":"","_ticket_end_date":"","_tribe_ticket_show_description":"","_tribe_ticket_show_not_going":false,"_tribe_ticket_use_global_stock":"","_tribe_ticket_global_stock_level":"","_global_stock_mode":"","_global_stock_cap":"","_tribe_rsvp_for_event":"","_tribe_ticket_going_count":"","_tribe_ticket_not_going_count":"","_tribe_tickets_list":"[]","_tribe_ticket_has_attendee_info_fields":false,"_bos_mb_destination":[],"_tec_slr_enabled":"","_tec_slr_layout":""},"product_brand":[],"product_cat":[15],"product_tag":[],"country":[51],"class_list":{"0":"post-9318","1":"product","2":"type-product","3":"status-publish","5":"product_cat-wigs","6":"country-china","8":"first","9":"instock","10":"shipping-taxable","11":"product-type-simple"},"yoast_head":"<!-- This site is optimized with the Yoast SEO plugin v27.4 - https:\/\/yoast.com\/product\/yoast-seo-wordpress\/ -->\n<title>Taiwan Magic Beauty Hair Products Co.,Ltd - OFFICIAL China Hair Expo 2026<\/title>\n<meta name=\"robots\" content=\"index, follow, max-snippet:-1, max-image-preview:large, max-video-preview:-1\" \/>\n<link rel=\"canonical\" href=\"https:\/\/internationalhairfair.com\/es\/producto\/taiwan-magic-beauty-hair-products-co-ltd\/\" \/>\n<meta property=\"og:locale\" content=\"es_ES\" \/>\n<meta property=\"og:type\" content=\"article\" \/>\n<meta property=\"og:title\" content=\"Taiwan Magic Beauty Hair Products Co.,Ltd - OFFICIAL China Hair Expo 2026\" \/>\n<meta property=\"og:description\" content=\"Founded in 1963 (the 52nd year of the Republic of China) as &#8220;&#8221;Qigu Hair Products Craft Workshop,&#8221;&#8221; the company initially specialized in customized wig processing with tailored production techniques. After years of innovative dedication, it established a reputation in the [&hellip;]\" \/>\n<meta property=\"og:url\" content=\"https:\/\/internationalhairfair.com\/es\/producto\/taiwan-magic-beauty-hair-products-co-ltd\/\" \/>\n<meta property=\"og:site_name\" content=\"OFFICIAL China Hair Expo 2026\" \/>\n<meta property=\"article:publisher\" content=\"https:\/\/www.facebook.com\/internationalhairfair\" \/>\n<meta property=\"og:image\" content=\"https:\/\/internationalhairfair.com\/wp-content\/uploads\/2023\/03\/21232017_387032875046876_5991574462003670018_n2-1.jpg\" \/>\n\t<meta property=\"og:image:width\" content=\"960\" \/>\n\t<meta property=\"og:image:height\" content=\"640\" \/>\n\t<meta property=\"og:image:type\" content=\"image\/jpeg\" \/>\n<meta name=\"twitter:card\" content=\"summary_large_image\" \/>\n<script type=\"application\/ld+json\" class=\"yoast-schema-graph\">{\"@context\":\"https:\\\/\\\/schema.org\",\"@graph\":[{\"@type\":\"WebPage\",\"@id\":\"https:\\\/\\\/internationalhairfair.com\\\/product\\\/taiwan-magic-beauty-hair-products-co-ltd\\\/\",\"url\":\"https:\\\/\\\/internationalhairfair.com\\\/product\\\/taiwan-magic-beauty-hair-products-co-ltd\\\/\",\"name\":\"Taiwan Magic Beauty Hair Products Co.,Ltd - OFFICIAL China Hair Expo 2026\",\"isPartOf\":{\"@id\":\"https:\\\/\\\/internationalhairfair.com\\\/#website\"},\"datePublished\":\"2025-08-10T19:06:01+00:00\",\"breadcrumb\":{\"@id\":\"https:\\\/\\\/internationalhairfair.com\\\/product\\\/taiwan-magic-beauty-hair-products-co-ltd\\\/#breadcrumb\"},\"inLanguage\":\"es\",\"potentialAction\":[{\"@type\":\"ReadAction\",\"target\":[\"https:\\\/\\\/internationalhairfair.com\\\/product\\\/taiwan-magic-beauty-hair-products-co-ltd\\\/\"]}]},{\"@type\":\"BreadcrumbList\",\"@id\":\"https:\\\/\\\/internationalhairfair.com\\\/product\\\/taiwan-magic-beauty-hair-products-co-ltd\\\/#breadcrumb\",\"itemListElement\":[{\"@type\":\"ListItem\",\"position\":1,\"name\":\"Home\",\"item\":\"https:\\\/\\\/internationalhairfair.com\\\/\"},{\"@type\":\"ListItem\",\"position\":2,\"name\":\"Products\",\"item\":\"https:\\\/\\\/internationalhairfair.com\\\/shop\\\/\"},{\"@type\":\"ListItem\",\"position\":3,\"name\":\"Taiwan Magic Beauty Hair Products Co.,Ltd\"}]},{\"@type\":\"WebSite\",\"@id\":\"https:\\\/\\\/internationalhairfair.com\\\/#website\",\"url\":\"https:\\\/\\\/internationalhairfair.com\\\/\",\"name\":\"OFFICIAL website China International Hair Fair 2025\",\"description\":\"The biggest hair fair in the world!\",\"publisher\":{\"@id\":\"https:\\\/\\\/internationalhairfair.com\\\/#organization\"},\"potentialAction\":[{\"@type\":\"SearchAction\",\"target\":{\"@type\":\"EntryPoint\",\"urlTemplate\":\"https:\\\/\\\/internationalhairfair.com\\\/?s={search_term_string}\"},\"query-input\":{\"@type\":\"PropertyValueSpecification\",\"valueRequired\":true,\"valueName\":\"search_term_string\"}}],\"inLanguage\":\"es\"},{\"@type\":\"Organization\",\"@id\":\"https:\\\/\\\/internationalhairfair.com\\\/#organization\",\"name\":\"OFFICIAL website China International Hair Fair 2025\",\"url\":\"https:\\\/\\\/internationalhairfair.com\\\/\",\"logo\":{\"@type\":\"ImageObject\",\"inLanguage\":\"es\",\"@id\":\"https:\\\/\\\/internationalhairfair.com\\\/#\\\/schema\\\/logo\\\/image\\\/\",\"url\":\"https:\\\/\\\/internationalhairfair.com\\\/wp-content\\\/uploads\\\/2023\\\/03\\\/ms-icon-70x70-2.png\",\"contentUrl\":\"https:\\\/\\\/internationalhairfair.com\\\/wp-content\\\/uploads\\\/2023\\\/03\\\/ms-icon-70x70-2.png\",\"width\":70,\"height\":70,\"caption\":\"OFFICIAL website China International Hair Fair 2025\"},\"image\":{\"@id\":\"https:\\\/\\\/internationalhairfair.com\\\/#\\\/schema\\\/logo\\\/image\\\/\"},\"sameAs\":[\"https:\\\/\\\/www.facebook.com\\\/internationalhairfair\",\"https:\\\/\\\/instagram.com\\\/chinainternationalhairfair\",\"https:\\\/\\\/ca.linkedin.com\\\/company\\\/international-hair-fair\"]}]}<\/script>\n<!-- \/ Yoast SEO plugin. -->","yoast_head_json":{"title":"Taiwan Magic Beauty Hair Products Co., Ltd. - OFICIAL China Hair Expo 2026","robots":{"index":"index","follow":"follow","max-snippet":"max-snippet:-1","max-image-preview":"max-image-preview:large","max-video-preview":"max-video-preview:-1"},"canonical":"https:\/\/internationalhairfair.com\/es\/producto\/taiwan-magic-beauty-hair-products-co-ltd\/","og_locale":"es_ES","og_type":"article","og_title":"Taiwan Magic Beauty Hair Products Co.,Ltd - OFFICIAL China Hair Expo 2026","og_description":"Founded in 1963 (the 52nd year of the Republic of China) as &#8220;&#8221;Qigu Hair Products Craft Workshop,&#8221;&#8221; the company initially specialized in customized wig processing with tailored production techniques. After years of innovative dedication, it established a reputation in the [&hellip;]","og_url":"https:\/\/internationalhairfair.com\/es\/producto\/taiwan-magic-beauty-hair-products-co-ltd\/","og_site_name":"OFFICIAL China Hair Expo 2026","article_publisher":"https:\/\/www.facebook.com\/internationalhairfair","og_image":[{"width":960,"height":640,"url":"https:\/\/internationalhairfair.com\/wp-content\/uploads\/2023\/03\/21232017_387032875046876_5991574462003670018_n2-1.jpg","type":"image\/jpeg"}],"twitter_card":"summary_large_image","schema":{"@context":"https:\/\/schema.org","@graph":[{"@type":"WebPage","@id":"https:\/\/internationalhairfair.com\/product\/taiwan-magic-beauty-hair-products-co-ltd\/","url":"https:\/\/internationalhairfair.com\/product\/taiwan-magic-beauty-hair-products-co-ltd\/","name":"Taiwan Magic Beauty Hair Products Co., Ltd. - OFICIAL China Hair Expo 2026","isPartOf":{"@id":"https:\/\/internationalhairfair.com\/#website"},"datePublished":"2025-08-10T19:06:01+00:00","breadcrumb":{"@id":"https:\/\/internationalhairfair.com\/product\/taiwan-magic-beauty-hair-products-co-ltd\/#breadcrumb"},"inLanguage":"es","potentialAction":[{"@type":"ReadAction","target":["https:\/\/internationalhairfair.com\/product\/taiwan-magic-beauty-hair-products-co-ltd\/"]}]},{"@type":"BreadcrumbList","@id":"https:\/\/internationalhairfair.com\/product\/taiwan-magic-beauty-hair-products-co-ltd\/#breadcrumb","itemListElement":[{"@type":"ListItem","position":1,"name":"Home","item":"https:\/\/internationalhairfair.com\/"},{"@type":"ListItem","position":2,"name":"Products","item":"https:\/\/internationalhairfair.com\/shop\/"},{"@type":"ListItem","position":3,"name":"Taiwan Magic Beauty Hair Products Co.,Ltd"}]},{"@type":"WebSite","@id":"https:\/\/internationalhairfair.com\/#website","url":"https:\/\/internationalhairfair.com\/","name":"Sitio web OFICIAL de la Feria Internacional del Cabello de China 2025","description":"\u00a1La feria de peluquer\u00eda m\u00e1s grande del mundo!","publisher":{"@id":"https:\/\/internationalhairfair.com\/#organization"},"potentialAction":[{"@type":"SearchAction","target":{"@type":"EntryPoint","urlTemplate":"https:\/\/internationalhairfair.com\/?s={search_term_string}"},"query-input":{"@type":"PropertyValueSpecification","valueRequired":true,"valueName":"search_term_string"}}],"inLanguage":"es"},{"@type":"Organization","@id":"https:\/\/internationalhairfair.com\/#organization","name":"Sitio web OFICIAL de la Feria Internacional del Cabello de China 2025","url":"https:\/\/internationalhairfair.com\/","logo":{"@type":"ImageObject","inLanguage":"es","@id":"https:\/\/internationalhairfair.com\/#\/schema\/logo\/image\/","url":"https:\/\/internationalhairfair.com\/wp-content\/uploads\/2023\/03\/ms-icon-70x70-2.png","contentUrl":"https:\/\/internationalhairfair.com\/wp-content\/uploads\/2023\/03\/ms-icon-70x70-2.png","width":70,"height":70,"caption":"OFFICIAL website China International Hair Fair 2025"},"image":{"@id":"https:\/\/internationalhairfair.com\/#\/schema\/logo\/image\/"},"sameAs":["https:\/\/www.facebook.com\/internationalhairfair","https:\/\/instagram.com\/chinainternationalhairfair","https:\/\/ca.linkedin.com\/company\/international-hair-fair"]}]}},"_links":{"self":[{"href":"https:\/\/internationalhairfair.com\/es\/wp-json\/wp\/v2\/product\/9318","targetHints":{"allow":["GET"]}}],"collection":[{"href":"https:\/\/internationalhairfair.com\/es\/wp-json\/wp\/v2\/product"}],"about":[{"href":"https:\/\/internationalhairfair.com\/es\/wp-json\/wp\/v2\/types\/product"}],"replies":[{"embeddable":true,"href":"https:\/\/internationalhairfair.com\/es\/wp-json\/wp\/v2\/comments?post=9318"}],"wp:attachment":[{"href":"https:\/\/internationalhairfair.com\/es\/wp-json\/wp\/v2\/media?parent=9318"}],"wp:term":[{"taxonomy":"product_brand","embeddable":true,"href":"https:\/\/internationalhairfair.com\/es\/wp-json\/wp\/v2\/product_brand?post=9318"},{"taxonomy":"product_cat","embeddable":true,"href":"https:\/\/internationalhairfair.com\/es\/wp-json\/wp\/v2\/product_cat?post=9318"},{"taxonomy":"product_tag","embeddable":true,"href":"https:\/\/internationalhairfair.com\/es\/wp-json\/wp\/v2\/product_tag?post=9318"},{"taxonomy":"country","embeddable":true,"href":"https:\/\/internationalhairfair.com\/es\/wp-json\/wp\/v2\/country?post=9318"}],"curies":[{"name":"wp","href":"https:\/\/api.w.org\/{rel}","templated":true}]}}