{"id":9254,"date":"2025-08-09T14:53:48","date_gmt":"2025-08-09T14:53:48","guid":{"rendered":"https:\/\/internationalhairfair.com\/?post_type=product&#038;p=9254"},"modified":"2025-08-09T14:53:48","modified_gmt":"2025-08-09T14:53:48","slug":"henan-wojinruimei-art-co-ltd","status":"publish","type":"product","link":"https:\/\/internationalhairfair.com\/es\/producto\/henan-wojinruimei-art-co-ltd\/","title":{"rendered":"Henan Wojinruimei Art Co., Ltd."},"content":{"rendered":"<p>Henan Wojin Ruimei Crafts Co., Ltd., fundada en 2012, es una empresa fabricante y exportadora especializada en el dise\u00f1o, desarrollo y producci\u00f3n de extensiones de cabello con cinta adhesiva y productos capilares elaborados a mano. Ubicada en la ciudad de Luohe, junto a Xuchang, el mayor centro de producci\u00f3n de pelucas de China, la empresa se beneficia de un f\u00e1cil acceso a materias primas y mano de obra cualificada. Cada una de nuestras extensiones de cabello con cinta adhesiva se elabora con esmero, cumpliendo con los est\u00e1ndares de calidad europeos, lo que nos ha valido una excelente reputaci\u00f3n a nivel mundial.<br \/>\nCapacidades de producci\u00f3n<br \/>\nCon 80 trabajadores y 160 hornos para la fabricaci\u00f3n de extensiones de cabello con cinta adhesiva que cumplen con los est\u00e1ndares internacionales, nuestra producci\u00f3n diaria alcanza las 20\u00a0000 unidades. Equipos de \u00faltima generaci\u00f3n, artesanos cualificados, un excelente equipo de I+D y una estricta gesti\u00f3n de calidad garantizan la satisfacci\u00f3n del cliente de 100% en cada etapa de la producci\u00f3n, consolid\u00e1ndonos como l\u00edderes en la industria de las extensiones de cabello con cinta adhesiva.<br \/>\nVentaja competitiva e innovaci\u00f3n<br \/>\nNuestra diversa gama de productos, nuestro equipo profesional de I+D y nuestra filosof\u00eda de ventas integral nos han valido un gran reconocimiento y una importante cuota de mercado tanto a nivel nacional como internacional. Para regiones con condiciones clim\u00e1ticas especiales, como Australia, nuestro equipo de I+D ha optimizado el rendimiento de nuestras cintas para ofrecer una experiencia m\u00e1s c\u00f3moda. Fieles al principio de \u201cCalidad ante todo, reputaci\u00f3n ante todo, cliente ante todo\u201d, seguimos comprometidos con ofrecer mejores productos y servicios.<br \/>\nPerspectivas del sector e invitaci\u00f3n<br \/>\nLas extensiones de cabello con cinta adhesiva, el producto m\u00e1s avanzado del mundo, cuentan con un amplio mercado potencial. Nuestra f\u00e1brica est\u00e1 actualmente procesando pedidos. Invitamos a mayoristas y distribuidores de todo el mundo a visitarnos, recibir asesoramiento y negociar acuerdos de cooperaci\u00f3n comercial.<\/p>","protected":false},"excerpt":{"rendered":"<p>Henan Wojin Ruimei Crafts Co., Ltd., founded in 2012, is a manufacturer and exporter specializing in the design, development, and production of tape-in hair extensions and hand-tied hair products. Located in Luohe City, adjacent to Xuchang\u2014China&#8217;s largest wig base\u2014the company [&hellip;]<\/p>\n","protected":false},"featured_media":0,"comment_status":"open","ping_status":"closed","template":"","meta":{"_price":"","_stock":"","_tribe_ticket_header":"","_tribe_default_ticket_provider":"","_tribe_ticket_capacity":"0","_ticket_start_date":"","_ticket_end_date":"","_tribe_ticket_show_description":"","_tribe_ticket_show_not_going":false,"_tribe_ticket_use_global_stock":"","_tribe_ticket_global_stock_level":"","_global_stock_mode":"","_global_stock_cap":"","_tribe_rsvp_for_event":"","_tribe_ticket_going_count":"","_tribe_ticket_not_going_count":"","_tribe_tickets_list":"[]","_tribe_ticket_has_attendee_info_fields":false,"_bos_mb_destination":[],"_tec_slr_enabled":"","_tec_slr_layout":""},"product_brand":[],"product_cat":[66],"product_tag":[],"country":[51],"class_list":{"0":"post-9254","1":"product","2":"type-product","3":"status-publish","5":"product_cat-hair-extensions","6":"country-china","8":"first","9":"instock","10":"shipping-taxable","11":"product-type-simple"},"yoast_head":"<!-- This site is optimized with the Yoast SEO plugin v27.4 - https:\/\/yoast.com\/product\/yoast-seo-wordpress\/ -->\n<title>Henan Wojinruimei Art Co., Ltd. - OFFICIAL China Hair Expo 2026<\/title>\n<meta name=\"robots\" content=\"index, follow, max-snippet:-1, max-image-preview:large, max-video-preview:-1\" \/>\n<link rel=\"canonical\" href=\"https:\/\/internationalhairfair.com\/es\/producto\/henan-wojinruimei-art-co-ltd\/\" \/>\n<meta property=\"og:locale\" content=\"es_ES\" \/>\n<meta property=\"og:type\" content=\"article\" \/>\n<meta property=\"og:title\" content=\"Henan Wojinruimei Art Co., Ltd. - OFFICIAL China Hair Expo 2026\" \/>\n<meta property=\"og:description\" content=\"Henan Wojin Ruimei Crafts Co., Ltd., founded in 2012, is a manufacturer and exporter specializing in the design, development, and production of tape-in hair extensions and hand-tied hair products. Located in Luohe City, adjacent to Xuchang\u2014China&#8217;s largest wig base\u2014the company [&hellip;]\" \/>\n<meta property=\"og:url\" content=\"https:\/\/internationalhairfair.com\/es\/producto\/henan-wojinruimei-art-co-ltd\/\" \/>\n<meta property=\"og:site_name\" content=\"OFFICIAL China Hair Expo 2026\" \/>\n<meta property=\"article:publisher\" content=\"https:\/\/www.facebook.com\/internationalhairfair\" \/>\n<meta property=\"og:image\" content=\"https:\/\/internationalhairfair.com\/wp-content\/uploads\/2023\/03\/21232017_387032875046876_5991574462003670018_n2-1.jpg\" \/>\n\t<meta property=\"og:image:width\" content=\"960\" \/>\n\t<meta property=\"og:image:height\" content=\"640\" \/>\n\t<meta property=\"og:image:type\" content=\"image\/jpeg\" \/>\n<meta name=\"twitter:card\" content=\"summary_large_image\" \/>\n<script type=\"application\/ld+json\" class=\"yoast-schema-graph\">{\"@context\":\"https:\\\/\\\/schema.org\",\"@graph\":[{\"@type\":\"WebPage\",\"@id\":\"https:\\\/\\\/internationalhairfair.com\\\/product\\\/henan-wojinruimei-art-co-ltd\\\/\",\"url\":\"https:\\\/\\\/internationalhairfair.com\\\/product\\\/henan-wojinruimei-art-co-ltd\\\/\",\"name\":\"Henan Wojinruimei Art Co., Ltd. - OFFICIAL China Hair Expo 2026\",\"isPartOf\":{\"@id\":\"https:\\\/\\\/internationalhairfair.com\\\/#website\"},\"datePublished\":\"2025-08-09T14:53:48+00:00\",\"breadcrumb\":{\"@id\":\"https:\\\/\\\/internationalhairfair.com\\\/product\\\/henan-wojinruimei-art-co-ltd\\\/#breadcrumb\"},\"inLanguage\":\"es\",\"potentialAction\":[{\"@type\":\"ReadAction\",\"target\":[\"https:\\\/\\\/internationalhairfair.com\\\/product\\\/henan-wojinruimei-art-co-ltd\\\/\"]}]},{\"@type\":\"BreadcrumbList\",\"@id\":\"https:\\\/\\\/internationalhairfair.com\\\/product\\\/henan-wojinruimei-art-co-ltd\\\/#breadcrumb\",\"itemListElement\":[{\"@type\":\"ListItem\",\"position\":1,\"name\":\"Home\",\"item\":\"https:\\\/\\\/internationalhairfair.com\\\/\"},{\"@type\":\"ListItem\",\"position\":2,\"name\":\"Products\",\"item\":\"https:\\\/\\\/internationalhairfair.com\\\/shop\\\/\"},{\"@type\":\"ListItem\",\"position\":3,\"name\":\"Henan Wojinruimei Art Co., Ltd.\"}]},{\"@type\":\"WebSite\",\"@id\":\"https:\\\/\\\/internationalhairfair.com\\\/#website\",\"url\":\"https:\\\/\\\/internationalhairfair.com\\\/\",\"name\":\"OFFICIAL website China International Hair Fair 2025\",\"description\":\"The biggest hair fair in the world!\",\"publisher\":{\"@id\":\"https:\\\/\\\/internationalhairfair.com\\\/#organization\"},\"potentialAction\":[{\"@type\":\"SearchAction\",\"target\":{\"@type\":\"EntryPoint\",\"urlTemplate\":\"https:\\\/\\\/internationalhairfair.com\\\/?s={search_term_string}\"},\"query-input\":{\"@type\":\"PropertyValueSpecification\",\"valueRequired\":true,\"valueName\":\"search_term_string\"}}],\"inLanguage\":\"es\"},{\"@type\":\"Organization\",\"@id\":\"https:\\\/\\\/internationalhairfair.com\\\/#organization\",\"name\":\"OFFICIAL website China International Hair Fair 2025\",\"url\":\"https:\\\/\\\/internationalhairfair.com\\\/\",\"logo\":{\"@type\":\"ImageObject\",\"inLanguage\":\"es\",\"@id\":\"https:\\\/\\\/internationalhairfair.com\\\/#\\\/schema\\\/logo\\\/image\\\/\",\"url\":\"https:\\\/\\\/internationalhairfair.com\\\/wp-content\\\/uploads\\\/2023\\\/03\\\/ms-icon-70x70-2.png\",\"contentUrl\":\"https:\\\/\\\/internationalhairfair.com\\\/wp-content\\\/uploads\\\/2023\\\/03\\\/ms-icon-70x70-2.png\",\"width\":70,\"height\":70,\"caption\":\"OFFICIAL website China International Hair Fair 2025\"},\"image\":{\"@id\":\"https:\\\/\\\/internationalhairfair.com\\\/#\\\/schema\\\/logo\\\/image\\\/\"},\"sameAs\":[\"https:\\\/\\\/www.facebook.com\\\/internationalhairfair\",\"https:\\\/\\\/instagram.com\\\/chinainternationalhairfair\",\"https:\\\/\\\/ca.linkedin.com\\\/company\\\/international-hair-fair\"]}]}<\/script>\n<!-- \/ Yoast SEO plugin. -->","yoast_head_json":{"title":"Henan Wojinruimei Art Co., Ltd. - OFICIAL China Hair Expo 2026","robots":{"index":"index","follow":"follow","max-snippet":"max-snippet:-1","max-image-preview":"max-image-preview:large","max-video-preview":"max-video-preview:-1"},"canonical":"https:\/\/internationalhairfair.com\/es\/producto\/henan-wojinruimei-art-co-ltd\/","og_locale":"es_ES","og_type":"article","og_title":"Henan Wojinruimei Art Co., Ltd. - OFFICIAL China Hair Expo 2026","og_description":"Henan Wojin Ruimei Crafts Co., Ltd., founded in 2012, is a manufacturer and exporter specializing in the design, development, and production of tape-in hair extensions and hand-tied hair products. Located in Luohe City, adjacent to Xuchang\u2014China&#8217;s largest wig base\u2014the company [&hellip;]","og_url":"https:\/\/internationalhairfair.com\/es\/producto\/henan-wojinruimei-art-co-ltd\/","og_site_name":"OFFICIAL China Hair Expo 2026","article_publisher":"https:\/\/www.facebook.com\/internationalhairfair","og_image":[{"width":960,"height":640,"url":"https:\/\/internationalhairfair.com\/wp-content\/uploads\/2023\/03\/21232017_387032875046876_5991574462003670018_n2-1.jpg","type":"image\/jpeg"}],"twitter_card":"summary_large_image","schema":{"@context":"https:\/\/schema.org","@graph":[{"@type":"WebPage","@id":"https:\/\/internationalhairfair.com\/product\/henan-wojinruimei-art-co-ltd\/","url":"https:\/\/internationalhairfair.com\/product\/henan-wojinruimei-art-co-ltd\/","name":"Henan Wojinruimei Art Co., Ltd. - OFICIAL China Hair Expo 2026","isPartOf":{"@id":"https:\/\/internationalhairfair.com\/#website"},"datePublished":"2025-08-09T14:53:48+00:00","breadcrumb":{"@id":"https:\/\/internationalhairfair.com\/product\/henan-wojinruimei-art-co-ltd\/#breadcrumb"},"inLanguage":"es","potentialAction":[{"@type":"ReadAction","target":["https:\/\/internationalhairfair.com\/product\/henan-wojinruimei-art-co-ltd\/"]}]},{"@type":"BreadcrumbList","@id":"https:\/\/internationalhairfair.com\/product\/henan-wojinruimei-art-co-ltd\/#breadcrumb","itemListElement":[{"@type":"ListItem","position":1,"name":"Home","item":"https:\/\/internationalhairfair.com\/"},{"@type":"ListItem","position":2,"name":"Products","item":"https:\/\/internationalhairfair.com\/shop\/"},{"@type":"ListItem","position":3,"name":"Henan Wojinruimei Art Co., Ltd."}]},{"@type":"WebSite","@id":"https:\/\/internationalhairfair.com\/#website","url":"https:\/\/internationalhairfair.com\/","name":"Sitio web OFICIAL de la Feria Internacional del Cabello de China 2025","description":"\u00a1La feria de peluquer\u00eda m\u00e1s grande del mundo!","publisher":{"@id":"https:\/\/internationalhairfair.com\/#organization"},"potentialAction":[{"@type":"SearchAction","target":{"@type":"EntryPoint","urlTemplate":"https:\/\/internationalhairfair.com\/?s={search_term_string}"},"query-input":{"@type":"PropertyValueSpecification","valueRequired":true,"valueName":"search_term_string"}}],"inLanguage":"es"},{"@type":"Organization","@id":"https:\/\/internationalhairfair.com\/#organization","name":"Sitio web OFICIAL de la Feria Internacional del Cabello de China 2025","url":"https:\/\/internationalhairfair.com\/","logo":{"@type":"ImageObject","inLanguage":"es","@id":"https:\/\/internationalhairfair.com\/#\/schema\/logo\/image\/","url":"https:\/\/internationalhairfair.com\/wp-content\/uploads\/2023\/03\/ms-icon-70x70-2.png","contentUrl":"https:\/\/internationalhairfair.com\/wp-content\/uploads\/2023\/03\/ms-icon-70x70-2.png","width":70,"height":70,"caption":"OFFICIAL website China International Hair Fair 2025"},"image":{"@id":"https:\/\/internationalhairfair.com\/#\/schema\/logo\/image\/"},"sameAs":["https:\/\/www.facebook.com\/internationalhairfair","https:\/\/instagram.com\/chinainternationalhairfair","https:\/\/ca.linkedin.com\/company\/international-hair-fair"]}]}},"_links":{"self":[{"href":"https:\/\/internationalhairfair.com\/es\/wp-json\/wp\/v2\/product\/9254","targetHints":{"allow":["GET"]}}],"collection":[{"href":"https:\/\/internationalhairfair.com\/es\/wp-json\/wp\/v2\/product"}],"about":[{"href":"https:\/\/internationalhairfair.com\/es\/wp-json\/wp\/v2\/types\/product"}],"replies":[{"embeddable":true,"href":"https:\/\/internationalhairfair.com\/es\/wp-json\/wp\/v2\/comments?post=9254"}],"wp:attachment":[{"href":"https:\/\/internationalhairfair.com\/es\/wp-json\/wp\/v2\/media?parent=9254"}],"wp:term":[{"taxonomy":"product_brand","embeddable":true,"href":"https:\/\/internationalhairfair.com\/es\/wp-json\/wp\/v2\/product_brand?post=9254"},{"taxonomy":"product_cat","embeddable":true,"href":"https:\/\/internationalhairfair.com\/es\/wp-json\/wp\/v2\/product_cat?post=9254"},{"taxonomy":"product_tag","embeddable":true,"href":"https:\/\/internationalhairfair.com\/es\/wp-json\/wp\/v2\/product_tag?post=9254"},{"taxonomy":"country","embeddable":true,"href":"https:\/\/internationalhairfair.com\/es\/wp-json\/wp\/v2\/country?post=9254"}],"curies":[{"name":"wp","href":"https:\/\/api.w.org\/{rel}","templated":true}]}}