{"id":9227,"date":"2025-08-09T14:22:55","date_gmt":"2025-08-09T14:22:55","guid":{"rendered":"https:\/\/internationalhairfair.com\/?post_type=product&#038;p=9227"},"modified":"2025-08-09T14:22:55","modified_gmt":"2025-08-09T14:22:55","slug":"henan-yiyang-hair-products-co-ltd","status":"publish","type":"product","link":"https:\/\/internationalhairfair.com\/es\/producto\/henan-yiyang-hair-products-co-ltd\/","title":{"rendered":"Productos para el cabello Henan Yiyang Co., Ltd."},"content":{"rendered":"<p>Henan Yiyang Hair Products Co., Ltd. (Henan Yiyang, para abreviar) es una empresa inteligente e interconectada de producci\u00f3n y servicios que integra producci\u00f3n, I+D, ventas y formaci\u00f3n t\u00e9cnica, especializada en pelucas personalizadas de alta gama. La sede de la empresa se encuentra en el distrito de Qibin, ciudad de Hebi, provincia de Henan, al pie oriental de las monta\u00f1as Taihang, en una zona de gran belleza natural, con excelentes conexiones de transporte, una larga tradici\u00f3n y costumbres locales sencillas.<br \/>\nFilosof\u00eda y desarrollo empresarial<br \/>\nCon la filosof\u00eda empresarial de &quot;El cabello como prioridad, la sinceridad como principio, la ingeniosidad en la calidad y el beneficio mutuo multidimensional&quot;, Henan Yiyang ha dedicado a\u00f1os al desarrollo y la innovaci\u00f3n. Actualmente, posee varias tiendas de venta directa de f\u00e1brica en China, incluyendo &quot;Chuangyi&quot;, &quot;51bufa&quot;, &quot;Wuyou Bufa&quot; y &quot;Faxiaoge&quot;. En abril de 2019, la captaci\u00f3n de nuestros principales socios estrat\u00e9gicos super\u00f3 los 100. Gracias a nuestras tiendas f\u00edsicas propias y a\u00f1os de experiencia en la gesti\u00f3n de socios, Henan Yiyang posee un profundo conocimiento del mercado actual de productos y servicios de extensiones y reemplazo capilar.<br \/>\nEnfoque centrado en el cliente<br \/>\nLas necesidades de nuestros clientes se originan en las tiendas f\u00edsicas, lo que nos permite comprender con precisi\u00f3n los requisitos de las distintas empresas de extensiones y pr\u00f3tesis capilares para sus diferentes productos. Gracias a nuestra amplia experiencia en el contacto directo con los clientes en tiendas f\u00edsicas y a las valiosas sugerencias que recibimos de clientes de todo el pa\u00eds, nuestros productos satisfacen plenamente sus necesidades. Asimismo, reunimos peri\u00f3dicamente a estilistas de cada sucursal y socios para escuchar atentamente los diversos problemas que encuentran al colocar pelucas a sus clientes. Con base en sus comentarios, realizamos los ajustes y mejoras correspondientes en tiempo real.<\/p>","protected":false},"excerpt":{"rendered":"<p>Henan Yiyang Hair Products Co., Ltd. (Henan Yiyang for short) is an intelligent interconnected production-service enterprise integrating production, R&amp;D, sales, and technical training, focusing on private high-end customized wigs. The company&#8217;s headquarters is located in Qibin District, Hebi City, Henan [&hellip;]<\/p>\n","protected":false},"featured_media":0,"comment_status":"open","ping_status":"closed","template":"","meta":{"_price":"","_stock":"","_tribe_ticket_header":"","_tribe_default_ticket_provider":"","_tribe_ticket_capacity":"0","_ticket_start_date":"","_ticket_end_date":"","_tribe_ticket_show_description":"","_tribe_ticket_show_not_going":false,"_tribe_ticket_use_global_stock":"","_tribe_ticket_global_stock_level":"","_global_stock_mode":"","_global_stock_cap":"","_tribe_rsvp_for_event":"","_tribe_ticket_going_count":"","_tribe_ticket_not_going_count":"","_tribe_tickets_list":"[]","_tribe_ticket_has_attendee_info_fields":false,"_bos_mb_destination":[],"_tec_slr_enabled":"","_tec_slr_layout":""},"product_brand":[],"product_cat":[133,132],"product_tag":[],"country":[51],"class_list":{"0":"post-9227","1":"product","2":"type-product","3":"status-publish","5":"product_cat-mens-hairpiece","6":"product_cat-mens-wigs","7":"country-china","9":"first","10":"instock","11":"shipping-taxable","12":"product-type-simple"},"yoast_head":"<!-- This site is optimized with the Yoast SEO plugin v27.4 - https:\/\/yoast.com\/product\/yoast-seo-wordpress\/ -->\n<title>Henan Yiyang Hair Products Co., Ltd - OFFICIAL China Hair Expo 2026<\/title>\n<meta name=\"robots\" content=\"index, follow, max-snippet:-1, max-image-preview:large, max-video-preview:-1\" \/>\n<link rel=\"canonical\" href=\"https:\/\/internationalhairfair.com\/es\/producto\/henan-yiyang-hair-products-co-ltd\/\" \/>\n<meta property=\"og:locale\" content=\"es_ES\" \/>\n<meta property=\"og:type\" content=\"article\" \/>\n<meta property=\"og:title\" content=\"Henan Yiyang Hair Products Co., Ltd - OFFICIAL China Hair Expo 2026\" \/>\n<meta property=\"og:description\" content=\"Henan Yiyang Hair Products Co., Ltd. (Henan Yiyang for short) is an intelligent interconnected production-service enterprise integrating production, R&amp;D, sales, and technical training, focusing on private high-end customized wigs. The company&#8217;s headquarters is located in Qibin District, Hebi City, Henan [&hellip;]\" \/>\n<meta property=\"og:url\" content=\"https:\/\/internationalhairfair.com\/es\/producto\/henan-yiyang-hair-products-co-ltd\/\" \/>\n<meta property=\"og:site_name\" content=\"OFFICIAL China Hair Expo 2026\" \/>\n<meta property=\"article:publisher\" content=\"https:\/\/www.facebook.com\/internationalhairfair\" \/>\n<meta property=\"og:image\" content=\"https:\/\/internationalhairfair.com\/wp-content\/uploads\/2023\/03\/21232017_387032875046876_5991574462003670018_n2-1.jpg\" \/>\n\t<meta property=\"og:image:width\" content=\"960\" \/>\n\t<meta property=\"og:image:height\" content=\"640\" \/>\n\t<meta property=\"og:image:type\" content=\"image\/jpeg\" \/>\n<meta name=\"twitter:card\" content=\"summary_large_image\" \/>\n<script type=\"application\/ld+json\" class=\"yoast-schema-graph\">{\"@context\":\"https:\\\/\\\/schema.org\",\"@graph\":[{\"@type\":\"WebPage\",\"@id\":\"https:\\\/\\\/internationalhairfair.com\\\/product\\\/henan-yiyang-hair-products-co-ltd\\\/\",\"url\":\"https:\\\/\\\/internationalhairfair.com\\\/product\\\/henan-yiyang-hair-products-co-ltd\\\/\",\"name\":\"Henan Yiyang Hair Products Co., Ltd - OFFICIAL China Hair Expo 2026\",\"isPartOf\":{\"@id\":\"https:\\\/\\\/internationalhairfair.com\\\/#website\"},\"datePublished\":\"2025-08-09T14:22:55+00:00\",\"breadcrumb\":{\"@id\":\"https:\\\/\\\/internationalhairfair.com\\\/product\\\/henan-yiyang-hair-products-co-ltd\\\/#breadcrumb\"},\"inLanguage\":\"es\",\"potentialAction\":[{\"@type\":\"ReadAction\",\"target\":[\"https:\\\/\\\/internationalhairfair.com\\\/product\\\/henan-yiyang-hair-products-co-ltd\\\/\"]}]},{\"@type\":\"BreadcrumbList\",\"@id\":\"https:\\\/\\\/internationalhairfair.com\\\/product\\\/henan-yiyang-hair-products-co-ltd\\\/#breadcrumb\",\"itemListElement\":[{\"@type\":\"ListItem\",\"position\":1,\"name\":\"Home\",\"item\":\"https:\\\/\\\/internationalhairfair.com\\\/\"},{\"@type\":\"ListItem\",\"position\":2,\"name\":\"Products\",\"item\":\"https:\\\/\\\/internationalhairfair.com\\\/shop\\\/\"},{\"@type\":\"ListItem\",\"position\":3,\"name\":\"Henan Yiyang Hair Products Co., Ltd\"}]},{\"@type\":\"WebSite\",\"@id\":\"https:\\\/\\\/internationalhairfair.com\\\/#website\",\"url\":\"https:\\\/\\\/internationalhairfair.com\\\/\",\"name\":\"OFFICIAL website China International Hair Fair 2025\",\"description\":\"The biggest hair fair in the world!\",\"publisher\":{\"@id\":\"https:\\\/\\\/internationalhairfair.com\\\/#organization\"},\"potentialAction\":[{\"@type\":\"SearchAction\",\"target\":{\"@type\":\"EntryPoint\",\"urlTemplate\":\"https:\\\/\\\/internationalhairfair.com\\\/?s={search_term_string}\"},\"query-input\":{\"@type\":\"PropertyValueSpecification\",\"valueRequired\":true,\"valueName\":\"search_term_string\"}}],\"inLanguage\":\"es\"},{\"@type\":\"Organization\",\"@id\":\"https:\\\/\\\/internationalhairfair.com\\\/#organization\",\"name\":\"OFFICIAL website China International Hair Fair 2025\",\"url\":\"https:\\\/\\\/internationalhairfair.com\\\/\",\"logo\":{\"@type\":\"ImageObject\",\"inLanguage\":\"es\",\"@id\":\"https:\\\/\\\/internationalhairfair.com\\\/#\\\/schema\\\/logo\\\/image\\\/\",\"url\":\"https:\\\/\\\/internationalhairfair.com\\\/wp-content\\\/uploads\\\/2023\\\/03\\\/ms-icon-70x70-2.png\",\"contentUrl\":\"https:\\\/\\\/internationalhairfair.com\\\/wp-content\\\/uploads\\\/2023\\\/03\\\/ms-icon-70x70-2.png\",\"width\":70,\"height\":70,\"caption\":\"OFFICIAL website China International Hair Fair 2025\"},\"image\":{\"@id\":\"https:\\\/\\\/internationalhairfair.com\\\/#\\\/schema\\\/logo\\\/image\\\/\"},\"sameAs\":[\"https:\\\/\\\/www.facebook.com\\\/internationalhairfair\",\"https:\\\/\\\/instagram.com\\\/chinainternationalhairfair\",\"https:\\\/\\\/ca.linkedin.com\\\/company\\\/international-hair-fair\"]}]}<\/script>\n<!-- \/ Yoast SEO plugin. -->","yoast_head_json":{"title":"Henan Yiyang Hair Products Co., Ltd - OFICIAL China Hair Expo 2026","robots":{"index":"index","follow":"follow","max-snippet":"max-snippet:-1","max-image-preview":"max-image-preview:large","max-video-preview":"max-video-preview:-1"},"canonical":"https:\/\/internationalhairfair.com\/es\/producto\/henan-yiyang-hair-products-co-ltd\/","og_locale":"es_ES","og_type":"article","og_title":"Henan Yiyang Hair Products Co., Ltd - OFFICIAL China Hair Expo 2026","og_description":"Henan Yiyang Hair Products Co., Ltd. (Henan Yiyang for short) is an intelligent interconnected production-service enterprise integrating production, R&amp;D, sales, and technical training, focusing on private high-end customized wigs. The company&#8217;s headquarters is located in Qibin District, Hebi City, Henan [&hellip;]","og_url":"https:\/\/internationalhairfair.com\/es\/producto\/henan-yiyang-hair-products-co-ltd\/","og_site_name":"OFFICIAL China Hair Expo 2026","article_publisher":"https:\/\/www.facebook.com\/internationalhairfair","og_image":[{"width":960,"height":640,"url":"https:\/\/internationalhairfair.com\/wp-content\/uploads\/2023\/03\/21232017_387032875046876_5991574462003670018_n2-1.jpg","type":"image\/jpeg"}],"twitter_card":"summary_large_image","schema":{"@context":"https:\/\/schema.org","@graph":[{"@type":"WebPage","@id":"https:\/\/internationalhairfair.com\/product\/henan-yiyang-hair-products-co-ltd\/","url":"https:\/\/internationalhairfair.com\/product\/henan-yiyang-hair-products-co-ltd\/","name":"Henan Yiyang Hair Products Co., Ltd - OFICIAL China Hair Expo 2026","isPartOf":{"@id":"https:\/\/internationalhairfair.com\/#website"},"datePublished":"2025-08-09T14:22:55+00:00","breadcrumb":{"@id":"https:\/\/internationalhairfair.com\/product\/henan-yiyang-hair-products-co-ltd\/#breadcrumb"},"inLanguage":"es","potentialAction":[{"@type":"ReadAction","target":["https:\/\/internationalhairfair.com\/product\/henan-yiyang-hair-products-co-ltd\/"]}]},{"@type":"BreadcrumbList","@id":"https:\/\/internationalhairfair.com\/product\/henan-yiyang-hair-products-co-ltd\/#breadcrumb","itemListElement":[{"@type":"ListItem","position":1,"name":"Home","item":"https:\/\/internationalhairfair.com\/"},{"@type":"ListItem","position":2,"name":"Products","item":"https:\/\/internationalhairfair.com\/shop\/"},{"@type":"ListItem","position":3,"name":"Henan Yiyang Hair Products Co., Ltd"}]},{"@type":"WebSite","@id":"https:\/\/internationalhairfair.com\/#website","url":"https:\/\/internationalhairfair.com\/","name":"Sitio web OFICIAL de la Feria Internacional del Cabello de China 2025","description":"\u00a1La feria de peluquer\u00eda m\u00e1s grande del mundo!","publisher":{"@id":"https:\/\/internationalhairfair.com\/#organization"},"potentialAction":[{"@type":"SearchAction","target":{"@type":"EntryPoint","urlTemplate":"https:\/\/internationalhairfair.com\/?s={search_term_string}"},"query-input":{"@type":"PropertyValueSpecification","valueRequired":true,"valueName":"search_term_string"}}],"inLanguage":"es"},{"@type":"Organization","@id":"https:\/\/internationalhairfair.com\/#organization","name":"Sitio web OFICIAL de la Feria Internacional del Cabello de China 2025","url":"https:\/\/internationalhairfair.com\/","logo":{"@type":"ImageObject","inLanguage":"es","@id":"https:\/\/internationalhairfair.com\/#\/schema\/logo\/image\/","url":"https:\/\/internationalhairfair.com\/wp-content\/uploads\/2023\/03\/ms-icon-70x70-2.png","contentUrl":"https:\/\/internationalhairfair.com\/wp-content\/uploads\/2023\/03\/ms-icon-70x70-2.png","width":70,"height":70,"caption":"OFFICIAL website China International Hair Fair 2025"},"image":{"@id":"https:\/\/internationalhairfair.com\/#\/schema\/logo\/image\/"},"sameAs":["https:\/\/www.facebook.com\/internationalhairfair","https:\/\/instagram.com\/chinainternationalhairfair","https:\/\/ca.linkedin.com\/company\/international-hair-fair"]}]}},"_links":{"self":[{"href":"https:\/\/internationalhairfair.com\/es\/wp-json\/wp\/v2\/product\/9227","targetHints":{"allow":["GET"]}}],"collection":[{"href":"https:\/\/internationalhairfair.com\/es\/wp-json\/wp\/v2\/product"}],"about":[{"href":"https:\/\/internationalhairfair.com\/es\/wp-json\/wp\/v2\/types\/product"}],"replies":[{"embeddable":true,"href":"https:\/\/internationalhairfair.com\/es\/wp-json\/wp\/v2\/comments?post=9227"}],"wp:attachment":[{"href":"https:\/\/internationalhairfair.com\/es\/wp-json\/wp\/v2\/media?parent=9227"}],"wp:term":[{"taxonomy":"product_brand","embeddable":true,"href":"https:\/\/internationalhairfair.com\/es\/wp-json\/wp\/v2\/product_brand?post=9227"},{"taxonomy":"product_cat","embeddable":true,"href":"https:\/\/internationalhairfair.com\/es\/wp-json\/wp\/v2\/product_cat?post=9227"},{"taxonomy":"product_tag","embeddable":true,"href":"https:\/\/internationalhairfair.com\/es\/wp-json\/wp\/v2\/product_tag?post=9227"},{"taxonomy":"country","embeddable":true,"href":"https:\/\/internationalhairfair.com\/es\/wp-json\/wp\/v2\/country?post=9227"}],"curies":[{"name":"wp","href":"https:\/\/api.w.org\/{rel}","templated":true}]}}