{"id":9170,"date":"2025-08-08T14:07:45","date_gmt":"2025-08-08T14:07:45","guid":{"rendered":"https:\/\/internationalhairfair.com\/?post_type=product&#038;p=9170"},"modified":"2025-08-08T14:07:45","modified_gmt":"2025-08-08T14:07:45","slug":"xuchang-hongyang-synthetic-hair-fiber-chemicals-co-ltd","status":"publish","type":"product","link":"https:\/\/internationalhairfair.com\/es\/producto\/xuchang-hongyang-synthetic-hair-fiber-chemicals-co-ltd\/","title":{"rendered":"Xuchang Hongyang Fibra sint\u00e9tica para el cabello y productos qu\u00edmicos Co., LTD."},"content":{"rendered":"<p>Fundada en 1993, Hongyang es un fabricante a gran escala de productos y materias primas para el cabello, y una empresa de alta tecnolog\u00eda que integra investigaci\u00f3n, desarrollo, producci\u00f3n y ventas a nivel mundial. Nuestros principales productos incluyen productos qu\u00edmicos para el cabello, fibras sint\u00e9ticas para el cabello y accesorios para el cabello. Contamos con dos marcas reconocidas: &quot;Hongyang Chemical&quot; y &quot;Hongsheng Fiber&quot;. Estas dos marcas gozan de gran popularidad tanto a nivel nacional como internacional y son muy apreciadas por los clientes.<br \/>\nJunto con \u201cHongyang Chemical\u201d y \u201cHongsheng Fiber\u201d, contamos con m\u00e1s de 20 productos de investigaci\u00f3n propia que han obtenido patentes nacionales, la mayor\u00eda de ellos pioneros a nivel nacional e internacional. En Hongyang Industry, nos mantenemos al tanto de las \u00faltimas tendencias en productos para el cabello y nos enfocamos en un desarrollo impulsado por la innovaci\u00f3n. Adem\u00e1s, priorizamos la calidad y la satisfacci\u00f3n del cliente, ofreciendo productos de la m\u00e1s alta calidad para satisfacer sus necesidades y contribuir al desarrollo de la industria global de productos para el cabello.<br \/>\nHongyang Industry est\u00e1 ubicada en el interior de la llanura central, en la ciudad de \u00c9frais (Xuchang), que posee una rica cultura de los Tres Reinos, hermosos paisajes y transporte conveniente. Nuestra empresa ha invertido m\u00e1s de 230 millones de yuanes y ha realizado una importante inversi\u00f3n en la adquisici\u00f3n de equipos avanzados nacionales e internacionales para construir una l\u00ednea de producci\u00f3n con una producci\u00f3n anual de 29.000 toneladas de pelucas artificiales de PET, PBT, PTT, PVC, PP y fibras sint\u00e9ticas de prote\u00ednas. Se ha convertido en el mayor fabricante de productos qu\u00edmicos para productos de fibras artificiales y cabello en Asia. La empresa se adhiere al concepto de desarrollo &quot;orientado a las personas&quot; y al impulso de la innovaci\u00f3n tecnol\u00f3gica. Invita a los mejores expertos t\u00e9cnicos nacionales e internacionales para brindar orientaci\u00f3n t\u00e9cnica y cooperaci\u00f3n profunda, y forma alianzas estrat\u00e9gicas con expertos relevantes de la industria de la Academia China de Ciencias y excelentes universidades textiles nacionales, e incorpora constantemente talentos t\u00e9cnicos y de gesti\u00f3n de primer nivel para crear un equipo de investigaci\u00f3n y desarrollo t\u00e9cnico y de gesti\u00f3n de alta calidad. Al mismo tiempo, invirti\u00f3 fuertemente en la introducci\u00f3n de equipos avanzados, tanto nacionales como internacionales, para garantizar una calidad de producto de primera clase.<br \/>\nDirecci\u00f3n: N\u00ba 5129, Avenida Sunshine, Zona de Desarrollo Econ\u00f3mico y Tecnol\u00f3gico, Xuchang, Henan, China-461000<\/p>","protected":false},"excerpt":{"rendered":"<p>Established in 1993, Hongyang is a large-scale hair product and raw material manufacturer and a new high-tech enterprise integrating research, development, production and sales enterprise around the world. Our main productions include hair product chemical, synthetic fiber for hair product, [&hellip;]<\/p>\n","protected":false},"featured_media":0,"comment_status":"open","ping_status":"closed","template":"","meta":{"_price":"","_stock":"","_tribe_ticket_header":"","_tribe_default_ticket_provider":"","_tribe_ticket_capacity":"0","_ticket_start_date":"","_ticket_end_date":"","_tribe_ticket_show_description":"","_tribe_ticket_show_not_going":false,"_tribe_ticket_use_global_stock":"","_tribe_ticket_global_stock_level":"","_global_stock_mode":"","_global_stock_cap":"","_tribe_rsvp_for_event":"","_tribe_ticket_going_count":"","_tribe_ticket_not_going_count":"","_tribe_tickets_list":"[]","_tribe_ticket_has_attendee_info_fields":false,"_bos_mb_destination":[],"_tec_slr_enabled":"","_tec_slr_layout":""},"product_brand":[],"product_cat":[69,119,79,68],"product_tag":[],"country":[51],"class_list":{"0":"post-9170","1":"product","2":"type-product","3":"status-publish","5":"product_cat-chemical-industry","6":"product_cat-synthetic-braids","7":"product_cat-synthetic-fiber-braids","8":"product_cat-synthetic-fiber-materials","9":"country-china","11":"first","12":"instock","13":"shipping-taxable","14":"product-type-simple"},"yoast_head":"<!-- This site is optimized with the Yoast SEO plugin v27.5 - https:\/\/yoast.com\/product\/yoast-seo-wordpress\/ -->\n<title>Xuchang Hongyang Synthetic Hair Fiber &amp; Chemicals Co,. LTD - OFFICIAL China Hair Expo 2026<\/title>\n<meta name=\"robots\" content=\"index, follow, max-snippet:-1, max-image-preview:large, max-video-preview:-1\" \/>\n<link rel=\"canonical\" href=\"https:\/\/internationalhairfair.com\/es\/producto\/xuchang-hongyang-synthetic-hair-fiber-chemicals-co-ltd\/\" \/>\n<meta property=\"og:locale\" content=\"es_ES\" \/>\n<meta property=\"og:type\" content=\"article\" \/>\n<meta property=\"og:title\" content=\"Xuchang Hongyang Synthetic Hair Fiber &amp; Chemicals Co,. LTD - OFFICIAL China Hair Expo 2026\" \/>\n<meta property=\"og:description\" content=\"Established in 1993, Hongyang is a large-scale hair product and raw material manufacturer and a new high-tech enterprise integrating research, development, production and sales enterprise around the world. Our main productions include hair product chemical, synthetic fiber for hair product, [&hellip;]\" \/>\n<meta property=\"og:url\" content=\"https:\/\/internationalhairfair.com\/es\/producto\/xuchang-hongyang-synthetic-hair-fiber-chemicals-co-ltd\/\" \/>\n<meta property=\"og:site_name\" content=\"OFFICIAL China Hair Expo 2026\" \/>\n<meta property=\"article:publisher\" content=\"https:\/\/www.facebook.com\/internationalhairfair\" \/>\n<meta property=\"og:image\" content=\"https:\/\/internationalhairfair.com\/wp-content\/uploads\/2023\/03\/21232017_387032875046876_5991574462003670018_n2-1.jpg\" \/>\n\t<meta property=\"og:image:width\" content=\"960\" \/>\n\t<meta property=\"og:image:height\" content=\"640\" \/>\n\t<meta property=\"og:image:type\" content=\"image\/jpeg\" \/>\n<meta name=\"twitter:card\" content=\"summary_large_image\" \/>\n<script type=\"application\/ld+json\" class=\"yoast-schema-graph\">{\"@context\":\"https:\\\/\\\/schema.org\",\"@graph\":[{\"@type\":\"WebPage\",\"@id\":\"https:\\\/\\\/internationalhairfair.com\\\/product\\\/xuchang-hongyang-synthetic-hair-fiber-chemicals-co-ltd\\\/\",\"url\":\"https:\\\/\\\/internationalhairfair.com\\\/product\\\/xuchang-hongyang-synthetic-hair-fiber-chemicals-co-ltd\\\/\",\"name\":\"Xuchang Hongyang Synthetic Hair Fiber & Chemicals Co,. LTD - OFFICIAL China Hair Expo 2026\",\"isPartOf\":{\"@id\":\"https:\\\/\\\/internationalhairfair.com\\\/#website\"},\"datePublished\":\"2025-08-08T14:07:45+00:00\",\"breadcrumb\":{\"@id\":\"https:\\\/\\\/internationalhairfair.com\\\/product\\\/xuchang-hongyang-synthetic-hair-fiber-chemicals-co-ltd\\\/#breadcrumb\"},\"inLanguage\":\"es\",\"potentialAction\":[{\"@type\":\"ReadAction\",\"target\":[\"https:\\\/\\\/internationalhairfair.com\\\/product\\\/xuchang-hongyang-synthetic-hair-fiber-chemicals-co-ltd\\\/\"]}]},{\"@type\":\"BreadcrumbList\",\"@id\":\"https:\\\/\\\/internationalhairfair.com\\\/product\\\/xuchang-hongyang-synthetic-hair-fiber-chemicals-co-ltd\\\/#breadcrumb\",\"itemListElement\":[{\"@type\":\"ListItem\",\"position\":1,\"name\":\"Home\",\"item\":\"https:\\\/\\\/internationalhairfair.com\\\/\"},{\"@type\":\"ListItem\",\"position\":2,\"name\":\"Products\",\"item\":\"https:\\\/\\\/internationalhairfair.com\\\/shop\\\/\"},{\"@type\":\"ListItem\",\"position\":3,\"name\":\"Xuchang Hongyang Synthetic Hair Fiber &#038; Chemicals Co,. LTD\"}]},{\"@type\":\"WebSite\",\"@id\":\"https:\\\/\\\/internationalhairfair.com\\\/#website\",\"url\":\"https:\\\/\\\/internationalhairfair.com\\\/\",\"name\":\"OFFICIAL website China International Hair Fair 2025\",\"description\":\"The biggest hair fair in the world!\",\"publisher\":{\"@id\":\"https:\\\/\\\/internationalhairfair.com\\\/#organization\"},\"potentialAction\":[{\"@type\":\"SearchAction\",\"target\":{\"@type\":\"EntryPoint\",\"urlTemplate\":\"https:\\\/\\\/internationalhairfair.com\\\/?s={search_term_string}\"},\"query-input\":{\"@type\":\"PropertyValueSpecification\",\"valueRequired\":true,\"valueName\":\"search_term_string\"}}],\"inLanguage\":\"es\"},{\"@type\":\"Organization\",\"@id\":\"https:\\\/\\\/internationalhairfair.com\\\/#organization\",\"name\":\"OFFICIAL website China International Hair Fair 2025\",\"url\":\"https:\\\/\\\/internationalhairfair.com\\\/\",\"logo\":{\"@type\":\"ImageObject\",\"inLanguage\":\"es\",\"@id\":\"https:\\\/\\\/internationalhairfair.com\\\/#\\\/schema\\\/logo\\\/image\\\/\",\"url\":\"https:\\\/\\\/internationalhairfair.com\\\/wp-content\\\/uploads\\\/2023\\\/03\\\/ms-icon-70x70-2.png\",\"contentUrl\":\"https:\\\/\\\/internationalhairfair.com\\\/wp-content\\\/uploads\\\/2023\\\/03\\\/ms-icon-70x70-2.png\",\"width\":70,\"height\":70,\"caption\":\"OFFICIAL website China International Hair Fair 2025\"},\"image\":{\"@id\":\"https:\\\/\\\/internationalhairfair.com\\\/#\\\/schema\\\/logo\\\/image\\\/\"},\"sameAs\":[\"https:\\\/\\\/www.facebook.com\\\/internationalhairfair\",\"https:\\\/\\\/instagram.com\\\/chinainternationalhairfair\",\"https:\\\/\\\/ca.linkedin.com\\\/company\\\/international-hair-fair\"]}]}<\/script>\n<!-- \/ Yoast SEO plugin. -->","yoast_head_json":{"title":"Xuchang Hongyang Synthetic Hair Fiber &amp; Chemicals Co., LTD - OFICIAL China Hair Expo 2026","robots":{"index":"index","follow":"follow","max-snippet":"max-snippet:-1","max-image-preview":"max-image-preview:large","max-video-preview":"max-video-preview:-1"},"canonical":"https:\/\/internationalhairfair.com\/es\/producto\/xuchang-hongyang-synthetic-hair-fiber-chemicals-co-ltd\/","og_locale":"es_ES","og_type":"article","og_title":"Xuchang Hongyang Synthetic Hair Fiber & Chemicals Co,. LTD - OFFICIAL China Hair Expo 2026","og_description":"Established in 1993, Hongyang is a large-scale hair product and raw material manufacturer and a new high-tech enterprise integrating research, development, production and sales enterprise around the world. Our main productions include hair product chemical, synthetic fiber for hair product, [&hellip;]","og_url":"https:\/\/internationalhairfair.com\/es\/producto\/xuchang-hongyang-synthetic-hair-fiber-chemicals-co-ltd\/","og_site_name":"OFFICIAL China Hair Expo 2026","article_publisher":"https:\/\/www.facebook.com\/internationalhairfair","og_image":[{"width":960,"height":640,"url":"https:\/\/internationalhairfair.com\/wp-content\/uploads\/2023\/03\/21232017_387032875046876_5991574462003670018_n2-1.jpg","type":"image\/jpeg"}],"twitter_card":"summary_large_image","schema":{"@context":"https:\/\/schema.org","@graph":[{"@type":"WebPage","@id":"https:\/\/internationalhairfair.com\/product\/xuchang-hongyang-synthetic-hair-fiber-chemicals-co-ltd\/","url":"https:\/\/internationalhairfair.com\/product\/xuchang-hongyang-synthetic-hair-fiber-chemicals-co-ltd\/","name":"Xuchang Hongyang Synthetic Hair Fiber &amp; Chemicals Co., LTD - OFICIAL China Hair Expo 2026","isPartOf":{"@id":"https:\/\/internationalhairfair.com\/#website"},"datePublished":"2025-08-08T14:07:45+00:00","breadcrumb":{"@id":"https:\/\/internationalhairfair.com\/product\/xuchang-hongyang-synthetic-hair-fiber-chemicals-co-ltd\/#breadcrumb"},"inLanguage":"es","potentialAction":[{"@type":"ReadAction","target":["https:\/\/internationalhairfair.com\/product\/xuchang-hongyang-synthetic-hair-fiber-chemicals-co-ltd\/"]}]},{"@type":"BreadcrumbList","@id":"https:\/\/internationalhairfair.com\/product\/xuchang-hongyang-synthetic-hair-fiber-chemicals-co-ltd\/#breadcrumb","itemListElement":[{"@type":"ListItem","position":1,"name":"Home","item":"https:\/\/internationalhairfair.com\/"},{"@type":"ListItem","position":2,"name":"Products","item":"https:\/\/internationalhairfair.com\/shop\/"},{"@type":"ListItem","position":3,"name":"Xuchang Hongyang Synthetic Hair Fiber &#038; Chemicals Co,. LTD"}]},{"@type":"WebSite","@id":"https:\/\/internationalhairfair.com\/#website","url":"https:\/\/internationalhairfair.com\/","name":"Sitio web OFICIAL de la Feria Internacional del Cabello de China 2025","description":"\u00a1La feria de peluquer\u00eda m\u00e1s grande del mundo!","publisher":{"@id":"https:\/\/internationalhairfair.com\/#organization"},"potentialAction":[{"@type":"SearchAction","target":{"@type":"EntryPoint","urlTemplate":"https:\/\/internationalhairfair.com\/?s={search_term_string}"},"query-input":{"@type":"PropertyValueSpecification","valueRequired":true,"valueName":"search_term_string"}}],"inLanguage":"es"},{"@type":"Organization","@id":"https:\/\/internationalhairfair.com\/#organization","name":"Sitio web OFICIAL de la Feria Internacional del Cabello de China 2025","url":"https:\/\/internationalhairfair.com\/","logo":{"@type":"ImageObject","inLanguage":"es","@id":"https:\/\/internationalhairfair.com\/#\/schema\/logo\/image\/","url":"https:\/\/internationalhairfair.com\/wp-content\/uploads\/2023\/03\/ms-icon-70x70-2.png","contentUrl":"https:\/\/internationalhairfair.com\/wp-content\/uploads\/2023\/03\/ms-icon-70x70-2.png","width":70,"height":70,"caption":"OFFICIAL website China International Hair Fair 2025"},"image":{"@id":"https:\/\/internationalhairfair.com\/#\/schema\/logo\/image\/"},"sameAs":["https:\/\/www.facebook.com\/internationalhairfair","https:\/\/instagram.com\/chinainternationalhairfair","https:\/\/ca.linkedin.com\/company\/international-hair-fair"]}]}},"_links":{"self":[{"href":"https:\/\/internationalhairfair.com\/es\/wp-json\/wp\/v2\/product\/9170","targetHints":{"allow":["GET"]}}],"collection":[{"href":"https:\/\/internationalhairfair.com\/es\/wp-json\/wp\/v2\/product"}],"about":[{"href":"https:\/\/internationalhairfair.com\/es\/wp-json\/wp\/v2\/types\/product"}],"replies":[{"embeddable":true,"href":"https:\/\/internationalhairfair.com\/es\/wp-json\/wp\/v2\/comments?post=9170"}],"wp:attachment":[{"href":"https:\/\/internationalhairfair.com\/es\/wp-json\/wp\/v2\/media?parent=9170"}],"wp:term":[{"taxonomy":"product_brand","embeddable":true,"href":"https:\/\/internationalhairfair.com\/es\/wp-json\/wp\/v2\/product_brand?post=9170"},{"taxonomy":"product_cat","embeddable":true,"href":"https:\/\/internationalhairfair.com\/es\/wp-json\/wp\/v2\/product_cat?post=9170"},{"taxonomy":"product_tag","embeddable":true,"href":"https:\/\/internationalhairfair.com\/es\/wp-json\/wp\/v2\/product_tag?post=9170"},{"taxonomy":"country","embeddable":true,"href":"https:\/\/internationalhairfair.com\/es\/wp-json\/wp\/v2\/country?post=9170"}],"curies":[{"name":"wp","href":"https:\/\/api.w.org\/{rel}","templated":true}]}}