{"id":9168,"date":"2025-08-08T14:05:12","date_gmt":"2025-08-08T14:05:12","guid":{"rendered":"https:\/\/internationalhairfair.com\/?post_type=product&#038;p=9168"},"modified":"2025-08-08T14:05:12","modified_gmt":"2025-08-08T14:05:12","slug":"henan-network-wacker-technology-co-ltd","status":"publish","type":"product","link":"https:\/\/internationalhairfair.com\/es\/producto\/henan-network-wacker-technology-co-ltd\/","title":{"rendered":"Red de Henan Wacker Technology Co., Ltd."},"content":{"rendered":"<p>Xuchang Network Wacker Technology Co., Ltd. se encuentra en la ciudad de Xuchang, provincia de Henan. La empresa se ha dedicado a la industria de la belleza y la peluquer\u00eda, ofreciendo cintas adhesivas de doble cara para extensiones de cabello cepilladas, cintas adhesivas de doble cara para cortinas de PU, l\u00e1minas adhesivas para extensiones de cabello sin rastro, diversas cintas impermeables y readhesivas, pegamento, l\u00edquido desgomador y otros productos para pelucas. La empresa integra I+D, producci\u00f3n y ventas. Sus productos se exportan al Sudeste Asi\u00e1tico, Hong Kong, Taiw\u00e1n y otras regiones. Todos los productos han pasado la inspecci\u00f3n. Invitamos a clientes nuevos y antiguos a que nos contacten para su procesamiento y producci\u00f3n. El empaque de la marca se puede personalizar seg\u00fan las necesidades del cliente. Importamos y distribuimos l\u00e1minas adhesivas para extensiones de cabello, tejidos capilares y pr\u00f3tesis capilares, y otros productos de las empresas estadounidenses WALKER TAPE, TRUE TAPE, VAPON, Moriya y otras.<\/p>","protected":false},"excerpt":{"rendered":"<p>Xuchang Network Wacker Technology Co., Ltd. is located in Xuchang City, Henan Province. The company has been committed to the beauty and hairdressing industry&#8217;s double-sided adhesive tape for brushed hair pieces, double-sided adhesive tape for PU hair curtains, traceless hair [&hellip;]<\/p>\n","protected":false},"featured_media":0,"comment_status":"open","ping_status":"closed","template":"","meta":{"_price":"","_stock":"","_tribe_ticket_header":"","_tribe_default_ticket_provider":"","_tribe_ticket_capacity":"0","_ticket_start_date":"","_ticket_end_date":"","_tribe_ticket_show_description":"","_tribe_ticket_show_not_going":false,"_tribe_ticket_use_global_stock":"","_tribe_ticket_global_stock_level":"","_global_stock_mode":"","_global_stock_cap":"","_tribe_rsvp_for_event":"","_tribe_ticket_going_count":"","_tribe_ticket_not_going_count":"","_tribe_tickets_list":"[]","_tribe_ticket_has_attendee_info_fields":false,"_bos_mb_destination":[],"_tec_slr_enabled":"","_tec_slr_layout":""},"product_brand":[],"product_cat":[71,127],"product_tag":[],"country":[51],"class_list":{"0":"post-9168","1":"product","2":"type-product","3":"status-publish","5":"product_cat-wig-accessories","6":"product_cat-wig-stands","7":"country-china","9":"first","10":"instock","11":"shipping-taxable","12":"product-type-simple"},"yoast_head":"<!-- This site is optimized with the Yoast SEO plugin v27.4 - https:\/\/yoast.com\/product\/yoast-seo-wordpress\/ -->\n<title>Henan Network Wacker Technology Co., Ltd. - OFFICIAL China Hair Expo 2026<\/title>\n<meta name=\"robots\" content=\"index, follow, max-snippet:-1, max-image-preview:large, max-video-preview:-1\" \/>\n<link rel=\"canonical\" href=\"https:\/\/internationalhairfair.com\/es\/producto\/henan-network-wacker-technology-co-ltd\/\" \/>\n<meta property=\"og:locale\" content=\"es_ES\" \/>\n<meta property=\"og:type\" content=\"article\" \/>\n<meta property=\"og:title\" content=\"Henan Network Wacker Technology Co., Ltd. - OFFICIAL China Hair Expo 2026\" \/>\n<meta property=\"og:description\" content=\"Xuchang Network Wacker Technology Co., Ltd. is located in Xuchang City, Henan Province. The company has been committed to the beauty and hairdressing industry&#8217;s double-sided adhesive tape for brushed hair pieces, double-sided adhesive tape for PU hair curtains, traceless hair [&hellip;]\" \/>\n<meta property=\"og:url\" content=\"https:\/\/internationalhairfair.com\/es\/producto\/henan-network-wacker-technology-co-ltd\/\" \/>\n<meta property=\"og:site_name\" content=\"OFFICIAL China Hair Expo 2026\" \/>\n<meta property=\"article:publisher\" content=\"https:\/\/www.facebook.com\/internationalhairfair\" \/>\n<meta property=\"og:image\" content=\"https:\/\/internationalhairfair.com\/wp-content\/uploads\/2023\/03\/21232017_387032875046876_5991574462003670018_n2-1.jpg\" \/>\n\t<meta property=\"og:image:width\" content=\"960\" \/>\n\t<meta property=\"og:image:height\" content=\"640\" \/>\n\t<meta property=\"og:image:type\" content=\"image\/jpeg\" \/>\n<meta name=\"twitter:card\" content=\"summary_large_image\" \/>\n<script type=\"application\/ld+json\" class=\"yoast-schema-graph\">{\"@context\":\"https:\\\/\\\/schema.org\",\"@graph\":[{\"@type\":\"WebPage\",\"@id\":\"https:\\\/\\\/internationalhairfair.com\\\/product\\\/henan-network-wacker-technology-co-ltd\\\/\",\"url\":\"https:\\\/\\\/internationalhairfair.com\\\/product\\\/henan-network-wacker-technology-co-ltd\\\/\",\"name\":\"Henan Network Wacker Technology Co., Ltd. - OFFICIAL China Hair Expo 2026\",\"isPartOf\":{\"@id\":\"https:\\\/\\\/internationalhairfair.com\\\/#website\"},\"datePublished\":\"2025-08-08T14:05:12+00:00\",\"breadcrumb\":{\"@id\":\"https:\\\/\\\/internationalhairfair.com\\\/product\\\/henan-network-wacker-technology-co-ltd\\\/#breadcrumb\"},\"inLanguage\":\"es\",\"potentialAction\":[{\"@type\":\"ReadAction\",\"target\":[\"https:\\\/\\\/internationalhairfair.com\\\/product\\\/henan-network-wacker-technology-co-ltd\\\/\"]}]},{\"@type\":\"BreadcrumbList\",\"@id\":\"https:\\\/\\\/internationalhairfair.com\\\/product\\\/henan-network-wacker-technology-co-ltd\\\/#breadcrumb\",\"itemListElement\":[{\"@type\":\"ListItem\",\"position\":1,\"name\":\"Home\",\"item\":\"https:\\\/\\\/internationalhairfair.com\\\/\"},{\"@type\":\"ListItem\",\"position\":2,\"name\":\"Products\",\"item\":\"https:\\\/\\\/internationalhairfair.com\\\/shop\\\/\"},{\"@type\":\"ListItem\",\"position\":3,\"name\":\"Henan Network Wacker Technology Co., Ltd.\"}]},{\"@type\":\"WebSite\",\"@id\":\"https:\\\/\\\/internationalhairfair.com\\\/#website\",\"url\":\"https:\\\/\\\/internationalhairfair.com\\\/\",\"name\":\"OFFICIAL website China International Hair Fair 2025\",\"description\":\"The biggest hair fair in the world!\",\"publisher\":{\"@id\":\"https:\\\/\\\/internationalhairfair.com\\\/#organization\"},\"potentialAction\":[{\"@type\":\"SearchAction\",\"target\":{\"@type\":\"EntryPoint\",\"urlTemplate\":\"https:\\\/\\\/internationalhairfair.com\\\/?s={search_term_string}\"},\"query-input\":{\"@type\":\"PropertyValueSpecification\",\"valueRequired\":true,\"valueName\":\"search_term_string\"}}],\"inLanguage\":\"es\"},{\"@type\":\"Organization\",\"@id\":\"https:\\\/\\\/internationalhairfair.com\\\/#organization\",\"name\":\"OFFICIAL website China International Hair Fair 2025\",\"url\":\"https:\\\/\\\/internationalhairfair.com\\\/\",\"logo\":{\"@type\":\"ImageObject\",\"inLanguage\":\"es\",\"@id\":\"https:\\\/\\\/internationalhairfair.com\\\/#\\\/schema\\\/logo\\\/image\\\/\",\"url\":\"https:\\\/\\\/internationalhairfair.com\\\/wp-content\\\/uploads\\\/2023\\\/03\\\/ms-icon-70x70-2.png\",\"contentUrl\":\"https:\\\/\\\/internationalhairfair.com\\\/wp-content\\\/uploads\\\/2023\\\/03\\\/ms-icon-70x70-2.png\",\"width\":70,\"height\":70,\"caption\":\"OFFICIAL website China International Hair Fair 2025\"},\"image\":{\"@id\":\"https:\\\/\\\/internationalhairfair.com\\\/#\\\/schema\\\/logo\\\/image\\\/\"},\"sameAs\":[\"https:\\\/\\\/www.facebook.com\\\/internationalhairfair\",\"https:\\\/\\\/instagram.com\\\/chinainternationalhairfair\",\"https:\\\/\\\/ca.linkedin.com\\\/company\\\/international-hair-fair\"]}]}<\/script>\n<!-- \/ Yoast SEO plugin. -->","yoast_head_json":{"title":"Henan Network Wacker Technology Co., Ltd. - OFICIAL China Hair Expo 2026","robots":{"index":"index","follow":"follow","max-snippet":"max-snippet:-1","max-image-preview":"max-image-preview:large","max-video-preview":"max-video-preview:-1"},"canonical":"https:\/\/internationalhairfair.com\/es\/producto\/henan-network-wacker-technology-co-ltd\/","og_locale":"es_ES","og_type":"article","og_title":"Henan Network Wacker Technology Co., Ltd. - OFFICIAL China Hair Expo 2026","og_description":"Xuchang Network Wacker Technology Co., Ltd. is located in Xuchang City, Henan Province. The company has been committed to the beauty and hairdressing industry&#8217;s double-sided adhesive tape for brushed hair pieces, double-sided adhesive tape for PU hair curtains, traceless hair [&hellip;]","og_url":"https:\/\/internationalhairfair.com\/es\/producto\/henan-network-wacker-technology-co-ltd\/","og_site_name":"OFFICIAL China Hair Expo 2026","article_publisher":"https:\/\/www.facebook.com\/internationalhairfair","og_image":[{"width":960,"height":640,"url":"https:\/\/internationalhairfair.com\/wp-content\/uploads\/2023\/03\/21232017_387032875046876_5991574462003670018_n2-1.jpg","type":"image\/jpeg"}],"twitter_card":"summary_large_image","schema":{"@context":"https:\/\/schema.org","@graph":[{"@type":"WebPage","@id":"https:\/\/internationalhairfair.com\/product\/henan-network-wacker-technology-co-ltd\/","url":"https:\/\/internationalhairfair.com\/product\/henan-network-wacker-technology-co-ltd\/","name":"Henan Network Wacker Technology Co., Ltd. - OFICIAL China Hair Expo 2026","isPartOf":{"@id":"https:\/\/internationalhairfair.com\/#website"},"datePublished":"2025-08-08T14:05:12+00:00","breadcrumb":{"@id":"https:\/\/internationalhairfair.com\/product\/henan-network-wacker-technology-co-ltd\/#breadcrumb"},"inLanguage":"es","potentialAction":[{"@type":"ReadAction","target":["https:\/\/internationalhairfair.com\/product\/henan-network-wacker-technology-co-ltd\/"]}]},{"@type":"BreadcrumbList","@id":"https:\/\/internationalhairfair.com\/product\/henan-network-wacker-technology-co-ltd\/#breadcrumb","itemListElement":[{"@type":"ListItem","position":1,"name":"Home","item":"https:\/\/internationalhairfair.com\/"},{"@type":"ListItem","position":2,"name":"Products","item":"https:\/\/internationalhairfair.com\/shop\/"},{"@type":"ListItem","position":3,"name":"Henan Network Wacker Technology Co., Ltd."}]},{"@type":"WebSite","@id":"https:\/\/internationalhairfair.com\/#website","url":"https:\/\/internationalhairfair.com\/","name":"Sitio web OFICIAL de la Feria Internacional del Cabello de China 2025","description":"\u00a1La feria de peluquer\u00eda m\u00e1s grande del mundo!","publisher":{"@id":"https:\/\/internationalhairfair.com\/#organization"},"potentialAction":[{"@type":"SearchAction","target":{"@type":"EntryPoint","urlTemplate":"https:\/\/internationalhairfair.com\/?s={search_term_string}"},"query-input":{"@type":"PropertyValueSpecification","valueRequired":true,"valueName":"search_term_string"}}],"inLanguage":"es"},{"@type":"Organization","@id":"https:\/\/internationalhairfair.com\/#organization","name":"Sitio web OFICIAL de la Feria Internacional del Cabello de China 2025","url":"https:\/\/internationalhairfair.com\/","logo":{"@type":"ImageObject","inLanguage":"es","@id":"https:\/\/internationalhairfair.com\/#\/schema\/logo\/image\/","url":"https:\/\/internationalhairfair.com\/wp-content\/uploads\/2023\/03\/ms-icon-70x70-2.png","contentUrl":"https:\/\/internationalhairfair.com\/wp-content\/uploads\/2023\/03\/ms-icon-70x70-2.png","width":70,"height":70,"caption":"OFFICIAL website China International Hair Fair 2025"},"image":{"@id":"https:\/\/internationalhairfair.com\/#\/schema\/logo\/image\/"},"sameAs":["https:\/\/www.facebook.com\/internationalhairfair","https:\/\/instagram.com\/chinainternationalhairfair","https:\/\/ca.linkedin.com\/company\/international-hair-fair"]}]}},"_links":{"self":[{"href":"https:\/\/internationalhairfair.com\/es\/wp-json\/wp\/v2\/product\/9168","targetHints":{"allow":["GET"]}}],"collection":[{"href":"https:\/\/internationalhairfair.com\/es\/wp-json\/wp\/v2\/product"}],"about":[{"href":"https:\/\/internationalhairfair.com\/es\/wp-json\/wp\/v2\/types\/product"}],"replies":[{"embeddable":true,"href":"https:\/\/internationalhairfair.com\/es\/wp-json\/wp\/v2\/comments?post=9168"}],"wp:attachment":[{"href":"https:\/\/internationalhairfair.com\/es\/wp-json\/wp\/v2\/media?parent=9168"}],"wp:term":[{"taxonomy":"product_brand","embeddable":true,"href":"https:\/\/internationalhairfair.com\/es\/wp-json\/wp\/v2\/product_brand?post=9168"},{"taxonomy":"product_cat","embeddable":true,"href":"https:\/\/internationalhairfair.com\/es\/wp-json\/wp\/v2\/product_cat?post=9168"},{"taxonomy":"product_tag","embeddable":true,"href":"https:\/\/internationalhairfair.com\/es\/wp-json\/wp\/v2\/product_tag?post=9168"},{"taxonomy":"country","embeddable":true,"href":"https:\/\/internationalhairfair.com\/es\/wp-json\/wp\/v2\/country?post=9168"}],"curies":[{"name":"wp","href":"https:\/\/api.w.org\/{rel}","templated":true}]}}