{"id":9130,"date":"2025-08-08T10:50:49","date_gmt":"2025-08-08T10:50:49","guid":{"rendered":"https:\/\/internationalhairfair.com\/?post_type=product&#038;p=9130"},"modified":"2025-08-08T10:50:49","modified_gmt":"2025-08-08T10:50:49","slug":"henan-cameisi-hair-products-co-ltd","status":"publish","type":"product","link":"https:\/\/internationalhairfair.com\/es\/producto\/henan-cameisi-hair-products-co-ltd\/","title":{"rendered":"Productos para el cabello Henan Cameisi Co., Ltd."},"content":{"rendered":"<p>Xuchang Kamisi Crafts Co., Ltd.<br \/>\nFundada en 2015, Kamisi se dedica a la investigaci\u00f3n, el desarrollo, la producci\u00f3n y la venta de modelos de cabeza. Principalmente vende modelos de cabeza para peluquer\u00eda, modelos de cabeza de lona, modelos de cabeza para exhibici\u00f3n de pelucas, modelos de cabeza para belleza, soportes para modelos de cabeza, soportes para pelucas, etc.<br \/>\nTras a\u00f1os de esp\u00edritu pionero y esp\u00edritu emprendedor, la empresa se ha distinguido en el sector por sus productos de alta calidad, precios razonables y el desarrollo continuo de nuevos productos, convirti\u00e9ndose en un proveedor de alta calidad para plataformas de comercio electr\u00f3nico nacionales e internacionales.<\/p>\n<p>Direcci\u00f3n: Calle Wenxing n.\u00ba 9, distrito de Jian&#039;an, ciudad de Xuchang, provincia de Henan.<\/p>","protected":false},"excerpt":{"rendered":"<p>Xuchang Kamisi Crafts Co., Ltd. Established in 2015, Kamisi is engaged in the research, development, production and sales of head models. It mainly sells hairdressing head models, canvas head models, wig display head models, beauty head models, head model stands, [&hellip;]<\/p>\n","protected":false},"featured_media":0,"comment_status":"open","ping_status":"closed","template":"","meta":{"_price":"","_stock":"","_tribe_ticket_header":"","_tribe_default_ticket_provider":"","_tribe_ticket_capacity":"0","_ticket_start_date":"","_ticket_end_date":"","_tribe_ticket_show_description":"","_tribe_ticket_show_not_going":false,"_tribe_ticket_use_global_stock":"","_tribe_ticket_global_stock_level":"","_global_stock_mode":"","_global_stock_cap":"","_tribe_rsvp_for_event":"","_tribe_ticket_going_count":"","_tribe_ticket_not_going_count":"","_tribe_tickets_list":"[]","_tribe_ticket_has_attendee_info_fields":false,"_bos_mb_destination":[],"_tec_slr_enabled":"","_tec_slr_layout":""},"product_brand":[],"product_cat":[72,127],"product_tag":[],"country":[51],"class_list":{"0":"post-9130","1":"product","2":"type-product","3":"status-publish","5":"product_cat-manequines","6":"product_cat-wig-stands","7":"country-china","9":"first","10":"instock","11":"shipping-taxable","12":"product-type-simple"},"yoast_head":"<!-- This site is optimized with the Yoast SEO plugin v27.4 - https:\/\/yoast.com\/product\/yoast-seo-wordpress\/ -->\n<title>Henan Cameisi Hair Products Co., Ltd. - OFFICIAL China Hair Expo 2026<\/title>\n<meta name=\"robots\" content=\"index, follow, max-snippet:-1, max-image-preview:large, max-video-preview:-1\" \/>\n<link rel=\"canonical\" href=\"https:\/\/internationalhairfair.com\/es\/producto\/henan-cameisi-hair-products-co-ltd\/\" \/>\n<meta property=\"og:locale\" content=\"es_ES\" \/>\n<meta property=\"og:type\" content=\"article\" \/>\n<meta property=\"og:title\" content=\"Henan Cameisi Hair Products Co., Ltd. - OFFICIAL China Hair Expo 2026\" \/>\n<meta property=\"og:description\" content=\"Xuchang Kamisi Crafts Co., Ltd. Established in 2015, Kamisi is engaged in the research, development, production and sales of head models. It mainly sells hairdressing head models, canvas head models, wig display head models, beauty head models, head model stands, [&hellip;]\" \/>\n<meta property=\"og:url\" content=\"https:\/\/internationalhairfair.com\/es\/producto\/henan-cameisi-hair-products-co-ltd\/\" \/>\n<meta property=\"og:site_name\" content=\"OFFICIAL China Hair Expo 2026\" \/>\n<meta property=\"article:publisher\" content=\"https:\/\/www.facebook.com\/internationalhairfair\" \/>\n<meta property=\"og:image\" content=\"https:\/\/internationalhairfair.com\/wp-content\/uploads\/2023\/03\/21232017_387032875046876_5991574462003670018_n2-1.jpg\" \/>\n\t<meta property=\"og:image:width\" content=\"960\" \/>\n\t<meta property=\"og:image:height\" content=\"640\" \/>\n\t<meta property=\"og:image:type\" content=\"image\/jpeg\" \/>\n<meta name=\"twitter:card\" content=\"summary_large_image\" \/>\n<script type=\"application\/ld+json\" class=\"yoast-schema-graph\">{\"@context\":\"https:\\\/\\\/schema.org\",\"@graph\":[{\"@type\":\"WebPage\",\"@id\":\"https:\\\/\\\/internationalhairfair.com\\\/product\\\/henan-cameisi-hair-products-co-ltd\\\/\",\"url\":\"https:\\\/\\\/internationalhairfair.com\\\/product\\\/henan-cameisi-hair-products-co-ltd\\\/\",\"name\":\"Henan Cameisi Hair Products Co., Ltd. - OFFICIAL China Hair Expo 2026\",\"isPartOf\":{\"@id\":\"https:\\\/\\\/internationalhairfair.com\\\/#website\"},\"datePublished\":\"2025-08-08T10:50:49+00:00\",\"breadcrumb\":{\"@id\":\"https:\\\/\\\/internationalhairfair.com\\\/product\\\/henan-cameisi-hair-products-co-ltd\\\/#breadcrumb\"},\"inLanguage\":\"es\",\"potentialAction\":[{\"@type\":\"ReadAction\",\"target\":[\"https:\\\/\\\/internationalhairfair.com\\\/product\\\/henan-cameisi-hair-products-co-ltd\\\/\"]}]},{\"@type\":\"BreadcrumbList\",\"@id\":\"https:\\\/\\\/internationalhairfair.com\\\/product\\\/henan-cameisi-hair-products-co-ltd\\\/#breadcrumb\",\"itemListElement\":[{\"@type\":\"ListItem\",\"position\":1,\"name\":\"Home\",\"item\":\"https:\\\/\\\/internationalhairfair.com\\\/\"},{\"@type\":\"ListItem\",\"position\":2,\"name\":\"Products\",\"item\":\"https:\\\/\\\/internationalhairfair.com\\\/shop\\\/\"},{\"@type\":\"ListItem\",\"position\":3,\"name\":\"Henan Cameisi Hair Products Co., Ltd.\"}]},{\"@type\":\"WebSite\",\"@id\":\"https:\\\/\\\/internationalhairfair.com\\\/#website\",\"url\":\"https:\\\/\\\/internationalhairfair.com\\\/\",\"name\":\"OFFICIAL website China International Hair Fair 2025\",\"description\":\"The biggest hair fair in the world!\",\"publisher\":{\"@id\":\"https:\\\/\\\/internationalhairfair.com\\\/#organization\"},\"potentialAction\":[{\"@type\":\"SearchAction\",\"target\":{\"@type\":\"EntryPoint\",\"urlTemplate\":\"https:\\\/\\\/internationalhairfair.com\\\/?s={search_term_string}\"},\"query-input\":{\"@type\":\"PropertyValueSpecification\",\"valueRequired\":true,\"valueName\":\"search_term_string\"}}],\"inLanguage\":\"es\"},{\"@type\":\"Organization\",\"@id\":\"https:\\\/\\\/internationalhairfair.com\\\/#organization\",\"name\":\"OFFICIAL website China International Hair Fair 2025\",\"url\":\"https:\\\/\\\/internationalhairfair.com\\\/\",\"logo\":{\"@type\":\"ImageObject\",\"inLanguage\":\"es\",\"@id\":\"https:\\\/\\\/internationalhairfair.com\\\/#\\\/schema\\\/logo\\\/image\\\/\",\"url\":\"https:\\\/\\\/internationalhairfair.com\\\/wp-content\\\/uploads\\\/2023\\\/03\\\/ms-icon-70x70-2.png\",\"contentUrl\":\"https:\\\/\\\/internationalhairfair.com\\\/wp-content\\\/uploads\\\/2023\\\/03\\\/ms-icon-70x70-2.png\",\"width\":70,\"height\":70,\"caption\":\"OFFICIAL website China International Hair Fair 2025\"},\"image\":{\"@id\":\"https:\\\/\\\/internationalhairfair.com\\\/#\\\/schema\\\/logo\\\/image\\\/\"},\"sameAs\":[\"https:\\\/\\\/www.facebook.com\\\/internationalhairfair\",\"https:\\\/\\\/instagram.com\\\/chinainternationalhairfair\",\"https:\\\/\\\/ca.linkedin.com\\\/company\\\/international-hair-fair\"]}]}<\/script>\n<!-- \/ Yoast SEO plugin. -->","yoast_head_json":{"title":"Henan Cameisi Hair Products Co., Ltd. - OFICIAL China Hair Expo 2026","robots":{"index":"index","follow":"follow","max-snippet":"max-snippet:-1","max-image-preview":"max-image-preview:large","max-video-preview":"max-video-preview:-1"},"canonical":"https:\/\/internationalhairfair.com\/es\/producto\/henan-cameisi-hair-products-co-ltd\/","og_locale":"es_ES","og_type":"article","og_title":"Henan Cameisi Hair Products Co., Ltd. - OFFICIAL China Hair Expo 2026","og_description":"Xuchang Kamisi Crafts Co., Ltd. Established in 2015, Kamisi is engaged in the research, development, production and sales of head models. It mainly sells hairdressing head models, canvas head models, wig display head models, beauty head models, head model stands, [&hellip;]","og_url":"https:\/\/internationalhairfair.com\/es\/producto\/henan-cameisi-hair-products-co-ltd\/","og_site_name":"OFFICIAL China Hair Expo 2026","article_publisher":"https:\/\/www.facebook.com\/internationalhairfair","og_image":[{"width":960,"height":640,"url":"https:\/\/internationalhairfair.com\/wp-content\/uploads\/2023\/03\/21232017_387032875046876_5991574462003670018_n2-1.jpg","type":"image\/jpeg"}],"twitter_card":"summary_large_image","schema":{"@context":"https:\/\/schema.org","@graph":[{"@type":"WebPage","@id":"https:\/\/internationalhairfair.com\/product\/henan-cameisi-hair-products-co-ltd\/","url":"https:\/\/internationalhairfair.com\/product\/henan-cameisi-hair-products-co-ltd\/","name":"Henan Cameisi Hair Products Co., Ltd. - OFICIAL China Hair Expo 2026","isPartOf":{"@id":"https:\/\/internationalhairfair.com\/#website"},"datePublished":"2025-08-08T10:50:49+00:00","breadcrumb":{"@id":"https:\/\/internationalhairfair.com\/product\/henan-cameisi-hair-products-co-ltd\/#breadcrumb"},"inLanguage":"es","potentialAction":[{"@type":"ReadAction","target":["https:\/\/internationalhairfair.com\/product\/henan-cameisi-hair-products-co-ltd\/"]}]},{"@type":"BreadcrumbList","@id":"https:\/\/internationalhairfair.com\/product\/henan-cameisi-hair-products-co-ltd\/#breadcrumb","itemListElement":[{"@type":"ListItem","position":1,"name":"Home","item":"https:\/\/internationalhairfair.com\/"},{"@type":"ListItem","position":2,"name":"Products","item":"https:\/\/internationalhairfair.com\/shop\/"},{"@type":"ListItem","position":3,"name":"Henan Cameisi Hair Products Co., Ltd."}]},{"@type":"WebSite","@id":"https:\/\/internationalhairfair.com\/#website","url":"https:\/\/internationalhairfair.com\/","name":"Sitio web OFICIAL de la Feria Internacional del Cabello de China 2025","description":"\u00a1La feria de peluquer\u00eda m\u00e1s grande del mundo!","publisher":{"@id":"https:\/\/internationalhairfair.com\/#organization"},"potentialAction":[{"@type":"SearchAction","target":{"@type":"EntryPoint","urlTemplate":"https:\/\/internationalhairfair.com\/?s={search_term_string}"},"query-input":{"@type":"PropertyValueSpecification","valueRequired":true,"valueName":"search_term_string"}}],"inLanguage":"es"},{"@type":"Organization","@id":"https:\/\/internationalhairfair.com\/#organization","name":"Sitio web OFICIAL de la Feria Internacional del Cabello de China 2025","url":"https:\/\/internationalhairfair.com\/","logo":{"@type":"ImageObject","inLanguage":"es","@id":"https:\/\/internationalhairfair.com\/#\/schema\/logo\/image\/","url":"https:\/\/internationalhairfair.com\/wp-content\/uploads\/2023\/03\/ms-icon-70x70-2.png","contentUrl":"https:\/\/internationalhairfair.com\/wp-content\/uploads\/2023\/03\/ms-icon-70x70-2.png","width":70,"height":70,"caption":"OFFICIAL website China International Hair Fair 2025"},"image":{"@id":"https:\/\/internationalhairfair.com\/#\/schema\/logo\/image\/"},"sameAs":["https:\/\/www.facebook.com\/internationalhairfair","https:\/\/instagram.com\/chinainternationalhairfair","https:\/\/ca.linkedin.com\/company\/international-hair-fair"]}]}},"_links":{"self":[{"href":"https:\/\/internationalhairfair.com\/es\/wp-json\/wp\/v2\/product\/9130","targetHints":{"allow":["GET"]}}],"collection":[{"href":"https:\/\/internationalhairfair.com\/es\/wp-json\/wp\/v2\/product"}],"about":[{"href":"https:\/\/internationalhairfair.com\/es\/wp-json\/wp\/v2\/types\/product"}],"replies":[{"embeddable":true,"href":"https:\/\/internationalhairfair.com\/es\/wp-json\/wp\/v2\/comments?post=9130"}],"wp:attachment":[{"href":"https:\/\/internationalhairfair.com\/es\/wp-json\/wp\/v2\/media?parent=9130"}],"wp:term":[{"taxonomy":"product_brand","embeddable":true,"href":"https:\/\/internationalhairfair.com\/es\/wp-json\/wp\/v2\/product_brand?post=9130"},{"taxonomy":"product_cat","embeddable":true,"href":"https:\/\/internationalhairfair.com\/es\/wp-json\/wp\/v2\/product_cat?post=9130"},{"taxonomy":"product_tag","embeddable":true,"href":"https:\/\/internationalhairfair.com\/es\/wp-json\/wp\/v2\/product_tag?post=9130"},{"taxonomy":"country","embeddable":true,"href":"https:\/\/internationalhairfair.com\/es\/wp-json\/wp\/v2\/country?post=9130"}],"curies":[{"name":"wp","href":"https:\/\/api.w.org\/{rel}","templated":true}]}}