{"id":9049,"date":"2025-08-08T09:59:44","date_gmt":"2025-08-08T09:59:44","guid":{"rendered":"https:\/\/internationalhairfair.com\/?post_type=product&#038;p=9049"},"modified":"2025-08-08T09:59:44","modified_gmt":"2025-08-08T09:59:44","slug":"dongguan-feierbo-new-material-technology-co-ltd","status":"publish","type":"product","link":"https:\/\/internationalhairfair.com\/es\/producto\/dongguan-feierbo-new-material-technology-co-ltd\/","title":{"rendered":"Dongguan Feierbo nuevo material Technology Co., Ltd."},"content":{"rendered":"<p>Dongguan Feierbo New Material Technology Co., Ltd. est\u00e1 ubicada en la ciudad de Dongguan, provincia de Guangdong, China. Somos una gran f\u00e1brica especializada en la investigaci\u00f3n, el desarrollo, la producci\u00f3n y la venta de fibra de poli\u00e9ster, fibra de nailon y fibra de polipropileno. Nuestros productos se utilizan principalmente para la fabricaci\u00f3n de pelucas humanas, pelucas de cosplay de anime, cabello para mu\u00f1ecas, cabello para juguetes de animales, gorros para fans, pelucas de Halloween, cabello de Pap\u00e1 Noel, cintas, cuerdas tejidas, \u00e1rboles de Navidad, bolsos y mochilas de viaje, etc.<\/p>\n<p>Las marcas de juguetes con las que colaboramos son: Mattel, MGA, JAKKS, IMC, Mousse, Disney, Barbie, Hasbro, Walmart, Arias, Hu Emma, \u200b\u200bVikam, etc.<\/p>\n<p>Las marcas deportivas con las que colaboramos son: Nike, Adidas Das, Puma, Under Armour, VF, Sony, Samsonite, Decathlon.<br \/>\n1. \u00c1rea<br \/>\n1) Superficie construida: 15.000 metros cuadrados<br \/>\n2) F\u00e1brica<br \/>\n1 edificio: 7.500 metros cuadrados<br \/>\n1 edificio: 4.000 metros cuadrados<br \/>\n1 edificio: 3.000 metros cuadrados<br \/>\n3) Almac\u00e9n: 4.000 metros cuadrados<br \/>\n4) Dormitorio: 1.500 metros cuadrados<br \/>\n2. Estado de producci\u00f3n<br \/>\n1) Capacidad de producci\u00f3n mensual: 1.200 toneladas<br \/>\n2) L\u00edneas de producci\u00f3n: 34<br \/>\n(1) M\u00e1quinas trefiladoras: 34 unidades<br \/>\n(2) M\u00e1quinas rizadoras: 150 unidades, con una capacidad de producci\u00f3n de 300 toneladas de cabello rizado al mes.<br \/>\n(3) Otras m\u00e1quinas: 61 unidades<br \/>\nTotal: 245 m\u00e1quinas<br \/>\n3) Capacidad de producci\u00f3n anual: 14.000 toneladas<br \/>\n3. Personal: 28 6 personas<br \/>\n4. Fecha de fundaci\u00f3n: 2006<br \/>\n5. Sitio web de la empresa: http:\/\/www.feb88.com<\/p>\n<p>Feierbo Company lleva 19 a\u00f1os en el mercado. Nuestra empresa no solo cuenta con equipos de producci\u00f3n de primera clase en China, sino tambi\u00e9n con un gran n\u00famero de profesionales y t\u00e9cnicos altamente cualificados con amplia experiencia pr\u00e1ctica, un profundo conocimiento del desarrollo de productos y una s\u00f3lida capacidad t\u00e9cnica. Por lo tanto, podemos fabricar productos de fibra con diversas especificaciones y que se ajusten a las exigencias del mercado, especialmente para satisfacer las necesidades de nuestros clientes en cuanto a variedad, producci\u00f3n en lotes peque\u00f1os, diferenciaci\u00f3n y entrega r\u00e1pida.<\/p>","protected":false},"excerpt":{"rendered":"<p>Dongguan Feierbo New Material Technology Co., Ltd. is located in Dongguan City, Guangdong Province, China. We are a large factory specializing in the research and development, production and sales of polyester fiber, nylon fiber and polypropylene fiber. Our products are [&hellip;]<\/p>\n","protected":false},"featured_media":0,"comment_status":"open","ping_status":"closed","template":"","meta":{"_price":"","_stock":"","_tribe_ticket_header":"","_tribe_default_ticket_provider":"","_tribe_ticket_capacity":"0","_ticket_start_date":"","_ticket_end_date":"","_tribe_ticket_show_description":"","_tribe_ticket_show_not_going":false,"_tribe_ticket_use_global_stock":"","_tribe_ticket_global_stock_level":"","_global_stock_mode":"","_global_stock_cap":"","_tribe_rsvp_for_event":"","_tribe_ticket_going_count":"","_tribe_ticket_not_going_count":"","_tribe_tickets_list":"[]","_tribe_ticket_has_attendee_info_fields":false,"_bos_mb_destination":[],"_tec_slr_enabled":"","_tec_slr_layout":""},"product_brand":[],"product_cat":[68],"product_tag":[],"country":[51],"class_list":{"0":"post-9049","1":"product","2":"type-product","3":"status-publish","5":"product_cat-synthetic-fiber-materials","6":"country-china","8":"first","9":"instock","10":"shipping-taxable","11":"product-type-simple"},"yoast_head":"<!-- This site is optimized with the Yoast SEO plugin v27.4 - https:\/\/yoast.com\/product\/yoast-seo-wordpress\/ -->\n<title>Dongguan Feierbo New Material Technology Co., Ltd. - OFFICIAL China Hair Expo 2026<\/title>\n<meta name=\"robots\" content=\"index, follow, max-snippet:-1, max-image-preview:large, max-video-preview:-1\" \/>\n<link rel=\"canonical\" href=\"https:\/\/internationalhairfair.com\/es\/producto\/dongguan-feierbo-new-material-technology-co-ltd\/\" \/>\n<meta property=\"og:locale\" content=\"es_ES\" \/>\n<meta property=\"og:type\" content=\"article\" \/>\n<meta property=\"og:title\" content=\"Dongguan Feierbo New Material Technology Co., Ltd. - OFFICIAL China Hair Expo 2026\" \/>\n<meta property=\"og:description\" content=\"Dongguan Feierbo New Material Technology Co., Ltd. is located in Dongguan City, Guangdong Province, China. We are a large factory specializing in the research and development, production and sales of polyester fiber, nylon fiber and polypropylene fiber. Our products are [&hellip;]\" \/>\n<meta property=\"og:url\" content=\"https:\/\/internationalhairfair.com\/es\/producto\/dongguan-feierbo-new-material-technology-co-ltd\/\" \/>\n<meta property=\"og:site_name\" content=\"OFFICIAL China Hair Expo 2026\" \/>\n<meta property=\"article:publisher\" content=\"https:\/\/www.facebook.com\/internationalhairfair\" \/>\n<meta property=\"og:image\" content=\"https:\/\/internationalhairfair.com\/wp-content\/uploads\/2023\/03\/21232017_387032875046876_5991574462003670018_n2-1.jpg\" \/>\n\t<meta property=\"og:image:width\" content=\"960\" \/>\n\t<meta property=\"og:image:height\" content=\"640\" \/>\n\t<meta property=\"og:image:type\" content=\"image\/jpeg\" \/>\n<meta name=\"twitter:card\" content=\"summary_large_image\" \/>\n<script type=\"application\/ld+json\" class=\"yoast-schema-graph\">{\"@context\":\"https:\\\/\\\/schema.org\",\"@graph\":[{\"@type\":\"WebPage\",\"@id\":\"https:\\\/\\\/internationalhairfair.com\\\/product\\\/dongguan-feierbo-new-material-technology-co-ltd\\\/\",\"url\":\"https:\\\/\\\/internationalhairfair.com\\\/product\\\/dongguan-feierbo-new-material-technology-co-ltd\\\/\",\"name\":\"Dongguan Feierbo New Material Technology Co., Ltd. - OFFICIAL China Hair Expo 2026\",\"isPartOf\":{\"@id\":\"https:\\\/\\\/internationalhairfair.com\\\/#website\"},\"datePublished\":\"2025-08-08T09:59:44+00:00\",\"breadcrumb\":{\"@id\":\"https:\\\/\\\/internationalhairfair.com\\\/product\\\/dongguan-feierbo-new-material-technology-co-ltd\\\/#breadcrumb\"},\"inLanguage\":\"es\",\"potentialAction\":[{\"@type\":\"ReadAction\",\"target\":[\"https:\\\/\\\/internationalhairfair.com\\\/product\\\/dongguan-feierbo-new-material-technology-co-ltd\\\/\"]}]},{\"@type\":\"BreadcrumbList\",\"@id\":\"https:\\\/\\\/internationalhairfair.com\\\/product\\\/dongguan-feierbo-new-material-technology-co-ltd\\\/#breadcrumb\",\"itemListElement\":[{\"@type\":\"ListItem\",\"position\":1,\"name\":\"Home\",\"item\":\"https:\\\/\\\/internationalhairfair.com\\\/\"},{\"@type\":\"ListItem\",\"position\":2,\"name\":\"Products\",\"item\":\"https:\\\/\\\/internationalhairfair.com\\\/shop\\\/\"},{\"@type\":\"ListItem\",\"position\":3,\"name\":\"Dongguan Feierbo New Material Technology Co., Ltd.\"}]},{\"@type\":\"WebSite\",\"@id\":\"https:\\\/\\\/internationalhairfair.com\\\/#website\",\"url\":\"https:\\\/\\\/internationalhairfair.com\\\/\",\"name\":\"OFFICIAL website China International Hair Fair 2025\",\"description\":\"The biggest hair fair in the world!\",\"publisher\":{\"@id\":\"https:\\\/\\\/internationalhairfair.com\\\/#organization\"},\"potentialAction\":[{\"@type\":\"SearchAction\",\"target\":{\"@type\":\"EntryPoint\",\"urlTemplate\":\"https:\\\/\\\/internationalhairfair.com\\\/?s={search_term_string}\"},\"query-input\":{\"@type\":\"PropertyValueSpecification\",\"valueRequired\":true,\"valueName\":\"search_term_string\"}}],\"inLanguage\":\"es\"},{\"@type\":\"Organization\",\"@id\":\"https:\\\/\\\/internationalhairfair.com\\\/#organization\",\"name\":\"OFFICIAL website China International Hair Fair 2025\",\"url\":\"https:\\\/\\\/internationalhairfair.com\\\/\",\"logo\":{\"@type\":\"ImageObject\",\"inLanguage\":\"es\",\"@id\":\"https:\\\/\\\/internationalhairfair.com\\\/#\\\/schema\\\/logo\\\/image\\\/\",\"url\":\"https:\\\/\\\/internationalhairfair.com\\\/wp-content\\\/uploads\\\/2023\\\/03\\\/ms-icon-70x70-2.png\",\"contentUrl\":\"https:\\\/\\\/internationalhairfair.com\\\/wp-content\\\/uploads\\\/2023\\\/03\\\/ms-icon-70x70-2.png\",\"width\":70,\"height\":70,\"caption\":\"OFFICIAL website China International Hair Fair 2025\"},\"image\":{\"@id\":\"https:\\\/\\\/internationalhairfair.com\\\/#\\\/schema\\\/logo\\\/image\\\/\"},\"sameAs\":[\"https:\\\/\\\/www.facebook.com\\\/internationalhairfair\",\"https:\\\/\\\/instagram.com\\\/chinainternationalhairfair\",\"https:\\\/\\\/ca.linkedin.com\\\/company\\\/international-hair-fair\"]}]}<\/script>\n<!-- \/ Yoast SEO plugin. -->","yoast_head_json":{"title":"Dongguan Feierbo New Material Technology Co., Ltd. - OFFICIAL China Hair Expo 2026","robots":{"index":"index","follow":"follow","max-snippet":"max-snippet:-1","max-image-preview":"max-image-preview:large","max-video-preview":"max-video-preview:-1"},"canonical":"https:\/\/internationalhairfair.com\/es\/producto\/dongguan-feierbo-new-material-technology-co-ltd\/","og_locale":"es_ES","og_type":"article","og_title":"Dongguan Feierbo New Material Technology Co., Ltd. - OFFICIAL China Hair Expo 2026","og_description":"Dongguan Feierbo New Material Technology Co., Ltd. is located in Dongguan City, Guangdong Province, China. We are a large factory specializing in the research and development, production and sales of polyester fiber, nylon fiber and polypropylene fiber. Our products are [&hellip;]","og_url":"https:\/\/internationalhairfair.com\/es\/producto\/dongguan-feierbo-new-material-technology-co-ltd\/","og_site_name":"OFFICIAL China Hair Expo 2026","article_publisher":"https:\/\/www.facebook.com\/internationalhairfair","og_image":[{"width":960,"height":640,"url":"https:\/\/internationalhairfair.com\/wp-content\/uploads\/2023\/03\/21232017_387032875046876_5991574462003670018_n2-1.jpg","type":"image\/jpeg"}],"twitter_card":"summary_large_image","schema":{"@context":"https:\/\/schema.org","@graph":[{"@type":"WebPage","@id":"https:\/\/internationalhairfair.com\/product\/dongguan-feierbo-new-material-technology-co-ltd\/","url":"https:\/\/internationalhairfair.com\/product\/dongguan-feierbo-new-material-technology-co-ltd\/","name":"Dongguan Feierbo New Material Technology Co., Ltd. - OFFICIAL China Hair Expo 2026","isPartOf":{"@id":"https:\/\/internationalhairfair.com\/#website"},"datePublished":"2025-08-08T09:59:44+00:00","breadcrumb":{"@id":"https:\/\/internationalhairfair.com\/product\/dongguan-feierbo-new-material-technology-co-ltd\/#breadcrumb"},"inLanguage":"es","potentialAction":[{"@type":"ReadAction","target":["https:\/\/internationalhairfair.com\/product\/dongguan-feierbo-new-material-technology-co-ltd\/"]}]},{"@type":"BreadcrumbList","@id":"https:\/\/internationalhairfair.com\/product\/dongguan-feierbo-new-material-technology-co-ltd\/#breadcrumb","itemListElement":[{"@type":"ListItem","position":1,"name":"Home","item":"https:\/\/internationalhairfair.com\/"},{"@type":"ListItem","position":2,"name":"Products","item":"https:\/\/internationalhairfair.com\/shop\/"},{"@type":"ListItem","position":3,"name":"Dongguan Feierbo New Material Technology Co., Ltd."}]},{"@type":"WebSite","@id":"https:\/\/internationalhairfair.com\/#website","url":"https:\/\/internationalhairfair.com\/","name":"Sitio web OFICIAL de la Feria Internacional del Cabello de China 2025","description":"\u00a1La feria de peluquer\u00eda m\u00e1s grande del mundo!","publisher":{"@id":"https:\/\/internationalhairfair.com\/#organization"},"potentialAction":[{"@type":"SearchAction","target":{"@type":"EntryPoint","urlTemplate":"https:\/\/internationalhairfair.com\/?s={search_term_string}"},"query-input":{"@type":"PropertyValueSpecification","valueRequired":true,"valueName":"search_term_string"}}],"inLanguage":"es"},{"@type":"Organization","@id":"https:\/\/internationalhairfair.com\/#organization","name":"Sitio web OFICIAL de la Feria Internacional del Cabello de China 2025","url":"https:\/\/internationalhairfair.com\/","logo":{"@type":"ImageObject","inLanguage":"es","@id":"https:\/\/internationalhairfair.com\/#\/schema\/logo\/image\/","url":"https:\/\/internationalhairfair.com\/wp-content\/uploads\/2023\/03\/ms-icon-70x70-2.png","contentUrl":"https:\/\/internationalhairfair.com\/wp-content\/uploads\/2023\/03\/ms-icon-70x70-2.png","width":70,"height":70,"caption":"OFFICIAL website China International Hair Fair 2025"},"image":{"@id":"https:\/\/internationalhairfair.com\/#\/schema\/logo\/image\/"},"sameAs":["https:\/\/www.facebook.com\/internationalhairfair","https:\/\/instagram.com\/chinainternationalhairfair","https:\/\/ca.linkedin.com\/company\/international-hair-fair"]}]}},"_links":{"self":[{"href":"https:\/\/internationalhairfair.com\/es\/wp-json\/wp\/v2\/product\/9049","targetHints":{"allow":["GET"]}}],"collection":[{"href":"https:\/\/internationalhairfair.com\/es\/wp-json\/wp\/v2\/product"}],"about":[{"href":"https:\/\/internationalhairfair.com\/es\/wp-json\/wp\/v2\/types\/product"}],"replies":[{"embeddable":true,"href":"https:\/\/internationalhairfair.com\/es\/wp-json\/wp\/v2\/comments?post=9049"}],"wp:attachment":[{"href":"https:\/\/internationalhairfair.com\/es\/wp-json\/wp\/v2\/media?parent=9049"}],"wp:term":[{"taxonomy":"product_brand","embeddable":true,"href":"https:\/\/internationalhairfair.com\/es\/wp-json\/wp\/v2\/product_brand?post=9049"},{"taxonomy":"product_cat","embeddable":true,"href":"https:\/\/internationalhairfair.com\/es\/wp-json\/wp\/v2\/product_cat?post=9049"},{"taxonomy":"product_tag","embeddable":true,"href":"https:\/\/internationalhairfair.com\/es\/wp-json\/wp\/v2\/product_tag?post=9049"},{"taxonomy":"country","embeddable":true,"href":"https:\/\/internationalhairfair.com\/es\/wp-json\/wp\/v2\/country?post=9049"}],"curies":[{"name":"wp","href":"https:\/\/api.w.org\/{rel}","templated":true}]}}